{"id":11364,"date":"2024-08-15T11:50:15","date_gmt":"2024-08-15T09:50:15","guid":{"rendered":"https:\/\/www.cosmundus.com\/?page_id=11364"},"modified":"2024-10-07T10:56:11","modified_gmt":"2024-10-07T08:56:11","slug":"ogliastra","status":"publish","type":"page","link":"https:\/\/www.cosmundus.com\/it\/destinations\/ogliastra\/","title":{"rendered":"Ogliastra"},"content":{"rendered":"<p class=\"has-text-align-right\">&lt;&lt; <a href=\"https:\/\/www.cosmundus.com\/it\/atlas\/europe\/southern-europe\/italy\/insular-italy\/sicily\/\" class=\"ek-link\"><\/a><a href=\"https:\/\/www.cosmundus.com\/it\/atlas\/europe\/southern-europe\/italy\/insular-italy\/sardinia\/\" class=\"ek-link\">Sardegna<\/a><\/p>\n\n\n\n<p>L'Ogliastra \u00e8 una regione storica nella Sardegna centro-orientale, un territorio occupato principalmente da colline e montagne vicino alla costa. La zona \u00e8 nota soprattutto per il suo splendido ambiente naturale.<\/p>\n\n\n\n<div class=\"wp-block-group\"><div class=\"wp-block-group__inner-container is-layout-constrained wp-block-group-is-layout-constrained\"><div style=\"border: 1px solid #8ed1fc; border-radius: 0%; background-color: inherit; \" class=\"ub-styled-box ub-bordered-box wp-block-ub-styled-box\" id=\"ub-styled-box-53f56c27-9d87-405d-be78-eec40bb0ac13\">\n<p class=\"has-medium-font-size\" id=\"ub-styled-box-bordered-content-2498ef70-f5a9-4c52-81cd-b1af4a9e1b94\">Posti da vedere nell'Ogliastra<\/p>\n\n\n<div class=\"wp-block-aioseo-table-of-contents\"><ul><li><a class=\"aioseo-toc-item\" href=\"#tortoli\">Tortol\u00ec<\/a><ul><li><a class=\"aioseo-toc-item\" href=\"#red-rocks-of-arbatax\">Rocce Rosse di Arbatax<\/a><\/li><li><a class=\"aioseo-toc-item\" href=\"#su-logu-de-siscultura-museum\">Museo Su Logu de S\u2019Iscultura<\/a><\/li><li><a class=\"aioseo-toc-item\" href=\"#nuraghe-sortali-e-su-monti\">Nuraghe S&#8217;Ortali &#8216;e su Monti<\/a><\/li><\/ul><\/li><li><a class=\"aioseo-toc-item\" href=\"#lanusei\">Lanusei<\/a><ul><li><a class=\"aioseo-toc-item\" href=\"#archaeological-park-of-bosco-selene\">Parco Archeologico di Bosco Seleni<\/a><\/li><\/ul><\/li><li><a class=\"aioseo-toc-item\" href=\"#ulassai\">Ulassai<\/a><ul><li><a class=\"aioseo-toc-item\" href=\"#su-marmuri-cave\">Grotta di Su Marmuri<\/a><\/li><li><a class=\"aioseo-toc-item\" href=\"#lequarci-waterfalls\">Cascate di Lequarci<\/a><\/li><\/ul><\/li><li><a class=\"aioseo-toc-item\" href=\"#urzulei\">Urzulei<\/a><ul><li><a class=\"aioseo-toc-item\" href=\"#gorropu-canyon\">Gola di Gorropu<\/a><\/li><\/ul><\/li><\/ul><\/div>\n\n<\/div><\/div><\/div>\n\n\n\n<h2 class=\"wp-block-heading\" id=\"tortoli\"><strong>Tortol\u00ec<\/strong><\/h2>\n\n\n\n<p>Tortol\u00ec \u00e8 il citt\u00e0 principale dell'Ogliastra, situato nei pressi della costa orientale della Sardegna. Fondata in epoca antica, fu abitata dai Fenici e dai Romani ed \u00e8 sempre stata un piccolo centro regionale. Tortol\u00ec comprende anche il vicino porto e localit\u00e0 balneare di Arbatax.<\/p>\n\n\n<div class=\"wp-block-ub-divider ub_divider ub-divider-orientation-horizontal\" id=\"ub_divider_90c90569-dc9f-4b81-b59c-02f8aff118d7\"><div class=\"ub_divider_wrapper\" style=\"position: relative; margin-bottom: 2px; width: 100%; height: 2px; \" data-divider-alignment=\"center\"><div class=\"ub_divider_line\" style=\"border-top: 2px solid #ccc; margin-top: 2px; \"><\/div><\/div><\/div>\n\n\n<h4 class=\"wp-block-heading\" id=\"red-rocks-of-arbatax\"><strong>Rocce Rosse di Arbatax<\/strong><\/h4>\n\n\n\n<p>Le Rocce Rosse di Arbatax sono una formazione rocciosa situata sulla costa di Arbatax, vicino al porto. Per la loro forma particolare e il colore rosso, queste rocce sono una popolare attrazione turistica e il principale punto di riferimento di Arbatax.<\/p>\n\n\n\n<div class=\"wp-block-columns is-layout-flex wp-container-core-columns-is-layout-9d6595d7 wp-block-columns-is-layout-flex\">\n<div class=\"wp-block-column is-layout-flow wp-block-column-is-layout-flow\" style=\"flex-basis:85%\">\n<p>Indirizzo: Via Lungomare, 08048 Arbatax NU<br>Coordinate: 39.9392, 9.7094<\/p>\n<\/div>\n\n\n\n<div class=\"wp-block-column is-layout-flow wp-block-column-is-layout-flow\" style=\"flex-basis:15%\">\n<p class=\"has-text-align-right\"><a href=\"https:\/\/maps.app.goo.gl\/8gv2KUccgZdKL7MT6\" target=\"_blank\" aria-label=\" (opens in a new tab)\" rel=\"noreferrer noopener\" class=\"ek-link\">Google Maps<\/a><\/p>\n<\/div>\n<\/div>\n\n\n<div class=\"wp-block-ub-divider ub_divider ub-divider-orientation-horizontal\" id=\"ub_divider_3ce79bec-7b51-4be2-bf89-e0ed2fea0dc8\"><div class=\"ub_divider_wrapper\" style=\"position: relative; margin-bottom: 2px; width: 100%; height: 2px; \" data-divider-alignment=\"center\"><div class=\"ub_divider_line\" style=\"border-top: 2px solid #ccc; margin-top: 2px; \"><\/div><\/div><\/div>\n\n\n<h4 class=\"wp-block-heading\" id=\"su-logu-de-siscultura-museum\"><strong><strong>Museo Su Logu de S\u2019Iscultura<\/strong><\/strong><\/h4>\n\n\n\n<p class=\"translation-block\">Il Museo Su Logu de S\u2019Iscultura \u00e8 un museo all'aperto di arte contemporanea a Tortol\u00ec. Il museo comprende varie sculture sparse in tutta la citt\u00e0, ma presenta anche un'area utilizzata per mostre temporanee.<\/p>\n\n\n\n<div class=\"wp-block-columns is-layout-flex wp-container-core-columns-is-layout-9d6595d7 wp-block-columns-is-layout-flex\">\n<div class=\"wp-block-column is-layout-flow wp-block-column-is-layout-flow\" style=\"flex-basis:85%\">\n<p>Indirizzo: Corso Umberto, 36, 08048 Tortol\u00ec NU<br>Coordinate: 39.9263, 9.6584<\/p>\n<\/div>\n\n\n\n<div class=\"wp-block-column is-layout-flow wp-block-column-is-layout-flow\" style=\"flex-basis:15%\">\n<p class=\"has-text-align-right\"><a href=\"https:\/\/maps.app.goo.gl\/EvCPPkw2EkrXQoE69\" target=\"_blank\" aria-label=\" (opens in a new tab)\" rel=\"noreferrer noopener\" class=\"ek-link\">Google Maps<\/a><\/p>\n<\/div>\n<\/div>\n\n\n<div class=\"wp-block-ub-divider ub_divider ub-divider-orientation-horizontal\" id=\"ub_divider_548ffdb3-ebfe-49e7-b595-a2696d06b016\"><div class=\"ub_divider_wrapper\" style=\"position: relative; margin-bottom: 2px; width: 100%; height: 2px; \" data-divider-alignment=\"center\"><div class=\"ub_divider_line\" style=\"border-top: 2px solid #ccc; margin-top: 2px; \"><\/div><\/div><\/div>\n\n\n<h4 class=\"wp-block-heading\" id=\"nuraghe-sortali-e-su-monti\"><strong><strong>Nuraghe S&#8217;Ortali &#8216;e su Monti<\/strong><\/strong><\/h4>\n\n\n\n<p>Il Nuraghe S\u2019Ortali \u2018e su Monti \u00e8 un antico nuraghe situato appena a sud di Tortol\u00ec. La struttura fu eretta dalla civilt\u00e0 nuragica durante il secondo millennio a.C. e presenta una torre centrale circondata dalle rovine di altri edifici.<\/p>\n\n\n\n<div class=\"wp-block-columns is-layout-flex wp-container-core-columns-is-layout-9d6595d7 wp-block-columns-is-layout-flex\">\n<div class=\"wp-block-column is-layout-flow wp-block-column-is-layout-flow\" style=\"flex-basis:85%\">\n<p>Indirizzo: Str. Consorziale Cortiaccas, 08048 Tortol\u00ec NU<br>Coordinate: 39.9112, 9.6684<\/p>\n<\/div>\n\n\n\n<div class=\"wp-block-column is-layout-flow wp-block-column-is-layout-flow\" style=\"flex-basis:15%\">\n<p class=\"has-text-align-right\"><a href=\"https:\/\/maps.app.goo.gl\/BrV6W6sKDpBiP77f8\" target=\"_blank\" aria-label=\" (opens in a new tab)\" rel=\"noreferrer noopener\" class=\"ek-link\">Google Maps<\/a><\/p>\n<\/div>\n<\/div>\n\n\n<div style=\"margin-top: var(--wp--preset--spacing--40); margin-bottom: var(--wp--preset--spacing--40); \" class=\"wp-block-ub-divider ub_divider ub-divider-orientation-horizontal\" id=\"ub_divider_06e6b85e-638c-44aa-8a07-2389f1f4fa53\"><div class=\"ub_divider_wrapper\" style=\"position: relative; margin-bottom: 10px; width: 100%; height: 10px; \" data-divider-alignment=\"center\"><div class=\"ub_divider_line\" style=\"border-top: 2px solid #000000; margin-top: 10px; \"><\/div><\/div><\/div>\n\n\n<h2 class=\"wp-block-heading\" id=\"lanusei\"><strong>Lanusei<\/strong><\/h2>\n\n\n\n<p>Lanusei \u00e8 una piccola citt\u00e0 dell'Ogliastra, situata ai piedi delle montagne a ovest di Tortol\u00ec. La citt\u00e0 \u00e8 stata abitata fin dall'antichit\u00e0 e presenta alcuni siti storici.<\/p>\n\n\n<div class=\"wp-block-ub-divider ub_divider ub-divider-orientation-horizontal\" id=\"ub_divider_3e458ea4-3f57-40f0-824e-10b981b5d933\"><div class=\"ub_divider_wrapper\" style=\"position: relative; margin-bottom: 2px; width: 100%; height: 2px; \" data-divider-alignment=\"center\"><div class=\"ub_divider_line\" style=\"border-top: 2px solid #ccc; margin-top: 2px; \"><\/div><\/div><\/div>\n\n\n<h4 class=\"wp-block-heading\" id=\"archaeological-park-of-bosco-selene\"><strong>Parco Archeologico di Bosco Seleni<\/strong><\/h4>\n\n\n\n<p class=\"translation-block\">Il Parco Archeologico di Bosco Seleni \u00e8 un sito archeologico situato sulle montagne vicino a Lanusei. Il sito comprende varie rovine di edifici eretti dalla civilt\u00e0 nuragica, tra cui un nuraghe, un pozzo sacro e alcune tombe, tutti situati in una rigogliosa foresta.<\/p>\n\n\n\n<div class=\"wp-block-columns is-layout-flex wp-container-core-columns-is-layout-9d6595d7 wp-block-columns-is-layout-flex\">\n<div class=\"wp-block-column is-layout-flow wp-block-column-is-layout-flow\" style=\"flex-basis:85%\">\n<p>Indirizzo: Bosco Seleni, 08045 Lanusei NU<br>Coordinate: 39.8772, 9.5190<\/p>\n<\/div>\n\n\n\n<div class=\"wp-block-column is-layout-flow wp-block-column-is-layout-flow\" style=\"flex-basis:15%\">\n<p class=\"has-text-align-right\"><a href=\"https:\/\/maps.app.goo.gl\/H89PaSm1sMxu1fKUA\" target=\"_blank\" aria-label=\" (opens in a new tab)\" rel=\"noreferrer noopener\" class=\"ek-link\">Google Maps<\/a><\/p>\n<\/div>\n<\/div>\n\n\n<div style=\"margin-top: var(--wp--preset--spacing--40); margin-bottom: var(--wp--preset--spacing--40); \" class=\"wp-block-ub-divider ub_divider ub-divider-orientation-horizontal\" id=\"ub_divider_130a638c-f9b7-45af-abb0-72b293d6f45d\"><div class=\"ub_divider_wrapper\" style=\"position: relative; margin-bottom: 10px; width: 100%; height: 10px; \" data-divider-alignment=\"center\"><div class=\"ub_divider_line\" style=\"border-top: 2px solid #000000; margin-top: 10px; \"><\/div><\/div><\/div>\n\n\n<h2 class=\"wp-block-heading\" id=\"ulassai\"><strong>Ulassai<\/strong><\/h2>\n\n\n\n<p>Ulassai \u00e8 un piccolo paese situato tra le montagne dell'Ogliastra, a sud di Lanusei. Il paese \u00e8 noto per i suoi siti naturali, tra cui una grotta e una cascata.<\/p>\n\n\n<div class=\"wp-block-ub-divider ub_divider ub-divider-orientation-horizontal\" id=\"ub_divider_7bbfcd00-c544-433d-a996-2fc2d79cc3b0\"><div class=\"ub_divider_wrapper\" style=\"position: relative; margin-bottom: 2px; width: 100%; height: 2px; \" data-divider-alignment=\"center\"><div class=\"ub_divider_line\" style=\"border-top: 2px solid #ccc; margin-top: 2px; \"><\/div><\/div><\/div>\n\n\n<h4 class=\"wp-block-heading\" id=\"su-marmuri-cave\"><strong><strong>Grotta di Su Marmuri<\/strong><\/strong><\/h4>\n\n\n\n<p class=\"translation-block\">La Grotta di Su Marmuri \u00e8 un grande sistema di grotte situato sulle montagne che dominano Ulassai. La vasta grotta presenta imponenti e peculiari formazioni rocciose ed \u00e8 una meta popolare per i turisti.<\/p>\n\n\n\n<div class=\"wp-block-columns is-layout-flex wp-container-core-columns-is-layout-9d6595d7 wp-block-columns-is-layout-flex\">\n<div class=\"wp-block-column is-layout-flow wp-block-column-is-layout-flow\" style=\"flex-basis:85%\">\n<p>Indirizzo: Piazzale Grotte sui Marmuri, 08040 Ulassai NU<br>Coordinate: 39.8154, 9.4879<\/p>\n<\/div>\n\n\n\n<div class=\"wp-block-column is-layout-flow wp-block-column-is-layout-flow\" style=\"flex-basis:15%\">\n<p class=\"has-text-align-right\"><a href=\"https:\/\/maps.app.goo.gl\/JymGU7BbMMzfycki9\" target=\"_blank\" aria-label=\" (opens in a new tab)\" rel=\"noreferrer noopener\" class=\"ek-link\">Google Maps<\/a><\/p>\n<\/div>\n<\/div>\n\n\n<div class=\"wp-block-ub-divider ub_divider ub-divider-orientation-horizontal\" id=\"ub_divider_1aab4016-ed01-4164-8c1b-a835e6ce58b7\"><div class=\"ub_divider_wrapper\" style=\"position: relative; margin-bottom: 2px; width: 100%; height: 2px; \" data-divider-alignment=\"center\"><div class=\"ub_divider_line\" style=\"border-top: 2px solid #ccc; margin-top: 2px; \"><\/div><\/div><\/div>\n\n\n<h4 class=\"wp-block-heading\" id=\"lequarci-waterfalls\"><strong><strong>Cascate di Lequarci<\/strong><\/strong><\/h4>\n\n\n\n<p class=\"translation-block\">Le Cascate di Lequarci sono un vasto sistema di cascate situato tra le montagne a ovest di Ulassai. Sono le cascate pi\u00f9 grandi e pi\u00f9 notevoli della Sardegna e le loro dimensioni cambiano in base alla stagione e alla quantit\u00e0 di pioggia caduta sulle montagne circostanti.<\/p>\n\n\n\n<div class=\"wp-block-columns is-layout-flex wp-container-core-columns-is-layout-9d6595d7 wp-block-columns-is-layout-flex\">\n<div class=\"wp-block-column is-layout-flow wp-block-column-is-layout-flow\" style=\"flex-basis:85%\">\n<p>Indirizzo: Loc. Santa Barbara, 08040 Ulassai NU<br>Coordinate: 39.7928, 9.4517<\/p>\n<\/div>\n\n\n\n<div class=\"wp-block-column is-layout-flow wp-block-column-is-layout-flow\" style=\"flex-basis:15%\">\n<p class=\"has-text-align-right\"><a href=\"https:\/\/maps.app.goo.gl\/LHgeEycSFrNpCGob6\" target=\"_blank\" aria-label=\" (opens in a new tab)\" rel=\"noreferrer noopener\" class=\"ek-link\">Google Maps<\/a><\/p>\n<\/div>\n<\/div>\n\n\n<div style=\"margin-top: var(--wp--preset--spacing--40); margin-bottom: var(--wp--preset--spacing--40); \" class=\"wp-block-ub-divider ub_divider ub-divider-orientation-horizontal\" id=\"ub_divider_a032f960-3492-4592-a630-8846c2c27151\"><div class=\"ub_divider_wrapper\" style=\"position: relative; margin-bottom: 10px; width: 100%; height: 10px; \" data-divider-alignment=\"center\"><div class=\"ub_divider_line\" style=\"border-top: 2px solid #000000; margin-top: 10px; \"><\/div><\/div><\/div>\n\n\n<h2 class=\"wp-block-heading\" id=\"urzulei\"><strong>Urzulei<\/strong><\/h2>\n\n\n\n<p>Urzulei \u00e8 una piccola cittadina situata ai piedi delle montagne della Sardegna orientale. Il paese ospita alcune antiche rovine, ma \u00e8 pi\u00f9 noto per un canyon nelle vicinanze.<\/p>\n\n\n<div class=\"wp-block-ub-divider ub_divider ub-divider-orientation-horizontal\" id=\"ub_divider_f08c4b89-b8bc-4830-b8ae-be69cbdfb2f6\"><div class=\"ub_divider_wrapper\" style=\"position: relative; margin-bottom: 2px; width: 100%; height: 2px; \" data-divider-alignment=\"center\"><div class=\"ub_divider_line\" style=\"border-top: 2px solid #ccc; margin-top: 2px; \"><\/div><\/div><\/div>\n\n\n<h4 class=\"wp-block-heading\" id=\"gorropu-canyon\"><strong><strong>Gola di Gorropu<\/strong><\/strong><\/h4>\n\n\n\n<p class=\"translation-block\">La Gola di Gorropu \u00e8 un lungo canyon scavato tra le montagne del massiccio del Supramonte nella Sardegna orientale. Questo \u00e8 il canyon pi\u00f9 profondo d'Italia e uno dei pi\u00f9 profondi d'Europa, e presenta vari sentieri e alcune rovine archeologiche. Il canyon \u00e8 famoso per il suo splendido ambiente ed \u00e8 una popolare destinazione turistica.<\/p>\n\n\n\n<div class=\"wp-block-columns is-layout-flex wp-container-core-columns-is-layout-9d6595d7 wp-block-columns-is-layout-flex\">\n<div class=\"wp-block-column is-layout-flow wp-block-column-is-layout-flow\" style=\"flex-basis:85%\">\n<p>Indirizzo: Localit\u00e0 Gorropu, 08040 Urzulei NU<br>Coordinate: 40.1850, 9.5022<\/p>\n<\/div>\n\n\n\n<div class=\"wp-block-column is-layout-flow wp-block-column-is-layout-flow\" style=\"flex-basis:15%\">\n<p class=\"has-text-align-right\"><a href=\"https:\/\/maps.app.goo.gl\/bN6dYWBv3QE78HPp7\" target=\"_blank\" aria-label=\" (opens in a new tab)\" rel=\"noreferrer noopener\" class=\"ek-link\">Google Maps<\/a><\/p>\n<\/div>\n<\/div>","protected":false},"excerpt":{"rendered":"<p>&lt;&lt; Sardinia Ogliastra is a historical region in central-eastern Sardinia, a territory mostly occupied by hills and mountains near the coast. The area is best known for its beautiful natural environment. Tortol\u00ec Tortol\u00ec is a the main town of Ogliastra, located near the eastern coast of Sardinia. Founded in ancient times, it was inhabited by the Phoenicians and the Romans and has always been a small regional center. Tortol\u00ec also includes the nearby port and seaside resort of Arbatax. Red Rocks of Arbatax The Red Rocks of Arbatax are a rock formation located on the coast of Arbatax, near the port. Because of their peculiar shape and red color, these rocks are a popular tourist attraction, and the main landmark in Arbatax. Address: Via Lungomare, 08048 Arbatax NUCoordinates: 39.9392, 9.7094 Google Maps Su Logu de S&#8217;Iscultura Museum The Su Logu de S&#8217;Iscultura Museum (Museo Su Logu de S&#8217;Iscultura) is an open-air museum of contemporary art in Tortol\u00ec. The museum includes various sculptures scattered all around the town, but also features an area used for temporary exhibitions. Address: Corso Umberto, 36, 08048 Tortol\u00ec NUCoordinates: 39.9263, 9.6584 Google Maps Nuraghe S&#8217;Ortali &#8216;e su Monti The Nuraghe S&#8217;Ortali &#8216;e su Monti is an ancient nuraghe located just south of Tortol\u00ec. The structure was erected by the Nuragic civilization during the 2nd millennium BCE, and features a central tower surrounded by the ruins of other buildings. Address: Str. Consorziale Cortiaccas, 08048 Tortol\u00ec NUCoordinates: 39.9112, 9.6684 Google Maps Lanusei Lanusei is a small town in Ogliastra, located at the foot of the mountains west of Tortol\u00ec. The town has been inhabited since ancient times, and features some historic sites. Archaeological Park of Bosco Seleni The Archaeological Park of Bosco Seleni (Parco Archeologico di Bosco Seleni) is an archaeological site located in the mountains near Lanusei. The site includes various ruins of buildings erected by the Nuragic civilization, including a nuraghe, a holy well, and some tombs, all located among a lush forest. Address: Bosco Seleni, 08045 Lanusei NUCoordinates: 39.8772, 9.5190 Google Maps Ulassai Ulassai is a small town located among the mountains of Ogliastra, south of Lanusei. The town is known for its natural sites, including a cave and a waterfall. Su Marmuri Cave The Su Marmuri Cave (Grotta di Su Marmuri) is a large cave system located on the mountains overlooking Ulassai. The vast cave features imposing and peculiar rock formations, and it is a popular destination for tourists. Address: Piazzale Grotte sui Marmuri, 08040 Ulassai NUCoordinates: 39.8154, 9.4879 Google Maps Lequarci Waterfalls The Lequarci Waterfalls (Cascate di Lequarci) are a vast system of waterfalls located among the mountains west of Ulassai. These are the largest and most notable waterfalls in Sardinia, and their size changes based on the season and the amount of rain that fell in the surrounding mountains. Address: Loc. Santa Barbara, 08040 Ulassai NUCoordinates: 39.7928, 9.4517 Google Maps Urzulei Urzulei is a tiny town located at the foot of the mountains of eastern Sardinia. The town houses some ancient ruins, but it is best known for a nearby canyon. Gorropu Canyon The Gorropu Canyon (Gola di Gorropu) is a long canyon carved among the mountains of the Supramonte massif in eastern Sardinia. This is the deepest canyon in Italy, and one of the deepest in Europe, and it features various footpaths and a few archaeological ruins. The canyon is famous for its beautiful environment and it is a popular tourist destination. Address: Localit\u00e0 Gorropu, 08040 Urzulei NUCoordinates: 40.1850, 9.5022 Google Maps<\/p>","protected":false},"author":1,"featured_media":0,"parent":932,"menu_order":0,"comment_status":"closed","ping_status":"closed","template":"","meta":{"_editorskit_title_hidden":false,"_editorskit_reading_time":0,"_editorskit_is_block_options_detached":false,"_editorskit_block_options_position":"{}","om_disable_all_campaigns":false,"_uag_custom_page_level_css":"","advgb_blocks_editor_width":"","advgb_blocks_columns_visual_guide":"","_monsterinsights_skip_tracking":false,"_monsterinsights_sitenote_active":false,"_monsterinsights_sitenote_note":"","_monsterinsights_sitenote_category":0,"footnotes":""},"class_list":["post-11364","page","type-page","status-publish","hentry"],"aioseo_notices":[],"featured_image_src":null,"uagb_featured_image_src":{"full":false,"thumbnail":false,"medium":false,"medium_large":false,"large":false,"1536x1536":false,"2048x2048":false,"trp-custom-language-flag":false,"xs-thumb":false,"post-thumbnail":false,"minimalistblogger-grid":false,"minimalistblogger-slider":false,"minimalistblogger-small":false},"uagb_author_info":{"display_name":"Stefano Cammisa","author_link":"https:\/\/www.cosmundus.com\/it\/author\/stefano-cammisa\/"},"uagb_comment_info":0,"uagb_excerpt":"&lt;&lt; Sardinia Ogliastra is a historical region in central-eastern Sardinia, a territory mostly occupied by hills and mountains near the coast. The area is best known for its beautiful natural environment. Tortol\u00ec Tortol\u00ec is a the main town of Ogliastra, located near the eastern coast of Sardinia. Founded in ancient times, it was inhabited by&hellip;","coauthors":[],"author_meta":{"author_link":"https:\/\/www.cosmundus.com\/it\/author\/stefano-cammisa\/","display_name":"Stefano Cammisa"},"relative_dates":{"created":"Pubblicato 2 anni fa","modified":"Aggiornato 2 anni fa"},"absolute_dates":{"created":"Pubblicato il 15 Agosto 2024","modified":"Aggiornato il 7 Ottobre 2024"},"absolute_dates_time":{"created":"Pubblicato il 15 Agosto 2024 11:50 am","modified":"Aggiornato il 7 Ottobre 2024 10:56 am"},"featured_img_caption":"","featured_img":false,"series_order":"","_links":{"self":[{"href":"https:\/\/www.cosmundus.com\/it\/wp-json\/wp\/v2\/pages\/11364","targetHints":{"allow":["GET"]}}],"collection":[{"href":"https:\/\/www.cosmundus.com\/it\/wp-json\/wp\/v2\/pages"}],"about":[{"href":"https:\/\/www.cosmundus.com\/it\/wp-json\/wp\/v2\/types\/page"}],"author":[{"embeddable":true,"href":"https:\/\/www.cosmundus.com\/it\/wp-json\/wp\/v2\/users\/1"}],"replies":[{"embeddable":true,"href":"https:\/\/www.cosmundus.com\/it\/wp-json\/wp\/v2\/comments?post=11364"}],"version-history":[{"count":4,"href":"https:\/\/www.cosmundus.com\/it\/wp-json\/wp\/v2\/pages\/11364\/revisions"}],"predecessor-version":[{"id":11933,"href":"https:\/\/www.cosmundus.com\/it\/wp-json\/wp\/v2\/pages\/11364\/revisions\/11933"}],"up":[{"embeddable":true,"href":"https:\/\/www.cosmundus.com\/it\/wp-json\/wp\/v2\/pages\/932"}],"wp:attachment":[{"href":"https:\/\/www.cosmundus.com\/it\/wp-json\/wp\/v2\/media?parent=11364"}],"curies":[{"name":"wp","href":"https:\/\/api.w.org\/{rel}","templated":true}]}}