{"id":11300,"date":"2024-10-07T10:48:27","date_gmt":"2024-10-07T08:48:27","guid":{"rendered":"https:\/\/www.cosmundus.com\/?page_id=11300"},"modified":"2024-10-07T10:48:28","modified_gmt":"2024-10-07T08:48:28","slug":"aegadian-islands-and-pantelleria","status":"publish","type":"page","link":"https:\/\/www.cosmundus.com\/it\/destinations\/aegadian-islands-and-pantelleria\/","title":{"rendered":"Isole Egadi e Pantelleria"},"content":{"rendered":"<p class=\"has-text-align-right\">&lt;&lt; <a href=\"https:\/\/www.cosmundus.com\/it\/atlas\/europe\/southern-europe\/italy\/insular-italy\/sicily\/\" class=\"ek-link\">Sicilia<\/a><\/p>\n\n\n\n<p class=\"translation-block\">La Provincia di <a href=\"https:\/\/www.cosmundus.com\/it\/destinations\/western-sicily\/#trapani\" target=\"_self\">Trapani<\/a> comprende le isole Egadi, situate appena al largo della costa occidentale della Sicilia, e Pantelleria, un'isola situata tra la Sicilia e la Tunisia. Queste isole sono famose destinazioni turistiche e sono note per il loro splendido ambiente naturale.<\/p>\n\n\n\n<div class=\"wp-block-group\"><div class=\"wp-block-group__inner-container is-layout-constrained wp-block-group-is-layout-constrained\"><div style=\"border: 1px solid #8ed1fc; border-radius: 0%; background-color: inherit; \" class=\"ub-styled-box ub-bordered-box wp-block-ub-styled-box\" id=\"ub-styled-box-10be6024-a5c8-4a19-88b3-d7d3df6158e6\">\n<p class=\"has-medium-font-size\" id=\"ub-styled-box-bordered-content-54aa7ecb-f9c7-4b29-b70a-6f0bdffd1d97\">Posti da vedere nelle Isole Egadi e a Pantelleria<\/p>\n\n\n<div class=\"wp-block-aioseo-table-of-contents\"><ul><li><a class=\"aioseo-toc-item\" href=\"#aegadian-islands\">Isole Egadi<\/a><ul><li><a class=\"aioseo-toc-item\" href=\"#favignana\">\u272a Favignana<\/a><\/li><li><a class=\"aioseo-toc-item\" href=\"#levanzo\">Levanzo<\/a><\/li><li><a class=\"aioseo-toc-item\" href=\"#marettimo\">Marettimo<\/a><\/li><\/ul><\/li><li><a class=\"aioseo-toc-item\" href=\"#pantelleria\">Pantelleria<\/a><ul><li><a class=\"aioseo-toc-item\" href=\"#pantelleria-castle\">Castello di Pantelleria<\/a><\/li><li><a class=\"aioseo-toc-item\" href=\"#specchio-di-venere\">Specchio di Venere<\/a><\/li><li><a class=\"aioseo-toc-item\" href=\"#archaeological-park-of-the-sesi\">Parco Archeologico dei Sesi<\/a><\/li><\/ul><\/li><\/ul><\/div>\n\n<\/div><\/div><\/div>\n\n\n\n<h2 class=\"wp-block-heading\" id=\"aegadian-islands\"><strong>Isole Egadi<\/strong><\/h2>\n\n\n\n<p class=\"translation-block\">Le Isole Egadi sono un arcipelago situato appena al largo della costa occidentale della Sicilia e fanno parte della Provincia di Trapani. Queste isole sono state abitate fin dall'antichit\u00e0 e sono state occupate pi\u00f9 volte nel corso della loro storia. L'arcipelago \u00e8 stato di propriet\u00e0 della famiglia Pallavicini-Rusconi di <a href=\"https:\/\/www.cosmundus.com\/it\/destinations\/genoa\/\" class=\"ek-link\" target=\"_self\">Genova<\/a> fino al 1874. Ora le isole sono una famosa meta turistica, in particolare l'isola principale di Favignana.<\/p>\n\n\n<div class=\"wp-block-ub-divider ub_divider ub-divider-orientation-horizontal\" id=\"ub_divider_ef9cd9e3-13e6-4d57-892c-c8d114a05f85\"><div class=\"ub_divider_wrapper\" style=\"position: relative; margin-bottom: 2px; width: 100%; height: 2px; \" data-divider-alignment=\"center\"><div class=\"ub_divider_line\" style=\"border-top: 2px solid #ccc; margin-top: 2px; \"><\/div><\/div><\/div>\n\n\n<h4 class=\"wp-block-heading\" id=\"favignana\"><strong>\u272a Favignana<\/strong><\/h4>\n\n\n\n<p class=\"translation-block\">Favignana \u00e8 la pi\u00f9 grande delle Isole Egadi e funge da centro amministrativo dell'arcipelago. Quest'isola \u00e8 stata un avamposto commerciale e un centro di pesca per molto tempo, e ora \u00e8 una famosa meta estiva nota per la bellezza delle sue spiagge e dell'ambiente naturale. Le principali attrazioni di Favignana includono varie grotte e diverse spiagge, cos\u00ec come alcuni siti storici come il <strong>Castello di San Giacomo<\/strong> nella citt\u00e0 e il <strong>Castello di Santa Caterina<\/strong> al centro dell'isola.<\/p>\n\n\n\n<div class=\"wp-block-columns is-layout-flex wp-container-core-columns-is-layout-9d6595d7 wp-block-columns-is-layout-flex\">\n<div class=\"wp-block-column is-layout-flow wp-block-column-is-layout-flow\" style=\"flex-basis:85%\">\n<p>Indirizzo: Piazza Castello, 91023 Favignana TP<br>Coordinate: 37.9291, 12.3286<\/p>\n<\/div>\n\n\n\n<div class=\"wp-block-column is-layout-flow wp-block-column-is-layout-flow\" style=\"flex-basis:15%\">\n<p class=\"has-text-align-right\"><a href=\"https:\/\/maps.app.goo.gl\/u4XQzqLqnpKmFAia7\" target=\"_blank\" aria-label=\" (opens in a new tab)\" rel=\"noreferrer noopener\" class=\"ek-link\">Google Maps<\/a><\/p>\n<\/div>\n<\/div>\n\n\n<div class=\"wp-block-ub-divider ub_divider ub-divider-orientation-horizontal\" id=\"ub_divider_00e79e5d-7839-4c7a-a022-072e597e91bd\"><div class=\"ub_divider_wrapper\" style=\"position: relative; margin-bottom: 2px; width: 100%; height: 2px; \" data-divider-alignment=\"center\"><div class=\"ub_divider_line\" style=\"border-top: 2px solid #ccc; margin-top: 2px; \"><\/div><\/div><\/div>\n\n\n<h4 class=\"wp-block-heading\" id=\"levanzo\"><strong><strong>Levanzo<\/strong><\/strong><\/h4>\n\n\n\n<p class=\"translation-block\">Levanzo \u00e8 una delle Isole Egadi, situata a nord di Favignana. L'isola ha un piccolo villaggio e presenta bellissime spiagge e acque limpide. L'attrazione principale dell'isola \u00e8 la <strong>Grotta del Genovese<\/strong>, una grotta adornata che fu abitata tra il 10.000 a.C. e il 6.000 a.C. e ospita un'importante serie di dipinti ben conservati di quel periodo che rappresentano degli animali. Questa grotta \u00e8 uno dei pi\u00f9 importanti siti archeologici del Paleolitico Superiore in Sicilia.<\/p>\n\n\n\n<div class=\"wp-block-columns is-layout-flex wp-container-core-columns-is-layout-9d6595d7 wp-block-columns-is-layout-flex\">\n<div class=\"wp-block-column is-layout-flow wp-block-column-is-layout-flow\" style=\"flex-basis:85%\">\n<p>Indirizzo: Via Calvario, 91023 Levanzo TP<br>Coordinate: 37.9986, 12.3329<\/p>\n<\/div>\n\n\n\n<div class=\"wp-block-column is-layout-flow wp-block-column-is-layout-flow\" style=\"flex-basis:15%\">\n<p class=\"has-text-align-right\"><a href=\"https:\/\/maps.app.goo.gl\/TtfNPq25eU47F86J7\" target=\"_blank\" aria-label=\" (opens in a new tab)\" rel=\"noreferrer noopener\" class=\"ek-link\">Google Maps<\/a><\/p>\n<\/div>\n<\/div>\n\n\n<div class=\"wp-block-ub-divider ub_divider ub-divider-orientation-horizontal\" id=\"ub_divider_8729836c-93b6-4572-95ab-01523ec4f8cd\"><div class=\"ub_divider_wrapper\" style=\"position: relative; margin-bottom: 2px; width: 100%; height: 2px; \" data-divider-alignment=\"center\"><div class=\"ub_divider_line\" style=\"border-top: 2px solid #ccc; margin-top: 2px; \"><\/div><\/div><\/div>\n\n\n<h4 class=\"wp-block-heading\" id=\"marettimo\"><strong><strong>Marettimo<\/strong><\/strong><\/h4>\n\n\n\n<p class=\"translation-block\">Marettimo \u00e8 la pi\u00f9 occidentale delle isole Egadi. Considerata un luogo sacro da vari popoli antichi, quest'isola \u00e8 stata per secoli un importante punto di osservazione del traffico marittimo. Ora Marettimo \u00e8 nota per il suo splendido ambiente naturale e la sua ricca flora e fauna. L'isola ospita anche alcuni siti storici, come il <strong>Castello di Punta Troia<\/strong>, di origine arabo-normanna.<\/p>\n\n\n\n<div class=\"wp-block-columns is-layout-flex wp-container-core-columns-is-layout-9d6595d7 wp-block-columns-is-layout-flex\">\n<div class=\"wp-block-column is-layout-flow wp-block-column-is-layout-flow\" style=\"flex-basis:85%\">\n<p>Indirizzo: Via Cuore di Ges\u00f9, 91010 Marettimo TP<br>Coordinate: 37.9702, 12.0581<\/p>\n<\/div>\n\n\n\n<div class=\"wp-block-column is-layout-flow wp-block-column-is-layout-flow\" style=\"flex-basis:15%\">\n<p class=\"has-text-align-right\"><a href=\"https:\/\/maps.app.goo.gl\/M2UPMeuUvKje41VV9\" target=\"_blank\" aria-label=\" (opens in a new tab)\" rel=\"noreferrer noopener\" class=\"ek-link\">Google Maps<\/a><\/p>\n<\/div>\n<\/div>\n\n\n<div style=\"margin-top: var(--wp--preset--spacing--40); margin-bottom: var(--wp--preset--spacing--40); \" class=\"wp-block-ub-divider ub_divider ub-divider-orientation-horizontal\" id=\"ub_divider_e39bb4e6-6c43-42a3-9ae7-e99aa9827aeb\"><div class=\"ub_divider_wrapper\" style=\"position: relative; margin-bottom: 10px; width: 100%; height: 10px; \" data-divider-alignment=\"center\"><div class=\"ub_divider_line\" style=\"border-top: 2px solid #000000; margin-top: 10px; \"><\/div><\/div><\/div>\n\n\n<h2 class=\"wp-block-heading\" id=\"pantelleria\"><strong>Pantelleria<\/strong><\/h2>\n\n\n\n<p>Pantelleria \u00e8 un'isola nel Mar Mediterraneo, situata a poco pi\u00f9 di 100 km a sud-ovest della Sicilia e circa 70 km a est della costa della Tunisia. L'isola \u00e8 stata abitata fin dal Neolitico ed \u00e8 stata per millenni un sito di importanza strategica grazie alla sua posizione. Pantelleria fu governata dai Cartaginesi e dai Romani e nel Medioevo fu conquistata dagli Arabi, dai Normanni e dagli Aragonesi, e in seguito segu\u00ec la storia della Sicilia. L'isola ha varie attrazioni storiche e siti archeologici ed \u00e8 una popolare destinazione turistica. Pantelleria \u00e8 anche famosa per il suo splendido ambiente e la maggior parte dell'isola fa parte del Parco Nazionale di Pantelleria.<\/p>\n\n\n<div class=\"wp-block-ub-divider ub_divider ub-divider-orientation-horizontal\" id=\"ub_divider_ab34ad9f-a295-47b0-9052-fc8f62924dcd\"><div class=\"ub_divider_wrapper\" style=\"position: relative; margin-bottom: 2px; width: 100%; height: 2px; \" data-divider-alignment=\"center\"><div class=\"ub_divider_line\" style=\"border-top: 2px solid #ccc; margin-top: 2px; \"><\/div><\/div><\/div>\n\n\n<h4 class=\"wp-block-heading\" id=\"pantelleria-castle\"><strong><strong>Castello di Pantelleria<\/strong><\/strong><\/h4>\n\n\n\n<p>Il Castello di Pantelleria \u00e8 un forte situato sul lungomare della citt\u00e0 di Pantelleria. Originariamente una fortificazione costruita nell'Alto Medioevo, il castello fu notevolmente ampliato dai Normanni e in seguito fu rimaneggiato pi\u00f9 volte. Il castello fu in seguito utilizzato come prigione e base militare. Ora restaurato, il castello presenta imponenti fortificazioni e ospita un museo archeologico. Questo museo ospita vari reperti archeologici dell'isola, tra cui tre statue romane in marmo ben conservate.<\/p>\n\n\n\n<div class=\"wp-block-columns is-layout-flex wp-container-core-columns-is-layout-9d6595d7 wp-block-columns-is-layout-flex\">\n<div class=\"wp-block-column is-layout-flow wp-block-column-is-layout-flow\" style=\"flex-basis:85%\">\n<p>Indirizzo: Lungomare Paolo Borsellino, 91017 Pantelleria TP<br>Coordinate: 36.8314, 11.9435<\/p>\n<\/div>\n\n\n\n<div class=\"wp-block-column is-layout-flow wp-block-column-is-layout-flow\" style=\"flex-basis:15%\">\n<p class=\"has-text-align-right\"><a href=\"https:\/\/maps.app.goo.gl\/waMyttSkbdU5BSza8\" target=\"_blank\" aria-label=\" (opens in a new tab)\" rel=\"noreferrer noopener\" class=\"ek-link\">Google Maps<\/a><\/p>\n<\/div>\n<\/div>\n\n\n<div class=\"wp-block-ub-divider ub_divider ub-divider-orientation-horizontal\" id=\"ub_divider_ec932272-d1c2-4bb0-9319-a4c00e2b20dc\"><div class=\"ub_divider_wrapper\" style=\"position: relative; margin-bottom: 2px; width: 100%; height: 2px; \" data-divider-alignment=\"center\"><div class=\"ub_divider_line\" style=\"border-top: 2px solid #ccc; margin-top: 2px; \"><\/div><\/div><\/div>\n\n\n<h4 class=\"wp-block-heading\" id=\"specchio-di-venere\"><strong><strong>Specchio di Venere<\/strong><\/strong><\/h4>\n\n\n\n<p>Lo Specchio di Venere \u00e8 un piccolo lago vulcanico situato nella parte settentrionale di Pantelleria. Il lago \u00e8 una delle attrazioni turistiche pi\u00f9 famose dell'isola, ed \u00e8 noto per le sue splendide acque limpide e le sue sorgenti termali. Vari reperti archeologici e rovine sono stati rinvenuti attorno al lago.<\/p>\n\n\n\n<div class=\"wp-block-columns is-layout-flex wp-container-core-columns-is-layout-9d6595d7 wp-block-columns-is-layout-flex\">\n<div class=\"wp-block-column is-layout-flow wp-block-column-is-layout-flow\" style=\"flex-basis:85%\">\n<p>Indirizzo: Via Lago, 91017 Pantelleria TP<br>Coordinate: 36.8161, 11.9865<\/p>\n<\/div>\n\n\n\n<div class=\"wp-block-column is-layout-flow wp-block-column-is-layout-flow\" style=\"flex-basis:15%\">\n<p class=\"has-text-align-right\"><a href=\"https:\/\/maps.app.goo.gl\/kik4kmkDVvcqLN327\" target=\"_blank\" aria-label=\" (opens in a new tab)\" rel=\"noreferrer noopener\" class=\"ek-link\">Google Maps<\/a><\/p>\n<\/div>\n<\/div>\n\n\n<div class=\"wp-block-ub-divider ub_divider ub-divider-orientation-horizontal\" id=\"ub_divider_5e0b3e84-b59f-41e4-9008-13adec30de4d\"><div class=\"ub_divider_wrapper\" style=\"position: relative; margin-bottom: 2px; width: 100%; height: 2px; \" data-divider-alignment=\"center\"><div class=\"ub_divider_line\" style=\"border-top: 2px solid #ccc; margin-top: 2px; \"><\/div><\/div><\/div>\n\n\n<h4 class=\"wp-block-heading\" id=\"archaeological-park-of-the-sesi\"><strong>Parco Archeologico dei Sesi<\/strong><\/h4>\n\n\n\n<p class=\"translation-block\">Il Parco Archeologico dei Sesi \u00e8 un sito archeologico che comprende le rovine di varie tombe antiche note come sesi. Questi sono torri rotonde o ellittiche con camere sepolcrali all'interno, simili ai nuraghi della <a href=\"https:\/\/www.cosmundus.com\/it\/atlas\/europe\/southern-europe\/italy\/insular-italy\/sardinia\/\" class=\"ek-link\" target=\"_self\">Sardegna<\/a>, ma pi\u00f9 piccole. Circa un centinaio di queste strutture sono state rinvenute a Pantelleria.<\/p>\n\n\n\n<div class=\"wp-block-columns is-layout-flex wp-container-core-columns-is-layout-9d6595d7 wp-block-columns-is-layout-flex\">\n<div class=\"wp-block-column is-layout-flow wp-block-column-is-layout-flow\" style=\"flex-basis:85%\">\n<p>Indirizzo: Str. Perimetrale, 91017 Pantelleria TP<br>Coordinate: 36.8079, 11.9316<\/p>\n<\/div>\n\n\n\n<div class=\"wp-block-column is-layout-flow wp-block-column-is-layout-flow\" style=\"flex-basis:15%\">\n<p class=\"has-text-align-right\"><a href=\"https:\/\/maps.app.goo.gl\/4BcQvqTj3FHvM5c98\" target=\"_blank\" aria-label=\" (opens in a new tab)\" rel=\"noreferrer noopener\" class=\"ek-link\">Google Maps<\/a><\/p>\n<\/div>\n<\/div>","protected":false},"excerpt":{"rendered":"<p>&lt;&lt; Sicily The Province of Trapani includes the Aegadian Islands (Isole Egadi), located just off the western coast of Sicily, and Pantelleria, an island located between Sicily and Tunisia. These islands are famous tourist destinations, and are known for their beautiful natural environment. Aegadian Islands The Aegadian Islands (Isole Egadi) is an archipelago located just off the western coast of Sicily, and form part of the Province of Trapani. These islands have been inhabited since ancient times, and were occupied several times over their history. The archipelago was a property of the Pallavicini-Rusconi family of Genoa until 1874. Now the islands are a famous tourist destination, especially the main island of Favignana. \u272a Favignana Favignana is the largest of the Aegadian Islands, and serves as an administrative center of the archipelago. This island has served as a trading outpost and a fishing center for a long time, and now it is a famous summer destination known for the beauty of its beaches and natural environment. The main attractions of Favignana include various caves and several beaches, as well as some historic sites such as the San Giacomo Castle in the town, and the Castle of Santa Caterina at the center of the island. Address: Piazza Castello, 91023 Favignana TPCoordinates: 37.9291, 12.3286 Google Maps Levanzo Levanzo is one of the Aegadian Islands, located north of Favignana. The island has a small village and features beautiful beaches and clear waters. The main attraction on the island is the Grotta del Genovese, a cave adorned that was inhabited between 10,000 BCE and 6,000 BCE and houses an important series of well preserved paintings of animal from that period. This cave is one of the most important archaeological sites of the Upper Paleolithic in Sicily. Address: Via Calvario, 91023 Levanzo TPCoordinates: 37.9986, 12.3329 Google Maps Marettimo Marettimo is the westernmost of the Aegadian Islands. Regarded as a sacred place by various ancient peoples, this island was an important point to observe maritime traffic for centuries. Now Marettimo is known for its beautiful natural environment and rich flora and fauna. The island also houses some historic sites, such as the Arab-Norman Castle of Punta Troia. Address: Via Cuore di Ges\u00f9, 91010 Marettimo TPCoordinates: 37.9702, 12.0581 Google Maps Pantelleria Pantelleria is an island in the Mediterranean Sea, located a little over 100 km southwest of Sicily, and around 70 km east of the coast of Tunisia. The island has been inhabited since the Neolithic, and it was for millennia a site of strategic importance thanks to its position. Pantelleria was ruled by the Carthaginians and the Romans, and in the Middle Ages it was taken by the Arabs, the Normans, and the Aragonese, and later followed the history of Sicily. The island has various historic attractions and archaeological sites, and it is a popular tourist destination. Pantelleria is also famous for its beautiful environment, and most of the island is part of the Pantelleria National Park. Pantelleria Castle The Pantelleria Castle is a fort located on the seafront of the town of Pantelleria. Originally a fortification built in the Early Middle Ages, the castle was greatly expanded by the Normans, and was later reworked several times. The castle was later used as a prison and military base. Now restored, the castle features imposing fortifications, and hosts an archaeological museum. This museum houses various archaeological findings from the island, including three well preserved Roman marble statues. Address: Lungomare Paolo Borsellino, 91017 Pantelleria TPCoordinates: 36.8314, 11.9435 Google Maps Specchio di Venere The Specchio di Venere is a small volcanic lake located in the northern part of Pantelleria. The lake is one of the most famous tourist attractions of the island, and it is known for its beautiful clear waters and its hot springs. Various archaeological findings and ruins have been unearthed around the lake. Address: Via Lago, 91017 Pantelleria TPCoordinates: 36.8161, 11.9865 Google Maps Archaeological Park of the Sesi The Archaeological Park of the Sesi (Parco Archeologico dei Sesi) is an archaeological site that includes the ruins of various ancient tombs known as sesi. These consist of round or elliptical towers with sepulchral chambers inside, similar to the nuraghe of Sardinia, but smaller. Around a hundred of these structures have been found in Pantelleria. Address: Str. Perimetrale, 91017 Pantelleria TPCoordinates: 36.8079, 11.9316 Google Maps<\/p>","protected":false},"author":1,"featured_media":0,"parent":932,"menu_order":0,"comment_status":"closed","ping_status":"closed","template":"","meta":{"_editorskit_title_hidden":false,"_editorskit_reading_time":0,"_editorskit_is_block_options_detached":false,"_editorskit_block_options_position":"{}","om_disable_all_campaigns":false,"_uag_custom_page_level_css":"","advgb_blocks_editor_width":"","advgb_blocks_columns_visual_guide":"","_monsterinsights_skip_tracking":false,"_monsterinsights_sitenote_active":false,"_monsterinsights_sitenote_note":"","_monsterinsights_sitenote_category":0,"footnotes":""},"class_list":["post-11300","page","type-page","status-publish","hentry"],"aioseo_notices":[],"featured_image_src":null,"uagb_featured_image_src":{"full":false,"thumbnail":false,"medium":false,"medium_large":false,"large":false,"1536x1536":false,"2048x2048":false,"trp-custom-language-flag":false,"xs-thumb":false,"post-thumbnail":false,"minimalistblogger-grid":false,"minimalistblogger-slider":false,"minimalistblogger-small":false},"uagb_author_info":{"display_name":"Stefano Cammisa","author_link":"https:\/\/www.cosmundus.com\/it\/author\/stefano-cammisa\/"},"uagb_comment_info":0,"uagb_excerpt":"&lt;&lt; Sicily The Province of Trapani includes the Aegadian Islands (Isole Egadi), located just off the western coast of Sicily, and Pantelleria, an island located between Sicily and Tunisia. These islands are famous tourist destinations, and are known for their beautiful natural environment. Aegadian Islands The Aegadian Islands (Isole Egadi) is an archipelago located just&hellip;","coauthors":[],"author_meta":{"author_link":"https:\/\/www.cosmundus.com\/it\/author\/stefano-cammisa\/","display_name":"Stefano Cammisa"},"relative_dates":{"created":"Pubblicato 2 anni fa","modified":"Aggiornato 2 anni fa"},"absolute_dates":{"created":"Pubblicato il 7 Ottobre 2024","modified":"Aggiornato il 7 Ottobre 2024"},"absolute_dates_time":{"created":"Pubblicato il 7 Ottobre 2024 10:48 am","modified":"Aggiornato il 7 Ottobre 2024 10:48 am"},"featured_img_caption":"","featured_img":false,"series_order":"","_links":{"self":[{"href":"https:\/\/www.cosmundus.com\/it\/wp-json\/wp\/v2\/pages\/11300","targetHints":{"allow":["GET"]}}],"collection":[{"href":"https:\/\/www.cosmundus.com\/it\/wp-json\/wp\/v2\/pages"}],"about":[{"href":"https:\/\/www.cosmundus.com\/it\/wp-json\/wp\/v2\/types\/page"}],"author":[{"embeddable":true,"href":"https:\/\/www.cosmundus.com\/it\/wp-json\/wp\/v2\/users\/1"}],"replies":[{"embeddable":true,"href":"https:\/\/www.cosmundus.com\/it\/wp-json\/wp\/v2\/comments?post=11300"}],"version-history":[{"count":8,"href":"https:\/\/www.cosmundus.com\/it\/wp-json\/wp\/v2\/pages\/11300\/revisions"}],"predecessor-version":[{"id":11927,"href":"https:\/\/www.cosmundus.com\/it\/wp-json\/wp\/v2\/pages\/11300\/revisions\/11927"}],"up":[{"embeddable":true,"href":"https:\/\/www.cosmundus.com\/it\/wp-json\/wp\/v2\/pages\/932"}],"wp:attachment":[{"href":"https:\/\/www.cosmundus.com\/it\/wp-json\/wp\/v2\/media?parent=11300"}],"curies":[{"name":"wp","href":"https:\/\/api.w.org\/{rel}","templated":true}]}}