{"id":11286,"date":"2024-10-07T10:35:20","date_gmt":"2024-10-07T08:35:20","guid":{"rendered":"https:\/\/www.cosmundus.com\/?page_id=11286"},"modified":"2024-10-07T10:35:20","modified_gmt":"2024-10-07T08:35:20","slug":"messina","status":"publish","type":"page","link":"https:\/\/www.cosmundus.com\/it\/destinations\/messina\/","title":{"rendered":"Messina"},"content":{"rendered":"<p class=\"has-text-align-right\">&lt;&lt; <a href=\"https:\/\/www.cosmundus.com\/it\/atlas\/europe\/southern-europe\/italy\/insular-italy\/sicily\/\" class=\"ek-link\">Sicilia<\/a><\/p>\n\n\n\n<p class=\"translation-block\">Messina \u00e8 una citt\u00e0 situata nell'angolo nord-orientale della Sicilia, appena oltre il mare dalla <a href=\"https:\/\/www.cosmundus.com\/it\/atlas\/europe\/southern-europe\/italy\/south-italy\/calabria\/\" class=\"ek-link\" target=\"_self\">Calabria<\/a> e dall'Italia continentale. La citt\u00e0 fu fondata nell'ottavo secolo a.C. da coloni greci e rimase un porto importante e fiorente per tutta la sua storia. Messina \u00e8 stata colpita da diversi terremoti, in particolare nel 1783 e nel 1908, che distrussero gran parte della citt\u00e0. Ricostruita in seguito, Messina \u00e8 ora la terza citt\u00e0 pi\u00f9 grande della Sicilia e presenta alcune interessanti attrazioni.<\/p>\n\n\n\n<div class=\"wp-block-group\"><div class=\"wp-block-group__inner-container is-layout-constrained wp-block-group-is-layout-constrained\"><div style=\"border: 1px solid #8ed1fc; border-radius: 0%; background-color: inherit; \" class=\"ub-styled-box ub-bordered-box wp-block-ub-styled-box\" id=\"ub-styled-box-63437ba4-392c-4f65-aca4-8b68529f921c\">\n<p class=\"has-medium-font-size\" id=\"ub-styled-box-bordered-content-2df58672-1f47-4d51-8ab9-6452e8957425\">Posti da vedere a Messina<\/p>\n\n\n<div class=\"wp-block-aioseo-table-of-contents\"><ul><li><a class=\"aioseo-toc-item\" href=\"#messina-cathedral\">\u272a Duomo di Messina<\/a><\/li><li><a class=\"aioseo-toc-item\" href=\"#regional-museum-of-messina\">\u272a Museo Regionale di Messina<\/a><\/li><li><a class=\"aioseo-toc-item\" href=\"#church-of-the-santissima-annunziata-dei-catalani\">Chiesa della Santissima Annunziata dei Catalani<\/a><\/li><li><a class=\"aioseo-toc-item\" href=\"#church-of-san-francesco-allimmacolata\">Chiesa di San Francesco all\u2019Immacolata<\/a><\/li><li><a class=\"aioseo-toc-item\" href=\"#fountain-of-neptune\">Fontana del Nettuno<\/a><\/li><li><a class=\"aioseo-toc-item\" href=\"#forte-del-santissimo-salvatore\">Forte del Santissimo Salvatore<\/a><\/li><li><a class=\"aioseo-toc-item\" href=\"#gonzaga-castle\">Castel Gonzaga<\/a><\/li><li><a class=\"aioseo-toc-item\" href=\"#cape-peloro\">Capo Peloro<\/a><\/li><\/ul><\/div>\n\n<\/div><\/div><\/div>\n\n\n\n<h4 class=\"wp-block-heading\" id=\"messina-cathedral\"><strong>\u272a Duomo di Messina<\/strong><\/h4>\n\n\n\n<p class=\"translation-block\">Il Duomo di Messina \u00e8 la chiesa principale della citt\u00e0. Fu eretta dai Normanni nel dodicesimo secolo su strutture precedenti e fu rimaneggiata pi\u00f9 volte. La chiesa fu gravemente danneggiata da un terremoto nel 1908 e durante la seconda guerra mondiale e la struttura attuale fu ricostruita nel ventesimo secolo. La cattedrale presenta una facciata elaborata, mentre l'interno \u00e8 riccamente decorato con statue, dipinti e altre opere d'arte. La chiesa ospita anche un museo di opere d'arte religiose. Adiacente alla chiesa si trova uno storico campanile, che ospita il pi\u00f9 grande orologio astronomico del mondo, costruito nel 1933. La cattedrale si affaccia su <strong>Piazza Duomo<\/strong>, che \u00e8 adornata dalla <strong>Fontana di Orione<\/strong> del sedicesimo secolo. La <strong>Statua dell'Immacolata<\/strong> del diciottesimo secolo si trova invece vicino al lato settentrionale della chiesa.<\/p>\n\n\n\n<div class=\"wp-block-columns is-layout-flex wp-container-core-columns-is-layout-9d6595d7 wp-block-columns-is-layout-flex\">\n<div class=\"wp-block-column is-layout-flow wp-block-column-is-layout-flow\" style=\"flex-basis:85%\">\n<p>Indirizzo: Piazza Duomo, 98122 Messina ME<br>Coordinate: 38.1922, 15.5549<\/p>\n<\/div>\n\n\n\n<div class=\"wp-block-column is-layout-flow wp-block-column-is-layout-flow\" style=\"flex-basis:15%\">\n<p class=\"has-text-align-right\"><a href=\"https:\/\/maps.app.goo.gl\/xgksN3i5gfCWd48JA\" target=\"_blank\" aria-label=\" (opens in a new tab)\" rel=\"noreferrer noopener\" class=\"ek-link\">Google Maps<\/a><\/p>\n<\/div>\n<\/div>\n\n\n<div class=\"wp-block-ub-divider ub_divider ub-divider-orientation-horizontal\" id=\"ub_divider_1876319e-7961-4c8f-95c3-d87c9c134876\"><div class=\"ub_divider_wrapper\" style=\"position: relative; margin-bottom: 2px; width: 100%; height: 2px; \" data-divider-alignment=\"center\"><div class=\"ub_divider_line\" style=\"border-top: 2px solid #ccc; margin-top: 2px; \"><\/div><\/div><\/div>\n\n\n<h4 class=\"wp-block-heading\" id=\"regional-museum-of-messina\"><strong>\u272a Museo Regionale di Messina<\/strong><\/h4>\n\n\n\n<p class=\"translation-block\">Il Museo Regionale di Messina \u00e8 un grande museo d'arte a Messina. Il museo espone la ricca storia dell'arte a Messina e presenta opere di molti artisti illustri come Caravaggio e Antonello da Messina. La collezione comprende anche diverse sculture e pezzi di arte decorativa.<\/p>\n\n\n\n<div class=\"wp-block-columns is-layout-flex wp-container-core-columns-is-layout-9d6595d7 wp-block-columns-is-layout-flex\">\n<div class=\"wp-block-column is-layout-flow wp-block-column-is-layout-flow\" style=\"flex-basis:85%\">\n<p>Indirizzo: Viale della Libert\u00e0, 465, 98121 Messina ME<br>Coordinate: 38.2167, 15.5640<\/p>\n<\/div>\n\n\n\n<div class=\"wp-block-column is-layout-flow wp-block-column-is-layout-flow\" style=\"flex-basis:15%\">\n<p class=\"has-text-align-right\"><a aria-label=\" (opens in a new tab)\" href=\"https:\/\/goo.gl\/maps\/4TrQbFa9jkf9APjs6\" target=\"_blank\" rel=\"noreferrer noopener\" class=\"ek-link\"><\/a><a href=\"https:\/\/maps.app.goo.gl\/nCkowT3k2PdvRAS29\" target=\"_blank\" aria-label=\" (opens in a new tab)\" rel=\"noreferrer noopener\" class=\"ek-link\">Google Maps<\/a><\/p>\n<\/div>\n<\/div>\n\n\n<div class=\"wp-block-ub-divider ub_divider ub-divider-orientation-horizontal\" id=\"ub_divider_0f30be9d-5734-4033-844c-122fc30a52f6\"><div class=\"ub_divider_wrapper\" style=\"position: relative; margin-bottom: 2px; width: 100%; height: 2px; \" data-divider-alignment=\"center\"><div class=\"ub_divider_line\" style=\"border-top: 2px solid #ccc; margin-top: 2px; \"><\/div><\/div><\/div>\n\n\n<h4 class=\"wp-block-heading\" id=\"church-of-the-santissima-annunziata-dei-catalani\"><strong>Chiesa della Santissima Annunziata dei Catalani<\/strong><\/h4>\n\n\n\n<p>La Chiesa della Santissima Annunziata dei Catalani \u00e8 una chiesa storica nel centro di Messina. La chiesa fu costruita nel dodicesimo secolo dai Normanni su alcune precedenti strutture bizantine e arabe. L'edificio \u00e8 riccamente decorato con elementi arabo-normanni e al suo interno ospita varie opere d'arte. Di fronte alla chiesa si trova un monumento di Giovanni d'Austria, figlio dell'imperatore del Sacro Romano Impero Carlo V.<\/p>\n\n\n\n<div class=\"wp-block-columns is-layout-flex wp-container-core-columns-is-layout-9d6595d7 wp-block-columns-is-layout-flex\">\n<div class=\"wp-block-column is-layout-flow wp-block-column-is-layout-flow\" style=\"flex-basis:85%\">\n<p>Indirizzo: Via G. Garibaldi, 111, 98122 Messina ME<br>Coordinate: 38.1913, 15.5562<\/p>\n<\/div>\n\n\n\n<div class=\"wp-block-column is-layout-flow wp-block-column-is-layout-flow\" style=\"flex-basis:15%\">\n<p class=\"has-text-align-right\"><a aria-label=\" (opens in a new tab)\" href=\"https:\/\/goo.gl\/maps\/4TrQbFa9jkf9APjs6\" target=\"_blank\" rel=\"noreferrer noopener\" class=\"ek-link\"><\/a><a href=\"https:\/\/maps.app.goo.gl\/xm8o5jFbBdLmQQgQ7\" target=\"_blank\" aria-label=\" (opens in a new tab)\" rel=\"noreferrer noopener\" class=\"ek-link\">Google Maps<\/a><\/p>\n<\/div>\n<\/div>\n\n\n<div class=\"wp-block-ub-divider ub_divider ub-divider-orientation-horizontal\" id=\"ub_divider_0c136ff8-76e0-4772-953c-1b93b445fc44\"><div class=\"ub_divider_wrapper\" style=\"position: relative; margin-bottom: 2px; width: 100%; height: 2px; \" data-divider-alignment=\"center\"><div class=\"ub_divider_line\" style=\"border-top: 2px solid #ccc; margin-top: 2px; \"><\/div><\/div><\/div>\n\n\n<h4 class=\"wp-block-heading\" id=\"church-of-san-francesco-allimmacolata\"><strong>Chiesa di San Francesco all\u2019Immacolata<\/strong><\/h4>\n\n\n\n<p>La Chiesa di San Francesco all\u2019Immacolata \u00e8 una delle chiese pi\u00f9 grandi di Messina, costruita in stile gotico nel tredicesimo secolo. La chiesa presenta un rosone decorato sulla facciata, mentre l\u2019interno \u00e8 riccamente ornato con diverse opere d\u2019arte.<\/p>\n\n\n\n<div class=\"wp-block-columns is-layout-flex wp-container-core-columns-is-layout-9d6595d7 wp-block-columns-is-layout-flex\">\n<div class=\"wp-block-column is-layout-flow wp-block-column-is-layout-flow\" style=\"flex-basis:85%\">\n<p>Indirizzo: Viale Boccetta, 98122 Messina ME<br>Coordinate: 38.1983, 15.5535<\/p>\n<\/div>\n\n\n\n<div class=\"wp-block-column is-layout-flow wp-block-column-is-layout-flow\" style=\"flex-basis:15%\">\n<p class=\"has-text-align-right\"><a aria-label=\" (opens in a new tab)\" href=\"https:\/\/goo.gl\/maps\/4TrQbFa9jkf9APjs6\" target=\"_blank\" rel=\"noreferrer noopener\" class=\"ek-link\"><\/a><a href=\"https:\/\/maps.app.goo.gl\/3TvKsWA3r2gMPhmt6\" target=\"_blank\" aria-label=\" (opens in a new tab)\" rel=\"noreferrer noopener\" class=\"ek-link\">Google Maps<\/a><\/p>\n<\/div>\n<\/div>\n\n\n<div class=\"wp-block-ub-divider ub_divider ub-divider-orientation-horizontal\" id=\"ub_divider_f7b171c3-a111-4f0a-8404-34cc6ec9a8a1\"><div class=\"ub_divider_wrapper\" style=\"position: relative; margin-bottom: 2px; width: 100%; height: 2px; \" data-divider-alignment=\"center\"><div class=\"ub_divider_line\" style=\"border-top: 2px solid #ccc; margin-top: 2px; \"><\/div><\/div><\/div>\n\n\n<h4 class=\"wp-block-heading\" id=\"fountain-of-neptune\"><strong>Fontana del Nettuno<\/strong><\/h4>\n\n\n\n<p class=\"translation-block\">La Fontana del Nettuno \u00e8 una fontana monumentale situata sul lungomare di Messina. La statua fu realizzata nel 1557 dallo scultore fiorentino Giovanni Angelo Montorsoli e fu spostata in varie parti della citt\u00e0 fino a raggiungere la sua posizione attuale nel 1934.<\/p>\n\n\n\n<div class=\"wp-block-columns is-layout-flex wp-container-core-columns-is-layout-9d6595d7 wp-block-columns-is-layout-flex\">\n<div class=\"wp-block-column is-layout-flow wp-block-column-is-layout-flow\" style=\"flex-basis:85%\">\n<p>Indirizzo: Via G. Garibaldi, 98122 Messina ME<br>Coordinate: 38.1994, 15.5578<\/p>\n<\/div>\n\n\n\n<div class=\"wp-block-column is-layout-flow wp-block-column-is-layout-flow\" style=\"flex-basis:15%\">\n<p class=\"has-text-align-right\"><a aria-label=\" (opens in a new tab)\" href=\"https:\/\/goo.gl\/maps\/4TrQbFa9jkf9APjs6\" target=\"_blank\" rel=\"noreferrer noopener\" class=\"ek-link\"><\/a><a href=\"https:\/\/maps.app.goo.gl\/cCAZqgtXGdzREtBv6\" target=\"_blank\" aria-label=\" (opens in a new tab)\" rel=\"noreferrer noopener\" class=\"ek-link\">Google Maps<\/a><\/p>\n<\/div>\n<\/div>\n\n\n<div class=\"wp-block-ub-divider ub_divider ub-divider-orientation-horizontal\" id=\"ub_divider_e54ceeed-00ca-4e15-82f7-66fc528bc600\"><div class=\"ub_divider_wrapper\" style=\"position: relative; margin-bottom: 2px; width: 100%; height: 2px; \" data-divider-alignment=\"center\"><div class=\"ub_divider_line\" style=\"border-top: 2px solid #ccc; margin-top: 2px; \"><\/div><\/div><\/div>\n\n\n<h4 class=\"wp-block-heading\" id=\"forte-del-santissimo-salvatore\"><strong>Forte del Santissimo Salvatore<\/strong><\/h4>\n\n\n\n<p>Il Forte del Santissimo Salvatore \u00e8 un forte situato nel porto di Messina e costruito nel sedicesimo secolo. Il forte si trova alla fine di una stretta striscia di terra, che fu originariamente fortificata nell'undicesimo secolo. Nel 1934 una grande statua fu eretta in cima al forte. Rimase un'importante posizione fortificata per secoli ed \u00e8 ancora una propriet\u00e0 militare.<\/p>\n\n\n\n<div class=\"wp-block-columns is-layout-flex wp-container-core-columns-is-layout-9d6595d7 wp-block-columns-is-layout-flex\">\n<div class=\"wp-block-column is-layout-flow wp-block-column-is-layout-flow\" style=\"flex-basis:85%\">\n<p>Indirizzo: Forte del Santissimo Salvatore, 98122 Messina ME<br>Coordinate: 38.1970, 15.5641<\/p>\n<\/div>\n\n\n\n<div class=\"wp-block-column is-layout-flow wp-block-column-is-layout-flow\" style=\"flex-basis:15%\">\n<p class=\"has-text-align-right\"><a aria-label=\" (opens in a new tab)\" href=\"https:\/\/goo.gl\/maps\/4TrQbFa9jkf9APjs6\" target=\"_blank\" rel=\"noreferrer noopener\" class=\"ek-link\"><\/a><a href=\"https:\/\/maps.app.goo.gl\/95CSHFatfTxG2W9cA\" target=\"_blank\" aria-label=\" (opens in a new tab)\" rel=\"noreferrer noopener\" class=\"ek-link\">Google Maps<\/a><\/p>\n<\/div>\n<\/div>\n\n\n<div class=\"wp-block-ub-divider ub_divider ub-divider-orientation-horizontal\" id=\"ub_divider_05b120c2-9ced-4d05-aaf8-cdf5192e5443\"><div class=\"ub_divider_wrapper\" style=\"position: relative; margin-bottom: 2px; width: 100%; height: 2px; \" data-divider-alignment=\"center\"><div class=\"ub_divider_line\" style=\"border-top: 2px solid #ccc; margin-top: 2px; \"><\/div><\/div><\/div>\n\n\n<h4 class=\"wp-block-heading\" id=\"gonzaga-castle\"><strong>Castel Gonzaga<\/strong><\/h4>\n\n\n\n<p>Il Castel Gonzaga \u00e8 una fortezza del sedicesimo secolo situata sulle colline che dominano Messina. La fortezza \u00e8 stata coinvolta in diverse battaglie e guerre, la pi\u00f9 recente delle quali \u00e8 stata la seconda guerra mondiale. \u00c8 rimasta una struttura militare fino al 1973 e ora \u00e8 ancora ben conservata.<\/p>\n\n\n\n<div class=\"wp-block-columns is-layout-flex wp-container-core-columns-is-layout-9d6595d7 wp-block-columns-is-layout-flex\">\n<div class=\"wp-block-column is-layout-flow wp-block-column-is-layout-flow\" style=\"flex-basis:85%\">\n<p>Indirizzo: Via Montepiselli, 98124 Messina ME<br>Coordinate: 38.1882, 15.5408<\/p>\n<\/div>\n\n\n\n<div class=\"wp-block-column is-layout-flow wp-block-column-is-layout-flow\" style=\"flex-basis:15%\">\n<p class=\"has-text-align-right\"><a aria-label=\" (opens in a new tab)\" href=\"https:\/\/goo.gl\/maps\/4TrQbFa9jkf9APjs6\" target=\"_blank\" rel=\"noreferrer noopener\" class=\"ek-link\"><\/a><a href=\"https:\/\/maps.app.goo.gl\/k4TG3qCDUJfZzAbq6\" target=\"_blank\" aria-label=\" (opens in a new tab)\" rel=\"noreferrer noopener\" class=\"ek-link\">Google Maps<\/a><\/p>\n<\/div>\n<\/div>\n\n\n<div class=\"wp-block-ub-divider ub_divider ub-divider-orientation-horizontal\" id=\"ub_divider_0a639d50-059a-49f6-ab0d-68bc9f4498cb\"><div class=\"ub_divider_wrapper\" style=\"position: relative; margin-bottom: 2px; width: 100%; height: 2px; \" data-divider-alignment=\"center\"><div class=\"ub_divider_line\" style=\"border-top: 2px solid #ccc; margin-top: 2px; \"><\/div><\/div><\/div>\n\n\n<h4 class=\"wp-block-heading\" id=\"cape-peloro\"><strong>Capo Peloro<\/strong><\/h4>\n\n\n\n<p class=\"translation-block\">Anche noto come: Punta del Faro<\/p>\n\n\n\n<p class=\"translation-block\">Capo Peloro \u00e8 un promontorio all'angolo nord-orientale della Sicilia, situato a nord di Messina. Un sito di grande importanza storica, \u00e8 ora noto per i suoi due piccoli laghi e il suo faro del diciannovesimo secolo. Il capo ospita anche uno dei <strong>Piloni dello Stretto<\/strong>, due alte torri che un tempo trasportavano una linea elettrica attraverso lo Stretto di Messina. L'altro pilone si trova dall'altra parte dello stretto, vicino a Villa San Giovanni in Calabria.<\/p>\n\n\n\n<div class=\"wp-block-columns is-layout-flex wp-container-core-columns-is-layout-9d6595d7 wp-block-columns-is-layout-flex\">\n<div class=\"wp-block-column is-layout-flow wp-block-column-is-layout-flow\" style=\"flex-basis:85%\">\n<p>Indirizzo: Via Fortino, 98164 Torre Faro ME<br>Coordinate: 38.2658, 15.6510<\/p>\n<\/div>\n\n\n\n<div class=\"wp-block-column is-layout-flow wp-block-column-is-layout-flow\" style=\"flex-basis:15%\">\n<p class=\"has-text-align-right\"><a aria-label=\" (opens in a new tab)\" href=\"https:\/\/goo.gl\/maps\/4TrQbFa9jkf9APjs6\" target=\"_blank\" rel=\"noreferrer noopener\" class=\"ek-link\"><\/a><a href=\"https:\/\/maps.app.goo.gl\/PkAF1LdWViBAPKH86\" target=\"_blank\" aria-label=\" (opens in a new tab)\" rel=\"noreferrer noopener\" class=\"ek-link\">Google Maps<\/a><\/p>\n<\/div>\n<\/div>","protected":false},"excerpt":{"rendered":"<p>&lt;&lt; Sicily Messina is a city located at the northeastern corner of Sicily, just across the sea from Calabria and the Italian mainland. The city was founded in the 8th century BCE by Greek colonists, and remained an important and flourishing port throughout its entire history. Messina has been hit by several earthquakes, especially in 1783 and 1908, which destroyed most of the city. Later rebuilt, Messina is now the third largest city in Sicily, and features some interesting attractions. \u272a Messina Cathedral The Messina Cathedral (Duomo di Messina) is the main church of the city. It was erected by the Normans in the 12th century over previous structures, and was reworked several times. The church was heavily damaged by an earthquake in 1908 and during World War II, and the current structure was rebuilt in the 20th century. The cathedral features an elaborate facade, while the interior is richly adorned with statues, paintings, and other artworks. The church also houses a museum of religious artworks. Adjacent to the church is a historic bell tower, which houses the largest astronomical clock in the world, built in 1933. The cathedral faces Piazza Duomo, which is adorned with the 16th-century Fountain of Orion (Fontana di Orione). The 18th-century Statua dell&#8217;Immacolata is instead near the northern side of the chruch. Address: Piazza Duomo, 98122 Messina MECoordinates: 38.1922, 15.5549 Google Maps \u272a Regional Museum of Messina The Regional Museum of Messina (Museo Regionale di Messina) is a large art museum in Messina. The museum showcases the rich history of art in Messina, and features works by many notable artists such as Caravaggio and Antonello da Messina. The collection also includes several sculptures and pieces of decorative arts. Address: Viale della Libert\u00e0, 465, 98121 Messina MECoordinates: 38.2167, 15.5640 Google Maps Church of the Santissima Annunziata dei Catalani The Church of the Santissima Annunziata dei Catalani is a historic church in the center of Messina. The church was built in the 12th century by the Normans on some previous Byzantine and Arab structures. The building is richly decorated with Arab-Norman elements, and inside it houses various artworks. In front of the church is a monument of John of Austria, son of Holy Roman Emperor Charles V. Address: Via G. Garibaldi, 111, 98122 Messina MECoordinates: 38.1913, 15.5562 Google Maps Church of San Francesco all&#8217;Immacolata The Church of San Francesco all&#8217;Immacolata is one of the largest churches in Messina, built in Gothic style in the 13th century. The church features a decorated rose window on its facade, while the interior is richly adorned with several artworks. Address: Viale Boccetta, 98122 Messina MECoordinates: 38.1983, 15.5535 Google Maps Fountain of Neptune The Fountain of Neptune (Fontana del Nettuno) is a monumental fountain located on the seafront of Messina. The statue was made in 1557 by Florentine sculptor Giovanni Angelo Montorsoli, and was moved to various parts of the city until reaching its current position in 1934. Address: Via G. Garibaldi, 98122 Messina MECoordinates: 38.1994, 15.5578 Google Maps Forte del Santissimo Salvatore The Forte del Santissimo Salvatore is a fort located in the port of Messina and built in the 16th century. The fort sits at the end of a narrow strip of land, which was originally fortified in the 11th century. In 1934 a large statue was erected on top of the fort. It remained an important fortified position for centuries, and it is still a military property. Address: Forte del Santissimo Salvatore, 98122 Messina MECoordinates: 38.1970, 15.5641 Google Maps Gonzaga Castle The Gonzaga Castle is a 16th-century fort located on the hills overlooking Messina. The fort has been involved in several battles and wars, the most recent being World War II. It remained a military establishment until 1973, and now it is still well preserved. Address: Via Montepiselli, 98124 Messina MECoordinates: 38.1882, 15.5408 Google Maps Cape Peloro Also known as: Faro Point (Punta del Faro) Cape Peloro (Capo Peloro) is a promontory at the northeastern corner of Sicily, located north of Messina. A site of great historical importance, it is now known for its two small lakes and its 19th-century lighthouse. The cape also hosts one of the Pylons of Messina (Piloni dello Stretto), two tall free standing towers that used to carry a power line across the Strait of Messina. The other pylon is located on the other side of the strait, near Villa San Giovanni in Calabria. Address: Via Fortino, 98164 Torre Faro MECoordinates: 38.2658, 15.6510 Google Maps<\/p>","protected":false},"author":1,"featured_media":0,"parent":932,"menu_order":0,"comment_status":"closed","ping_status":"closed","template":"","meta":{"_editorskit_title_hidden":false,"_editorskit_reading_time":0,"_editorskit_is_block_options_detached":false,"_editorskit_block_options_position":"{}","om_disable_all_campaigns":false,"_uag_custom_page_level_css":"","advgb_blocks_editor_width":"","advgb_blocks_columns_visual_guide":"","_monsterinsights_skip_tracking":false,"_monsterinsights_sitenote_active":false,"_monsterinsights_sitenote_note":"","_monsterinsights_sitenote_category":0,"footnotes":""},"class_list":["post-11286","page","type-page","status-publish","hentry"],"aioseo_notices":[],"featured_image_src":null,"uagb_featured_image_src":{"full":false,"thumbnail":false,"medium":false,"medium_large":false,"large":false,"1536x1536":false,"2048x2048":false,"trp-custom-language-flag":false,"xs-thumb":false,"post-thumbnail":false,"minimalistblogger-grid":false,"minimalistblogger-slider":false,"minimalistblogger-small":false},"uagb_author_info":{"display_name":"Stefano Cammisa","author_link":"https:\/\/www.cosmundus.com\/it\/author\/stefano-cammisa\/"},"uagb_comment_info":0,"uagb_excerpt":"&lt;&lt; Sicily Messina is a city located at the northeastern corner of Sicily, just across the sea from Calabria and the Italian mainland. The city was founded in the 8th century BCE by Greek colonists, and remained an important and flourishing port throughout its entire history. Messina has been hit by several earthquakes, especially in&hellip;","coauthors":[],"author_meta":{"author_link":"https:\/\/www.cosmundus.com\/it\/author\/stefano-cammisa\/","display_name":"Stefano Cammisa"},"relative_dates":{"created":"Pubblicato 2 anni fa","modified":"Aggiornato 2 anni fa"},"absolute_dates":{"created":"Pubblicato il 7 Ottobre 2024","modified":"Aggiornato il 7 Ottobre 2024"},"absolute_dates_time":{"created":"Pubblicato il 7 Ottobre 2024 10:35 am","modified":"Aggiornato il 7 Ottobre 2024 10:35 am"},"featured_img_caption":"","featured_img":false,"series_order":"","_links":{"self":[{"href":"https:\/\/www.cosmundus.com\/it\/wp-json\/wp\/v2\/pages\/11286","targetHints":{"allow":["GET"]}}],"collection":[{"href":"https:\/\/www.cosmundus.com\/it\/wp-json\/wp\/v2\/pages"}],"about":[{"href":"https:\/\/www.cosmundus.com\/it\/wp-json\/wp\/v2\/types\/page"}],"author":[{"embeddable":true,"href":"https:\/\/www.cosmundus.com\/it\/wp-json\/wp\/v2\/users\/1"}],"replies":[{"embeddable":true,"href":"https:\/\/www.cosmundus.com\/it\/wp-json\/wp\/v2\/comments?post=11286"}],"version-history":[{"count":4,"href":"https:\/\/www.cosmundus.com\/it\/wp-json\/wp\/v2\/pages\/11286\/revisions"}],"predecessor-version":[{"id":11916,"href":"https:\/\/www.cosmundus.com\/it\/wp-json\/wp\/v2\/pages\/11286\/revisions\/11916"}],"up":[{"embeddable":true,"href":"https:\/\/www.cosmundus.com\/it\/wp-json\/wp\/v2\/pages\/932"}],"wp:attachment":[{"href":"https:\/\/www.cosmundus.com\/it\/wp-json\/wp\/v2\/media?parent=11286"}],"curies":[{"name":"wp","href":"https:\/\/api.w.org\/{rel}","templated":true}]}}