{"id":11277,"date":"2024-10-07T10:31:40","date_gmt":"2024-10-07T08:31:40","guid":{"rendered":"https:\/\/www.cosmundus.com\/?page_id=11277"},"modified":"2024-10-07T10:31:41","modified_gmt":"2024-10-07T08:31:41","slug":"nisseno-and-gelese","status":"publish","type":"page","link":"https:\/\/www.cosmundus.com\/it\/destinations\/nisseno-and-gelese\/","title":{"rendered":"Nisseno e Gelese"},"content":{"rendered":"<p class=\"has-text-align-right\">&lt;&lt; <a href=\"https:\/\/www.cosmundus.com\/it\/atlas\/europe\/southern-europe\/italy\/insular-italy\/sicily\/\" class=\"ek-link\">Sicilia<\/a><\/p>\n\n\n\n<p>La Provincia di Caltanissetta si trova nella Sicilia centro-meridionale. Questa zona \u00e8 composta da due regioni tradizionali, il Nisseno a nord, attorno a Caltanissetta, e il Gelese a sud, incentrato su Gela, la citt\u00e0 pi\u00f9 grande della provincia. Questo territorio \u00e8 prevalentemente collinare e tocca il Mar Mediterraneo a sud.<\/p>\n\n\n\n<div class=\"wp-block-group\"><div class=\"wp-block-group__inner-container is-layout-constrained wp-block-group-is-layout-constrained\"><div style=\"border: 1px solid #8ed1fc; border-radius: 0%; background-color: inherit; \" class=\"ub-styled-box ub-bordered-box wp-block-ub-styled-box\" id=\"ub-styled-box-d1788d23-7027-4ba2-8b2d-3caec62efdc4\">\n<p class=\"has-medium-font-size\" id=\"ub-styled-box-bordered-content-a622d993-0cb6-436e-9e63-cae46bd1403e\">Posti da vedere nel Nisseno e nel Gelese<\/p>\n\n\n<div class=\"wp-block-aioseo-table-of-contents\"><ul><li><a class=\"aioseo-toc-item\" href=\"#caltanissetta\">Caltanissetta<\/a><ul><li><a class=\"aioseo-toc-item\" href=\"#caltanissetta-cathedral\">Cattedrale di Caltanissetta<\/a><\/li><li><a class=\"aioseo-toc-item\" href=\"#mineralogical-museum-of-caltanissetta\">Museo Mineralogico di Caltanissetta<\/a><\/li><li><a class=\"aioseo-toc-item\" href=\"#regional-archaeological-museum-of-caltanissetta\">Museo Archeologico Regionale di Caltanissetta<\/a><\/li><\/ul><\/li><li><a class=\"aioseo-toc-item\" href=\"#mazzarino\">Mazzarino<\/a><ul><li><a class=\"aioseo-toc-item\" href=\"#mazzarino-castle\">Castello di Mazzarino<\/a><\/li><\/ul><\/li><li><a class=\"aioseo-toc-item\" href=\"#gela\">Gela<\/a><ul><li><a class=\"aioseo-toc-item\" href=\"#regional-archaeological-museum-of-gela\">Museo Archeologico Regionale di Gela<\/a><\/li><\/ul><\/li><\/ul><\/div>\n\n<\/div><\/div><\/div>\n\n\n\n<h2 class=\"wp-block-heading\" id=\"caltanissetta\"><strong>Caltanissetta<\/strong><\/h2>\n\n\n\n<p>Caltanissetta \u00e8 una citt\u00e0 situata tra le colline della Sicilia centrale. Abitata fin dall'antichit\u00e0, \u00e8 stata una posizione fortificata per secoli e la citt\u00e0 moderna si \u00e8 sviluppata a partire dal Tardo Medioevo. Nel diciannovesimo secolo Caltanissetta divenne capoluogo di provincia e crebbe grazie alla sua industria mineraria.<\/p>\n\n\n<div class=\"wp-block-ub-divider ub_divider ub-divider-orientation-horizontal\" id=\"ub_divider_85c51c4f-1b03-4286-a3ce-80215a27c4f5\"><div class=\"ub_divider_wrapper\" style=\"position: relative; margin-bottom: 2px; width: 100%; height: 2px; \" data-divider-alignment=\"center\"><div class=\"ub_divider_line\" style=\"border-top: 2px solid #ccc; margin-top: 2px; \"><\/div><\/div><\/div>\n\n\n<h4 class=\"wp-block-heading\" id=\"caltanissetta-cathedral\"><strong>Cattedrale di Caltanissetta<\/strong><\/h4>\n\n\n\n<p>Anche nota come: Chiesa di Santa Maria la Nova<\/p>\n\n\n\n<p>La Cattedrale di Caltanissetta \u00e8 la chiesa principale della citt\u00e0, situata nel mezzo del centro storico di Caltanissetta. La chiesa fu costruita tra il sedicesimo e il diciassettesimo secolo in stile barocco, e fu successivamente ampliata. La cattedrale ha una facciata monumentale con due campanili, mentre l'interno \u00e8 interamente ornato da elaborati affreschi e decorazioni.<\/p>\n\n\n\n<div class=\"wp-block-columns is-layout-flex wp-container-core-columns-is-layout-9d6595d7 wp-block-columns-is-layout-flex\">\n<div class=\"wp-block-column is-layout-flow wp-block-column-is-layout-flow\" style=\"flex-basis:85%\">\n<p>Indirizzo: Piazza Giuseppe Garibaldi, 3, 93100 Caltanissetta CL<br>Coordinate: 37.4897, 14.0637<\/p>\n<\/div>\n\n\n\n<div class=\"wp-block-column is-layout-flow wp-block-column-is-layout-flow\" style=\"flex-basis:15%\">\n<p class=\"has-text-align-right\"><a href=\"https:\/\/maps.app.goo.gl\/scLKFqwfct3eW3BP9\" target=\"_blank\" aria-label=\" (opens in a new tab)\" rel=\"noreferrer noopener\" class=\"ek-link\">Google Maps<\/a><\/p>\n<\/div>\n<\/div>\n\n\n<div class=\"wp-block-ub-divider ub_divider ub-divider-orientation-horizontal\" id=\"ub_divider_97a17fe0-1ab7-4a6c-8484-d535aebc06bd\"><div class=\"ub_divider_wrapper\" style=\"position: relative; margin-bottom: 2px; width: 100%; height: 2px; \" data-divider-alignment=\"center\"><div class=\"ub_divider_line\" style=\"border-top: 2px solid #ccc; margin-top: 2px; \"><\/div><\/div><\/div>\n\n\n<h4 class=\"wp-block-heading\" id=\"mineralogical-museum-of-caltanissetta\"><strong><strong>Museo Mineralogico di Caltanissetta<\/strong><\/strong><\/h4>\n\n\n\n<p class=\"translation-block\">Il Museo Mineralogico di Caltanissetta \u00e8 un museo dedicato all'industria mineraria locale di Caltanissetta. Il museo ospita una ricca collezione di fossili e minerali e include anche mostre sulla storia dell'attivit\u00e0 mineraria intorno alla citt\u00e0.<\/p>\n\n\n\n<div class=\"wp-block-columns is-layout-flex wp-container-core-columns-is-layout-9d6595d7 wp-block-columns-is-layout-flex\">\n<div class=\"wp-block-column is-layout-flow wp-block-column-is-layout-flow\" style=\"flex-basis:85%\">\n<p>Indirizzo: Viale della Regione, 71, 93100 Caltanissetta CL<br>Coordinate: 37.4929, 14.0413<\/p>\n<\/div>\n\n\n\n<div class=\"wp-block-column is-layout-flow wp-block-column-is-layout-flow\" style=\"flex-basis:15%\">\n<p class=\"has-text-align-right\"><a href=\"https:\/\/maps.app.goo.gl\/EzMA9CUswRWAkAK78\" target=\"_blank\" aria-label=\" (opens in a new tab)\" rel=\"noreferrer noopener\" class=\"ek-link\">Google Maps<\/a><\/p>\n<\/div>\n<\/div>\n\n\n<div class=\"wp-block-ub-divider ub_divider ub-divider-orientation-horizontal\" id=\"ub_divider_016abbc7-b3fd-4f7e-8052-32e902156c5a\"><div class=\"ub_divider_wrapper\" style=\"position: relative; margin-bottom: 2px; width: 100%; height: 2px; \" data-divider-alignment=\"center\"><div class=\"ub_divider_line\" style=\"border-top: 2px solid #ccc; margin-top: 2px; \"><\/div><\/div><\/div>\n\n\n<h4 class=\"wp-block-heading\" id=\"regional-archaeological-museum-of-caltanissetta\"><strong><strong>Museo Archeologico Regionale di Caltanissetta<\/strong><\/strong><\/h4>\n\n\n\n<p class=\"translation-block\">Il Museo Archeologico Regionale di Caltanissetta \u00e8 un museo archeologico situato nella periferia nord di Caltanissetta. Il museo ospita una collezione di reperti archeologici rinvenuti nelle province di Caltanissetta e di <a href=\"https:\/\/www.cosmundus.com\/it\/destinations\/ennese\/#enna\" target=\"_self\">Enna<\/a>.<\/p>\n\n\n\n<div class=\"wp-block-columns is-layout-flex wp-container-core-columns-is-layout-9d6595d7 wp-block-columns-is-layout-flex\">\n<div class=\"wp-block-column is-layout-flow wp-block-column-is-layout-flow\" style=\"flex-basis:85%\">\n<p>Indirizzo: Strada Statale 122bis, 93100 Caltanissetta CL<br>Coordinate: 37.5054, 14.0782<\/p>\n<\/div>\n\n\n\n<div class=\"wp-block-column is-layout-flow wp-block-column-is-layout-flow\" style=\"flex-basis:15%\">\n<p class=\"has-text-align-right\"><a href=\"https:\/\/maps.app.goo.gl\/A5FQYqvmD5BvE8YU7\" target=\"_blank\" aria-label=\" (opens in a new tab)\" rel=\"noreferrer noopener\" class=\"ek-link\">Google Maps<\/a><\/p>\n<\/div>\n<\/div>\n\n\n<div style=\"margin-top: var(--wp--preset--spacing--40); margin-bottom: var(--wp--preset--spacing--40); \" class=\"wp-block-ub-divider ub_divider ub-divider-orientation-horizontal\" id=\"ub_divider_ad60620f-18ed-4bce-b810-5f0e7b52ed9c\"><div class=\"ub_divider_wrapper\" style=\"position: relative; margin-bottom: 10px; width: 100%; height: 10px; \" data-divider-alignment=\"center\"><div class=\"ub_divider_line\" style=\"border-top: 2px solid #000000; margin-top: 10px; \"><\/div><\/div><\/div>\n\n\n<h2 class=\"wp-block-heading\" id=\"mazzarino\"><strong>Mazzarino<\/strong><\/h2>\n\n\n\n<p>Mazzarino \u00e8 una citt\u00e0 situata a met\u00e0 strada tra Caltanissetta e Gela nella Provincia di Caltanissetta. La citt\u00e0 \u00e8 situata su un altopiano tra le colline e si \u00e8 sviluppata come posizione fortificata nel Tardo Medioevo. Mazzarino \u00e8 rimasta un piccolo centro regionale ed \u00e8 ora famosa per il suo storico castello.<\/p>\n\n\n<div class=\"wp-block-ub-divider ub_divider ub-divider-orientation-horizontal\" id=\"ub_divider_c16119e8-59a0-4824-9bcb-2bd0e4d2e6dd\"><div class=\"ub_divider_wrapper\" style=\"position: relative; margin-bottom: 2px; width: 100%; height: 2px; \" data-divider-alignment=\"center\"><div class=\"ub_divider_line\" style=\"border-top: 2px solid #ccc; margin-top: 2px; \"><\/div><\/div><\/div>\n\n\n<h4 class=\"wp-block-heading\" id=\"mazzarino-castle\"><strong>Castello di Mazzarino<\/strong><\/h4>\n\n\n\n<p>Il Castello di Mazzarino \u00e8 una fortezza medievale situata su una collina appena a nord di Mazzarino. Il castello fu costruito dai Normanni nel dodicesimo secolo e in seguito fu la residenza dei governanti locali, fino a quando non fu abbandonato intorno al sedicesimo secolo. Il forte \u00e8 ora in parte in rovina, ma presenta ancora una grande torre cilindrica.<\/p>\n\n\n\n<div class=\"wp-block-columns is-layout-flex wp-container-core-columns-is-layout-9d6595d7 wp-block-columns-is-layout-flex\">\n<div class=\"wp-block-column is-layout-flow wp-block-column-is-layout-flow\" style=\"flex-basis:85%\">\n<p>Indirizzo: Via Castelvecchio, 93013 Mazzarino CL<br>Coordinate: 37.3098, 14.2157<\/p>\n<\/div>\n\n\n\n<div class=\"wp-block-column is-layout-flow wp-block-column-is-layout-flow\" style=\"flex-basis:15%\">\n<p class=\"has-text-align-right\"><a href=\"https:\/\/maps.app.goo.gl\/DASduUqbvgkxUKgZ6\" target=\"_blank\" aria-label=\" (opens in a new tab)\" rel=\"noreferrer noopener\" class=\"ek-link\">Google Maps<\/a><\/p>\n<\/div>\n<\/div>\n\n\n<div style=\"margin-top: var(--wp--preset--spacing--40); margin-bottom: var(--wp--preset--spacing--40); \" class=\"wp-block-ub-divider ub_divider ub-divider-orientation-horizontal\" id=\"ub_divider_3472cbd9-b19d-4eae-8015-6a1f3651bbeb\"><div class=\"ub_divider_wrapper\" style=\"position: relative; margin-bottom: 10px; width: 100%; height: 10px; \" data-divider-alignment=\"center\"><div class=\"ub_divider_line\" style=\"border-top: 2px solid #000000; margin-top: 10px; \"><\/div><\/div><\/div>\n\n\n<h2 class=\"wp-block-heading\" id=\"gela\"><strong>Gela<\/strong><\/h2>\n\n\n\n<p>Gela \u00e8 la citt\u00e0 pi\u00f9 grande della Provincia di Caltanissetta, e si trova sul Mar Mediterraneo. La citt\u00e0 fu fondata da coloni greci nel settimo secolo a.C., e divenne uno dei centri pi\u00f9 potenti della Magna Grecia nel quinto secolo a.C.. Gela fond\u00f2 anche varie colonie satellite e conquist\u00f2 diverse altre citt\u00e0, ma fu poi distrutta dai Cartaginesi. Dopo secoli di oscurit\u00e0, una nuova citt\u00e0 chiamata Terranova emerse qui nel Tardo Medioevo. Nel 1927 la citt\u00e0 fu rinominata Gela, e alla fine del ventesimo secolo si svilupp\u00f2 come centro industriale.<\/p>\n\n\n<div class=\"wp-block-ub-divider ub_divider ub-divider-orientation-horizontal\" id=\"ub_divider_e5d627d0-ad70-4cfc-9cf4-a50fc4899870\"><div class=\"ub_divider_wrapper\" style=\"position: relative; margin-bottom: 2px; width: 100%; height: 2px; \" data-divider-alignment=\"center\"><div class=\"ub_divider_line\" style=\"border-top: 2px solid #ccc; margin-top: 2px; \"><\/div><\/div><\/div>\n\n\n<h4 class=\"wp-block-heading\" id=\"regional-archaeological-museum-of-gela\"><strong>Museo Archeologico Regionale di Gela<\/strong><\/h4>\n\n\n\n<p class=\"translation-block\">Il Museo Archeologico Regionale di Gela \u00e8 un museo archeologico dedicato alla storia di Gela e dell'antica citt\u00e0 che un tempo sorge qui. Il museo ospita diversi reperti archeologici e opere d'arte antiche rinvenute a Gela e nei dintorni, e si trova accanto all'area archeologica dell'antica citt\u00e0, che comprende le rovine dell'antica acropoli.<\/p>\n\n\n\n<div class=\"wp-block-columns is-layout-flex wp-container-core-columns-is-layout-9d6595d7 wp-block-columns-is-layout-flex\">\n<div class=\"wp-block-column is-layout-flow wp-block-column-is-layout-flow\" style=\"flex-basis:85%\">\n<p>Indirizzo: Corso Vittorio Emanuele, 1, 93012 Gela CL<br>Coordinate: 37.0635, 14.2577<\/p>\n<\/div>\n\n\n\n<div class=\"wp-block-column is-layout-flow wp-block-column-is-layout-flow\" style=\"flex-basis:15%\">\n<p class=\"has-text-align-right\"><a href=\"https:\/\/maps.app.goo.gl\/BgjQTQCExyNB9Y6fA\" target=\"_blank\" aria-label=\" (opens in a new tab)\" rel=\"noreferrer noopener\" class=\"ek-link\">Google Maps<\/a><\/p>\n<\/div>\n<\/div>","protected":false},"excerpt":{"rendered":"<p>&lt;&lt; Sicily The Province of Caltanissetta is located in central-southern Sicily. This area is composed of two traditional regions, Nisseno in the north, around Caltanissetta, and Gelese in the south, centered in Gela, the largest city in the province. This territory is mostly hilly, and it touches the Mediterranean Sea to the south. Caltanissetta Caltanissetta is a city located among the hills of central Sicily. Inhabited since ancient times, it was a fortified position for centuries, and the modern town developed starting in the Late Middle Ages. In the 19th century Caltanissetta became a provincial capital, and grew thanks to its mining industry. Caltanissetta Cathedral Also known as: Church of Santa Maria la Nova The Caltanissetta Cathedral is the main church of the city, located at the center of the old town of Caltanissetta. The church was built between the 16th and 17th century in Baroque style, and was later expanded. The cathedral has a monumental facade with two bell towers, while the interior is entirely adorned with elaborate frescoes and decorations. Address: Piazza Giuseppe Garibaldi, 3, 93100 Caltanissetta CLCoordinates: 37.4897, 14.0637 Google Maps Mineralogical Museum of Caltanissetta The Mineralogical Museum of Caltanissetta (Museo Mineralogico di Caltanissetta) is a museum dedicated to the local mining industry in Caltanissetta. The museum houses a rich collection of fossils and minerals, and also includes exhibitions on the history of mining around the city. Address: Viale della Regione, 71, 93100 Caltanissetta CLCoordinates: 37.4929, 14.0413 Google Maps Regional Archaeological Museum of Caltanissetta The Regional Archaeological Museum of Caltanissetta (Museo Archeologico Regionale di Caltanissetta) is an archaeological museum located at the northern outskirts of Caltanissetta. The museum houses a collection of archaeological findings unearthed in the provinces of Caltanissetta and Enna. Address: Strada Statale 122bis, 93100 Caltanissetta CLCoordinates: 37.5054, 14.0782 Google Maps Mazzarino Mazzarino is a town located halfway between Caltanissetta and Gela in the Province of Caltanissetta. The town is located on a plateau among the hills, and developed as a fortified position in the Late Middle Ages. Mazzarino remained a small regional center, and it is now famous for its historic castle. Mazzarino Castle The Mazzarino Castle is a medieval fortress located on a hill just north of Mazzarino. The castle was built by the Normans in the 12th century and was later the residence of the local rulers, until it was abandoned around the 16th century. The fort is now partly ruined, but it still features a large cylindrical tower. Address: Via Castelvecchio, 93013 Mazzarino CLCoordinates: 37.3098, 14.2157 Google Maps Gela Gela is the largest city in the Province of Caltanissetta, and it is located on the Mediterranean Sea. The city was founded by Greek colonists in the 7th century BCE, and became one of the most powerful centers of Magna Graecia in the 5th century BCE. Gela even established various satellite colonies and conquered several other cities, but was later destroyed by the Carthaginians. After centuries of obscurity, a new town called Terranova emerged here in the Late Middle Ages. In 1927 the city was renamed Gela, and in the late 20th century it developed as an industrial center. Regional Archaeological Museum of Gela The Regional Archaeological Museum of Gela (Museo Archeologico Regionale di Gela) is an archaeological museum dedicated to the history of Gela and the ancient city once located here. The museum houses several archaeological findings and ancient artworks unearthed in and around Gela, and it is located next to the archaeological area of the ancient city, which includes the ruins of the old acropolis. Address: Corso Vittorio Emanuele, 1, 93012 Gela CLCoordinates: 37.0635, 14.2577 Google Maps<\/p>","protected":false},"author":1,"featured_media":0,"parent":932,"menu_order":0,"comment_status":"closed","ping_status":"closed","template":"","meta":{"_editorskit_title_hidden":false,"_editorskit_reading_time":0,"_editorskit_is_block_options_detached":false,"_editorskit_block_options_position":"{}","om_disable_all_campaigns":false,"_uag_custom_page_level_css":"","advgb_blocks_editor_width":"","advgb_blocks_columns_visual_guide":"","_monsterinsights_skip_tracking":false,"_monsterinsights_sitenote_active":false,"_monsterinsights_sitenote_note":"","_monsterinsights_sitenote_category":0,"footnotes":""},"class_list":["post-11277","page","type-page","status-publish","hentry"],"aioseo_notices":[],"featured_image_src":null,"uagb_featured_image_src":{"full":false,"thumbnail":false,"medium":false,"medium_large":false,"large":false,"1536x1536":false,"2048x2048":false,"trp-custom-language-flag":false,"xs-thumb":false,"post-thumbnail":false,"minimalistblogger-grid":false,"minimalistblogger-slider":false,"minimalistblogger-small":false},"uagb_author_info":{"display_name":"Stefano Cammisa","author_link":"https:\/\/www.cosmundus.com\/it\/author\/stefano-cammisa\/"},"uagb_comment_info":0,"uagb_excerpt":"&lt;&lt; Sicily The Province of Caltanissetta is located in central-southern Sicily. This area is composed of two traditional regions, Nisseno in the north, around Caltanissetta, and Gelese in the south, centered in Gela, the largest city in the province. This territory is mostly hilly, and it touches the Mediterranean Sea to the south. Caltanissetta Caltanissetta&hellip;","coauthors":[],"author_meta":{"author_link":"https:\/\/www.cosmundus.com\/it\/author\/stefano-cammisa\/","display_name":"Stefano Cammisa"},"relative_dates":{"created":"Pubblicato 2 anni fa","modified":"Aggiornato 2 anni fa"},"absolute_dates":{"created":"Pubblicato il 7 Ottobre 2024","modified":"Aggiornato il 7 Ottobre 2024"},"absolute_dates_time":{"created":"Pubblicato il 7 Ottobre 2024 10:31 am","modified":"Aggiornato il 7 Ottobre 2024 10:31 am"},"featured_img_caption":"","featured_img":false,"series_order":"","_links":{"self":[{"href":"https:\/\/www.cosmundus.com\/it\/wp-json\/wp\/v2\/pages\/11277","targetHints":{"allow":["GET"]}}],"collection":[{"href":"https:\/\/www.cosmundus.com\/it\/wp-json\/wp\/v2\/pages"}],"about":[{"href":"https:\/\/www.cosmundus.com\/it\/wp-json\/wp\/v2\/types\/page"}],"author":[{"embeddable":true,"href":"https:\/\/www.cosmundus.com\/it\/wp-json\/wp\/v2\/users\/1"}],"replies":[{"embeddable":true,"href":"https:\/\/www.cosmundus.com\/it\/wp-json\/wp\/v2\/comments?post=11277"}],"version-history":[{"count":6,"href":"https:\/\/www.cosmundus.com\/it\/wp-json\/wp\/v2\/pages\/11277\/revisions"}],"predecessor-version":[{"id":11912,"href":"https:\/\/www.cosmundus.com\/it\/wp-json\/wp\/v2\/pages\/11277\/revisions\/11912"}],"up":[{"embeddable":true,"href":"https:\/\/www.cosmundus.com\/it\/wp-json\/wp\/v2\/pages\/932"}],"wp:attachment":[{"href":"https:\/\/www.cosmundus.com\/it\/wp-json\/wp\/v2\/media?parent=11277"}],"curies":[{"name":"wp","href":"https:\/\/api.w.org\/{rel}","templated":true}]}}