{"id":11020,"date":"2024-10-07T10:27:42","date_gmt":"2024-10-07T08:27:42","guid":{"rendered":"https:\/\/www.cosmundus.com\/?page_id=11020"},"modified":"2024-10-07T10:27:43","modified_gmt":"2024-10-07T08:27:43","slug":"vibonese","status":"publish","type":"page","link":"https:\/\/www.cosmundus.com\/it\/destinations\/vibonese\/","title":{"rendered":"Vibonese"},"content":{"rendered":"<p class=\"has-text-align-right\">&lt;&lt; <a href=\"https:\/\/www.cosmundus.com\/it\/atlas\/europe\/southern-europe\/italy\/south-italy\/calabria\/\" class=\"ek-link\">Calabria<\/a><\/p>\n\n\n\n<p class=\"translation-block\">Il Vibonese \u00e8 il territorio della Provincia di Vibo Valentia, situato in Calabria tra le montagne e il Mar Tirreno. Questa zona \u00e8 nota per ospitare la Costa degli Dei, una bellissima costa con diverse famose localit\u00e0 balneari, in particolare Tropea. Altre attrazioni interessanti si trovano anche pi\u00f9 all'interno.<\/p>\n\n\n\n<div class=\"wp-block-group\"><div class=\"wp-block-group__inner-container is-layout-constrained wp-block-group-is-layout-constrained\"><div style=\"border: 1px solid #8ed1fc; border-radius: 0%; background-color: inherit; \" class=\"ub-styled-box ub-bordered-box wp-block-ub-styled-box\" id=\"ub-styled-box-14a1349e-1564-41a8-a34a-1308236c96a9\">\n<p class=\"has-medium-font-size\" id=\"ub-styled-box-bordered-content-708ca52a-30ec-4312-acf1-21831aa81b3f\">Posti da vedere nel Vibonese<\/p>\n\n\n<div class=\"wp-block-aioseo-table-of-contents\"><ul><li><a class=\"aioseo-toc-item\" href=\"#vibo-valentia\">Vibo Valentia<\/a><ul><li><a class=\"aioseo-toc-item\" href=\"#norman-swabian-castle\">Castello Normanno-Svevo<\/a><\/li><li><a class=\"aioseo-toc-item\" href=\"#archaeological-park-of-hipponion-valentia\">Parco Archeologico di Hipponion-Valentia<\/a><\/li><\/ul><\/li><li><a class=\"aioseo-toc-item\" href=\"#pizzo\">Pizzo<\/a><ul><li><a class=\"aioseo-toc-item\" href=\"#pizzo-castle\">Castello di Pizzo<\/a><\/li><li><a class=\"aioseo-toc-item\" href=\"#church-of-piedigrotta\">Chiesetta di Piedigrotta<\/a><\/li><\/ul><\/li><li><a class=\"aioseo-toc-item\" href=\"#tropea\">Tropea<\/a><ul><li><a class=\"aioseo-toc-item\" href=\"#sanctuary-of-santa-maria-dellisola\">\u272a Santuario di Santa Maria dell\u2019Isola<\/a><\/li><li><a class=\"aioseo-toc-item\" href=\"#tropea-cathedral\">Duomo di Tropea<\/a><\/li><li><a class=\"aioseo-toc-item\" href=\"#beaches-of-tropea\">Spiagge di Tropea<\/a><\/li><\/ul><\/li><li><a class=\"aioseo-toc-item\" href=\"#serra-san-bruno\">Serra San Bruno<\/a><ul><li><a class=\"aioseo-toc-item\" href=\"#serra-san-bruno-charterhouse\">Certosa di Serra San Bruno<\/a><\/li><\/ul><\/li><\/ul><\/div>\n\n<\/div><\/div><\/div>\n\n\n\n<h2 class=\"wp-block-heading\" id=\"vibo-valentia\"><strong>Vibo Valentia<\/strong><\/h2>\n\n\n\n<p>Vibo Valentia \u00e8 una citt\u00e0 situata sulle colline vicino al Mar Tirreno in Calabria. Questo era un tempo il sito della colonia greca di Hipponion, fondata intorno al settimo secolo a.C.. Hipponion era una citt\u00e0 ricca, ma in seguito decadde e fu conquistata dai Romani, prendendo il nome di Vibo Valentia. La citt\u00e0 fu quasi completamente abbandonata dopo la caduta dell'Impero Romano d'Occidente e la nuova citt\u00e0 fu fondata nel tredicesimo secolo come Monteleone. Dopo secoli come piccolo centro, venne ribattezzata Vibo Valentia nel 1928, e divenne capoluogo di una nuova provincia nel 1992.<\/p>\n\n\n<div class=\"wp-block-ub-divider ub_divider ub-divider-orientation-horizontal\" id=\"ub_divider_8490544b-b4c6-4262-b3f9-4dbf7894ddf4\"><div class=\"ub_divider_wrapper\" style=\"position: relative; margin-bottom: 2px; width: 100%; height: 2px; \" data-divider-alignment=\"center\"><div class=\"ub_divider_line\" style=\"border-top: 2px solid #ccc; margin-top: 2px; \"><\/div><\/div><\/div>\n\n\n<h4 class=\"wp-block-heading\" id=\"norman-swabian-castle\"><strong>Castello Normanno-Svevo<\/strong><\/h4>\n\n\n\n<p class=\"translation-block\">Il Castello Normanno-Svevo \u00e8 un castello medievale a Vibo Valentia. Il castello fu eretto nel Basso Medioevo e successivamente venne rimaneggiato e adibito a carcere. Oggi ospita il <strong>Museo Archeologico Statale Vito Capialbi<\/strong>, che ospita numerosi reperti archeologici rinvenuti nei dintorni della citt\u00e0 e risalenti in gran parte all'epoca greca e romana.<\/p>\n\n\n\n<div class=\"wp-block-columns is-layout-flex wp-container-core-columns-is-layout-9d6595d7 wp-block-columns-is-layout-flex\">\n<div class=\"wp-block-column is-layout-flow wp-block-column-is-layout-flow\" style=\"flex-basis:85%\">\n<p>Indirizzo: Via Sette Martiri, 89900 Vibo Valentia VV<br>Coordinate: 38.6710, 16.1082<\/p>\n<\/div>\n\n\n\n<div class=\"wp-block-column is-layout-flow wp-block-column-is-layout-flow\" style=\"flex-basis:15%\">\n<p class=\"has-text-align-right\"><a href=\"https:\/\/maps.app.goo.gl\/WWFdffAhfrwwiRSe6\" target=\"_blank\" aria-label=\" (opens in a new tab)\" rel=\"noreferrer noopener\" class=\"ek-link\">Google Maps<\/a><\/p>\n<\/div>\n<\/div>\n\n\n<div class=\"wp-block-ub-divider ub_divider ub-divider-orientation-horizontal\" id=\"ub_divider_ed387988-02b5-450e-bf26-14c3bdb4e800\"><div class=\"ub_divider_wrapper\" style=\"position: relative; margin-bottom: 2px; width: 100%; height: 2px; \" data-divider-alignment=\"center\"><div class=\"ub_divider_line\" style=\"border-top: 2px solid #ccc; margin-top: 2px; \"><\/div><\/div><\/div>\n\n\n<h4 class=\"wp-block-heading\" id=\"archaeological-park-of-hipponion-valentia\"><strong>Parco Archeologico di Hipponion-Valentia<\/strong><\/h4>\n\n\n\n<p class=\"translation-block\">Il Parco Archeologico di Hipponion-Valentia ospita alcuni resti dell'antica colonia greca di Hipponion. Tra questi vi sono alcuni tratti di mura difensive e alcuni ruderi di un tempio.<\/p>\n\n\n\n<div class=\"wp-block-columns is-layout-flex wp-container-core-columns-is-layout-9d6595d7 wp-block-columns-is-layout-flex\">\n<div class=\"wp-block-column is-layout-flow wp-block-column-is-layout-flow\" style=\"flex-basis:85%\">\n<p>Indirizzo: Via Croce Nivera, 89900 Vibo Valentia VV<br>Coordinate: 38.6766, 16.1161<\/p>\n<\/div>\n\n\n\n<div class=\"wp-block-column is-layout-flow wp-block-column-is-layout-flow\" style=\"flex-basis:15%\">\n<p class=\"has-text-align-right\"><a href=\"https:\/\/maps.app.goo.gl\/jhzQ4AnZqNuSRq1p6\" target=\"_blank\" aria-label=\" (opens in a new tab)\" rel=\"noreferrer noopener\" class=\"ek-link\">Google Maps<\/a><\/p>\n<\/div>\n<\/div>\n\n\n<div style=\"margin-top: var(--wp--preset--spacing--40); margin-bottom: var(--wp--preset--spacing--40); \" class=\"wp-block-ub-divider ub_divider ub-divider-orientation-horizontal\" id=\"ub_divider_0e8d58e3-8e45-49fa-9d5c-f85ddd8959a0\"><div class=\"ub_divider_wrapper\" style=\"position: relative; margin-bottom: 10px; width: 100%; height: 10px; \" data-divider-alignment=\"center\"><div class=\"ub_divider_line\" style=\"border-top: 2px solid #000000; margin-top: 10px; \"><\/div><\/div><\/div>\n\n\n<h2 class=\"wp-block-heading\" id=\"pizzo\"><strong>Pizzo<\/strong><\/h2>\n\n\n\n<p>Pizzo \u00e8 una cittadina situata sul Mar Tirreno poco a nord di Vibo Valentia. La citt\u00e0 nacque come villaggio di pescatori nel Tardo Medioevo ed \u00e8 nota soprattutto per aver dato i natali al tartufo, un tipo di dolce.<\/p>\n\n\n<div class=\"wp-block-ub-divider ub_divider ub-divider-orientation-horizontal\" id=\"ub_divider_6eb162fa-eb0f-4ba5-8f5d-07a07f37f480\"><div class=\"ub_divider_wrapper\" style=\"position: relative; margin-bottom: 2px; width: 100%; height: 2px; \" data-divider-alignment=\"center\"><div class=\"ub_divider_line\" style=\"border-top: 2px solid #ccc; margin-top: 2px; \"><\/div><\/div><\/div>\n\n\n<h4 class=\"wp-block-heading\" id=\"pizzo-castle\"><strong>Castello di Pizzo<\/strong><\/h4>\n\n\n\n<p class=\"translation-block\">Anche noto come: Castello Murat<\/p>\n\n\n\n<p class=\"translation-block\">Il Castello di Pizzo \u00e8 un castello situato su una scogliera a picco sul Mar Tirreno a Pizzo. Eretto durante il Basso Medioevo e successivamente ampliato, il castello \u00e8 noto per essere stato il luogo in cui Gioacchino Murat, re di <a href=\"https:\/\/www.cosmundus.com\/it\/destinations\/naples\/\" target=\"_self\">Napoli<\/a> durante l'epoca napoleonica, fu imprigionato e giustiziato. Il castello oggi ospita un museo di storia locale.<\/p>\n\n\n\n<div class=\"wp-block-columns is-layout-flex wp-container-core-columns-is-layout-9d6595d7 wp-block-columns-is-layout-flex\">\n<div class=\"wp-block-column is-layout-flow wp-block-column-is-layout-flow\" style=\"flex-basis:85%\">\n<p>Indirizzo: Via P. Marincola, 89812 Pizzo VV<br>Coordinate: 38.7355, 16.1604<\/p>\n<\/div>\n\n\n\n<div class=\"wp-block-column is-layout-flow wp-block-column-is-layout-flow\" style=\"flex-basis:15%\">\n<p class=\"has-text-align-right\"><a href=\"https:\/\/maps.app.goo.gl\/uMHc2rUFK7xBWhxJ7\" target=\"_blank\" aria-label=\" (opens in a new tab)\" rel=\"noreferrer noopener\" class=\"ek-link\">Google Maps<\/a><\/p>\n<\/div>\n<\/div>\n\n\n<div class=\"wp-block-ub-divider ub_divider ub-divider-orientation-horizontal\" id=\"ub_divider_b7fc922a-5cdc-4f90-bdc7-2bc0e09c250a\"><div class=\"ub_divider_wrapper\" style=\"position: relative; margin-bottom: 2px; width: 100%; height: 2px; \" data-divider-alignment=\"center\"><div class=\"ub_divider_line\" style=\"border-top: 2px solid #ccc; margin-top: 2px; \"><\/div><\/div><\/div>\n\n\n<h4 class=\"wp-block-heading\" id=\"church-of-piedigrotta\"><strong>Chiesetta di Piedigrotta<\/strong><\/h4>\n\n\n\n<p class=\"translation-block\">La Chiesetta di Piedigrotta \u00e8 una piccola chiesa scavata nella roccia lungo la costa a nord di Pizzo. Fondata nel diciassettesimo secolo e successivamente ampliata, la chiesa ospita numerose statue realizzate tra il diciannovesimo e il ventesimo secolo.<\/p>\n\n\n\n<div class=\"wp-block-columns is-layout-flex wp-container-core-columns-is-layout-9d6595d7 wp-block-columns-is-layout-flex\">\n<div class=\"wp-block-column is-layout-flow wp-block-column-is-layout-flow\" style=\"flex-basis:85%\">\n<p>Indirizzo: Via Riviera Prangi, SS522, 89812 Pizzo VV<br>Coordinate: 38.7422, 16.1749<\/p>\n<\/div>\n\n\n\n<div class=\"wp-block-column is-layout-flow wp-block-column-is-layout-flow\" style=\"flex-basis:15%\">\n<p class=\"has-text-align-right\"><a href=\"https:\/\/maps.app.goo.gl\/ajShazZYEvqrSz2fA\" target=\"_blank\" aria-label=\" (opens in a new tab)\" rel=\"noreferrer noopener\" class=\"ek-link\">Google Maps<\/a><\/p>\n<\/div>\n<\/div>\n\n\n<div style=\"margin-top: var(--wp--preset--spacing--40); margin-bottom: var(--wp--preset--spacing--40); \" class=\"wp-block-ub-divider ub_divider ub-divider-orientation-horizontal\" id=\"ub_divider_f4d3f992-e376-4212-85ee-88c6ea606a74\"><div class=\"ub_divider_wrapper\" style=\"position: relative; margin-bottom: 10px; width: 100%; height: 10px; \" data-divider-alignment=\"center\"><div class=\"ub_divider_line\" style=\"border-top: 2px solid #000000; margin-top: 10px; \"><\/div><\/div><\/div>\n\n\n<h2 class=\"wp-block-heading\" id=\"tropea\"><strong>Tropea<\/strong><\/h2>\n\n\n\n<p>Tropea \u00e8 una cittadina e localit\u00e0 balneare situata sul Mar Tirreno al centro della Costa degli Dei in Provincia di Vibo Valentia. Citt\u00e0 dalle origini antiche, \u00e8 nota per il suo bellissimo centro storico, situato su una scogliera a picco sul mare.<\/p>\n\n\n<div class=\"wp-block-ub-divider ub_divider ub-divider-orientation-horizontal\" id=\"ub_divider_72e28ac3-2199-4d3d-9863-c8a8751868c2\"><div class=\"ub_divider_wrapper\" style=\"position: relative; margin-bottom: 2px; width: 100%; height: 2px; \" data-divider-alignment=\"center\"><div class=\"ub_divider_line\" style=\"border-top: 2px solid #ccc; margin-top: 2px; \"><\/div><\/div><\/div>\n\n\n<h4 class=\"wp-block-heading\" id=\"sanctuary-of-santa-maria-dellisola\"><strong>\u272a Santuario di Santa Maria dell\u2019Isola<\/strong><\/h4>\n\n\n\n<p class=\"translation-block\">Il Santuario di Santa Maria dell\u2019Isola \u00e8 uno storico sito religioso collocato sulla cima di un grande scoglio sul mare. Fondato nell'Alto Medioevo come monastero, fu successivamente pi\u00f9 volte rimaneggiato. Per la sua particolare posizione \u00e8 uno dei luoghi pi\u00f9 famosi della Calabria e offre una splendida vista sulla costa circostante.<\/p>\n\n\n\n<div class=\"wp-block-columns is-layout-flex wp-container-core-columns-is-layout-9d6595d7 wp-block-columns-is-layout-flex\">\n<div class=\"wp-block-column is-layout-flow wp-block-column-is-layout-flow\" style=\"flex-basis:85%\">\n<p>Indirizzo: Via Lungomare, 32, 89861 Tropea VV<br>Coordinate: 38.6800, 15.8956<\/p>\n<\/div>\n\n\n\n<div class=\"wp-block-column is-layout-flow wp-block-column-is-layout-flow\" style=\"flex-basis:15%\">\n<p class=\"has-text-align-right\"><a href=\"https:\/\/maps.app.goo.gl\/VggRuZd2NenGaRDX8\" target=\"_blank\" aria-label=\" (opens in a new tab)\" rel=\"noreferrer noopener\" class=\"ek-link\">Google Maps<\/a><\/p>\n<\/div>\n<\/div>\n\n\n<div class=\"wp-block-ub-divider ub_divider ub-divider-orientation-horizontal\" id=\"ub_divider_b270a711-8a94-4f9b-b1e3-025f2fa85bf3\"><div class=\"ub_divider_wrapper\" style=\"position: relative; margin-bottom: 2px; width: 100%; height: 2px; \" data-divider-alignment=\"center\"><div class=\"ub_divider_line\" style=\"border-top: 2px solid #ccc; margin-top: 2px; \"><\/div><\/div><\/div>\n\n\n<h4 class=\"wp-block-heading\" id=\"tropea-cathedral\"><strong>Duomo di Tropea<\/strong><\/h4>\n\n\n\n<p class=\"translation-block\">Anche noto come: Cattedrale di Maria Santissima di Romania<\/p>\n\n\n\n<p class=\"translation-block\">Il Duomo di Tropea \u00e8 una chiesa medievale nel centro storico di Tropea. Eretto dai Normanni nel dodicesimo secolo, fu successivamente rimaneggiato in stile barocco. La chiesa \u00e8 nota per ospitare un dipinto bizantino della Madonna del quattordicesimo secolo. Accanto alla chiesa si trova un piccolo museo di arte religiosa.<\/p>\n\n\n\n<div class=\"wp-block-columns is-layout-flex wp-container-core-columns-is-layout-9d6595d7 wp-block-columns-is-layout-flex\">\n<div class=\"wp-block-column is-layout-flow wp-block-column-is-layout-flow\" style=\"flex-basis:85%\">\n<p>Indirizzo: Largo Duomo, 12, 89861 Tropea VV<br>Coordinate: 38.6780, 15.8988<\/p>\n<\/div>\n\n\n\n<div class=\"wp-block-column is-layout-flow wp-block-column-is-layout-flow\" style=\"flex-basis:15%\">\n<p class=\"has-text-align-right\"><a href=\"https:\/\/maps.app.goo.gl\/HiR41u93aggEmCRa8\" target=\"_blank\" aria-label=\" (opens in a new tab)\" rel=\"noreferrer noopener\" class=\"ek-link\">Google Maps<\/a><\/p>\n<\/div>\n<\/div>\n\n\n<div class=\"wp-block-ub-divider ub_divider ub-divider-orientation-horizontal\" id=\"ub_divider_54636eb6-7b0a-4290-ae47-fde23c6d292c\"><div class=\"ub_divider_wrapper\" style=\"position: relative; margin-bottom: 2px; width: 100%; height: 2px; \" data-divider-alignment=\"center\"><div class=\"ub_divider_line\" style=\"border-top: 2px solid #ccc; margin-top: 2px; \"><\/div><\/div><\/div>\n\n\n<h4 class=\"wp-block-heading\" id=\"beaches-of-tropea\"><strong>Spiagge di Tropea<\/strong><\/h4>\n\n\n\n<p class=\"translation-block\">Tropea \u00e8 una delle localit\u00e0 balneari pi\u00f9 apprezzate della Calabria e presenta diverse spiagge con sabbia bianca e acque limpide. Tra queste, la pi\u00f9 famosa \u00e8 la <strong>Spiaggia della Rotonda<\/strong>, che si estende a est dello scoglio del Santuario di Santa Maria dell'Isola, e appena sotto la scogliera dove si trova il centro storico di Tropea.<\/p>\n\n\n\n<div class=\"wp-block-columns is-layout-flex wp-container-core-columns-is-layout-9d6595d7 wp-block-columns-is-layout-flex\">\n<div class=\"wp-block-column is-layout-flow wp-block-column-is-layout-flow\" style=\"flex-basis:85%\">\n<p>Indirizzo: Via Lungomare, 89861 Tropea VV<br>Coordinate: 38.6804, 15.8990<\/p>\n<\/div>\n\n\n\n<div class=\"wp-block-column is-layout-flow wp-block-column-is-layout-flow\" style=\"flex-basis:15%\">\n<p class=\"has-text-align-right\"><a href=\"https:\/\/maps.app.goo.gl\/5X9e41mBNxFbjSTQ7\" target=\"_blank\" aria-label=\" (opens in a new tab)\" rel=\"noreferrer noopener\" class=\"ek-link\">Google Maps<\/a><\/p>\n<\/div>\n<\/div>\n\n\n<div style=\"margin-top: var(--wp--preset--spacing--40); margin-bottom: var(--wp--preset--spacing--40); \" class=\"wp-block-ub-divider ub_divider ub-divider-orientation-horizontal\" id=\"ub_divider_449562f4-fa7c-41f8-9bf4-285c5fb0ca15\"><div class=\"ub_divider_wrapper\" style=\"position: relative; margin-bottom: 10px; width: 100%; height: 10px; \" data-divider-alignment=\"center\"><div class=\"ub_divider_line\" style=\"border-top: 2px solid #000000; margin-top: 10px; \"><\/div><\/div><\/div>\n\n\n<h2 class=\"wp-block-heading\" id=\"serra-san-bruno\"><strong>Serra San Bruno<\/strong><\/h2>\n\n\n\n<p>Serra San Bruno \u00e8 un paese situato tra le montagne della Provincia di Vibo Valentia. La cittadina \u00e8 famosa per ospitare una grande certosa, attorno alla quale si svilupp\u00f2 nel Basso Medioevo.<\/p>\n\n\n<div class=\"wp-block-ub-divider ub_divider ub-divider-orientation-horizontal\" id=\"ub_divider_e094b663-78d4-4fb7-9780-c322db39ada7\"><div class=\"ub_divider_wrapper\" style=\"position: relative; margin-bottom: 2px; width: 100%; height: 2px; \" data-divider-alignment=\"center\"><div class=\"ub_divider_line\" style=\"border-top: 2px solid #ccc; margin-top: 2px; \"><\/div><\/div><\/div>\n\n\n<h4 class=\"wp-block-heading\" id=\"serra-san-bruno-charterhouse\"><strong>Certosa di Serra San Bruno<\/strong><\/h4>\n\n\n\n<p class=\"translation-block\">La Certosa di Serra San Bruno \u00e8 un grande monastero certosino fondato nell'undicesimo secolo tra le montagne della Calabria. Successivamente il complesso fu ampliato e rimaneggiato pi\u00f9 volte e oggi ospita diverse opere d'arte e un museo.<\/p>\n\n\n\n<div class=\"wp-block-columns is-layout-flex wp-container-core-columns-is-layout-9d6595d7 wp-block-columns-is-layout-flex\">\n<div class=\"wp-block-column is-layout-flow wp-block-column-is-layout-flow\" style=\"flex-basis:85%\">\n<p>Indirizzo: Piazzale Santo Stefano, 1, 89822 Serra San Bruno VV<br>Coordinate: 38.5663, 16.3200<\/p>\n<\/div>\n\n\n\n<div class=\"wp-block-column is-layout-flow wp-block-column-is-layout-flow\" style=\"flex-basis:15%\">\n<p class=\"has-text-align-right\"><a href=\"https:\/\/maps.app.goo.gl\/9CQFWHFfXchiJe49A\" target=\"_blank\" aria-label=\" (opens in a new tab)\" rel=\"noreferrer noopener\" class=\"ek-link\">Google Maps<\/a><\/p>\n<\/div>\n<\/div>","protected":false},"excerpt":{"rendered":"<p>&lt;&lt; Calabria The Vibonese is the territory of the Province of Vibo Valentia, located in Calabria between the mountains and the Tyrrhenian Sea. This area is known for hosting the Coast of the Gods (Costa degli Dei), a beautiful coastline with several popular seaside resorts, most notably Tropea. Other interesting attractions are also located more inland. Vibo Valentia Vibo Valentia is a city located on the hills near the Tyrrhenian Sea in Calabria. This was once the site of the Greek colony of Hipponion, founded around the 7th century BCE. Hipponion was a wealthy city, but later declined and was conquered by the Romans, taking the name Vibo Valentia. The city was almost completely abandoned after the fall of the Western Roman Empire, and the new town was established in the 13th century as Monteleone. After centuries as a small town, it was renamed Vibo Valentia in 1928, and became the capital of its own province in 1992. Norman-Swabian Castle The Norman-Swabian Castle (Castello Normanno-Svevo) is a medieval castle in Vibo Valentia. The castle was erected in the Late Middle Ages and was later reworked and used as a prison. Now it hosts the Vito Capialbi State Archaeological Museum (Museo Archeologico Statale Vito Capialbi), which houses numerous archaeological findings unearthed around the city and dating mostly from the Greek and Roman era. Address: Via Sette Martiri, 89900 Vibo Valentia VVCoordinates: 38.6710, 16.1082 Google Maps Archaeological Park of Hipponion-Valentia The Archaeological Park of Hipponion-Valentia (Parco Archeologico di Hipponion-Valentia) houses some ruins of the ancient Greek colony of Hipponion. Among these are some sections of defensive walls, and a few ruins of a temple. Address: Via Croce Nivera, 89900 Vibo Valentia VVCoordinates: 38.6766, 16.1161 Google Maps Pizzo Pizzo is a town located on the Tyrrhenian Sea just north of Vibo Valentia. The town emerged as a fishing village in the Late Middle Ages, and it is best known for being the birthplace of the tartufo, a kind of dessert. Pizzo Castle Also known as: Murat Castle (Castello Murat) The Pizzo Castle is castle located on a cliff overlooking the Tyrrhenian Sea in Pizzo. Erected during the Late Middle Ages and later expanded, the castle is known for being the place where Joachim Murat, King of Naples during the Napoleonic era, was imprisoned and executed. The castle now hosts a museum of local history. Address: Via P. Marincola, 89812 Pizzo VVCoordinates: 38.7355, 16.1604 Google Maps Church of Piedigrotta The Church of Piedigrotta (Chiesetta di Piedigrotta) is a small church carved in the rock along the coast north of Pizzo. Founded in the 17th century and later expanded, the church houses numerous statues made in the 19th and 20th century. Address: Via Riviera Prangi, SS522, 89812 Pizzo VVCoordinates: 38.7422, 16.1749 Google Maps Tropea Tropea is a small town and seaside resort located on the Tyrrhenian Sea at the center of the Coast of the Gods in the Province of Vibo Valentia. A city of ancient origins, it is known for its beautiful old town, located on a cliff overlooking the sea. \u272a Sanctuary of Santa Maria dell&#8217;Isola The Sanctuary of Santa Maria dell&#8217;Isola (Santuario di Santa Maria dell&#8217;Isola) is a historic religious site located on top of a large rock on the sea. Founded in the Early Middle Ages as a monastery, it was later reworked several times. Due to its peculiar position, it is one of the most iconic sights in Calabria, and it offers a great view on the surrounding coast. Address: Via Lungomare, 32, 89861 Tropea VVCoordinates: 38.6800, 15.8956 Google Maps Tropea Cathedral Also known as: Cathedral of Maria Santissima di Romania (Cattedrale di Maria Santissima di Romania) The Tropea Cathedral (Duomo di Tropea) is a medieval church in the old town of Tropea. Erected by the Normans in the 12th century, it was later reworked in Baroque style. The church is known for hosting a 14th-century Byzantine painting of the Virgin Mary. A small museum of religious art is located next to the church. Address: Largo Duomo, 12, 89861 Tropea VVCoordinates: 38.6780, 15.8988 Google Maps Beaches of Tropea Tropea is one of the most popular seaside resorts in Calabria, and features various beaches with white sand and clear waters. Among these, the most famous is the Spiaggia della Rotonda, which extends east of the rock of the Sanctuary of Santa Maria dell&#8217;Isola, and just below the cliff where the old town of Tropea sits. Address: Via Lungomare, 89861 Tropea VVCoordinates: 38.6804, 15.8990 Google Maps Serra San Bruno Serra San Bruno is a town located among the mountains in the Province of Vibo Valentia. The town is famous for hosting a large charterhouse, and it developed around it in the Late Middle Ages. Serra San Bruno Charterhouse The Serra San Bruno Charterhouse (Certosa di Serra San Bruno) is a large Carthusian monastery founded in the 11th century among the mountains of Calabria. The complex was later expanded and reworked a few times, and now it features various artworks and a museum. Address: Piazzale Santo Stefano, 1, 89822 Serra San Bruno VVCoordinates: 38.5663, 16.3200 Google Maps<\/p>","protected":false},"author":1,"featured_media":0,"parent":932,"menu_order":0,"comment_status":"closed","ping_status":"closed","template":"","meta":{"_editorskit_title_hidden":false,"_editorskit_reading_time":0,"_editorskit_is_block_options_detached":false,"_editorskit_block_options_position":"{}","om_disable_all_campaigns":false,"_uag_custom_page_level_css":"","advgb_blocks_editor_width":"","advgb_blocks_columns_visual_guide":"","_monsterinsights_skip_tracking":false,"_monsterinsights_sitenote_active":false,"_monsterinsights_sitenote_note":"","_monsterinsights_sitenote_category":0,"footnotes":""},"class_list":["post-11020","page","type-page","status-publish","hentry"],"aioseo_notices":[],"featured_image_src":null,"uagb_featured_image_src":{"full":false,"thumbnail":false,"medium":false,"medium_large":false,"large":false,"1536x1536":false,"2048x2048":false,"trp-custom-language-flag":false,"xs-thumb":false,"post-thumbnail":false,"minimalistblogger-grid":false,"minimalistblogger-slider":false,"minimalistblogger-small":false},"uagb_author_info":{"display_name":"Stefano Cammisa","author_link":"https:\/\/www.cosmundus.com\/it\/author\/stefano-cammisa\/"},"uagb_comment_info":0,"uagb_excerpt":"&lt;&lt; Calabria The Vibonese is the territory of the Province of Vibo Valentia, located in Calabria between the mountains and the Tyrrhenian Sea. This area is known for hosting the Coast of the Gods (Costa degli Dei), a beautiful coastline with several popular seaside resorts, most notably Tropea. Other interesting attractions are also located more&hellip;","coauthors":[],"author_meta":{"author_link":"https:\/\/www.cosmundus.com\/it\/author\/stefano-cammisa\/","display_name":"Stefano Cammisa"},"relative_dates":{"created":"Pubblicato 2 anni fa","modified":"Aggiornato 2 anni fa"},"absolute_dates":{"created":"Pubblicato il 7 Ottobre 2024","modified":"Aggiornato il 7 Ottobre 2024"},"absolute_dates_time":{"created":"Pubblicato il 7 Ottobre 2024 10:27 am","modified":"Aggiornato il 7 Ottobre 2024 10:27 am"},"featured_img_caption":"","featured_img":false,"series_order":"","_links":{"self":[{"href":"https:\/\/www.cosmundus.com\/it\/wp-json\/wp\/v2\/pages\/11020","targetHints":{"allow":["GET"]}}],"collection":[{"href":"https:\/\/www.cosmundus.com\/it\/wp-json\/wp\/v2\/pages"}],"about":[{"href":"https:\/\/www.cosmundus.com\/it\/wp-json\/wp\/v2\/types\/page"}],"author":[{"embeddable":true,"href":"https:\/\/www.cosmundus.com\/it\/wp-json\/wp\/v2\/users\/1"}],"replies":[{"embeddable":true,"href":"https:\/\/www.cosmundus.com\/it\/wp-json\/wp\/v2\/comments?post=11020"}],"version-history":[{"count":6,"href":"https:\/\/www.cosmundus.com\/it\/wp-json\/wp\/v2\/pages\/11020\/revisions"}],"predecessor-version":[{"id":11909,"href":"https:\/\/www.cosmundus.com\/it\/wp-json\/wp\/v2\/pages\/11020\/revisions\/11909"}],"up":[{"embeddable":true,"href":"https:\/\/www.cosmundus.com\/it\/wp-json\/wp\/v2\/pages\/932"}],"wp:attachment":[{"href":"https:\/\/www.cosmundus.com\/it\/wp-json\/wp\/v2\/media?parent=11020"}],"curies":[{"name":"wp","href":"https:\/\/api.w.org\/{rel}","templated":true}]}}