{"id":11014,"date":"2024-10-07T10:26:03","date_gmt":"2024-10-07T08:26:03","guid":{"rendered":"https:\/\/www.cosmundus.com\/?page_id=11014"},"modified":"2024-10-07T10:26:03","modified_gmt":"2024-10-07T08:26:03","slug":"crotonese","status":"publish","type":"page","link":"https:\/\/www.cosmundus.com\/it\/destinations\/crotonese\/","title":{"rendered":"Crotonese"},"content":{"rendered":"<p class=\"has-text-align-right\">&lt;&lt; <a href=\"https:\/\/www.cosmundus.com\/it\/atlas\/europe\/southern-europe\/italy\/south-italy\/calabria\/\" class=\"ek-link\">Calabria<\/a><\/p>\n\n\n\n<p>La Provincia di Crotone si trova nella Calabria orientale, tra l'altopiano della Sila e il Mar Ionio. Questa zona ospita alcune localit\u00e0 turistiche e di villeggiatura estiva, mentre il capoluogo \u00e8 noto per la sua lunga e ricca storia.<\/p>\n\n\n\n<div class=\"wp-block-group\"><div class=\"wp-block-group__inner-container is-layout-constrained wp-block-group-is-layout-constrained\"><div style=\"border: 1px solid #8ed1fc; border-radius: 0%; background-color: inherit; \" class=\"ub-styled-box ub-bordered-box wp-block-ub-styled-box\" id=\"ub-styled-box-7b7cfe43-c350-4517-a84a-5e7ddf740cd2\">\n<p class=\"has-medium-font-size\" id=\"ub-styled-box-bordered-content-da1675ee-dedb-4138-b388-1a8e0771d09b\">Posti da vedere nel Crotonese<\/p>\n\n\n<div class=\"wp-block-aioseo-table-of-contents\"><ul><li><a class=\"aioseo-toc-item\" href=\"#crotone\">Crotone<\/a><ul><li><a class=\"aioseo-toc-item\" href=\"#archaeological-park-of-capo-colonna\">Parco Archeologico di Capo Colonna<\/a><\/li><li><a class=\"aioseo-toc-item\" href=\"#charles-v-castle\">Castello di Carlo V<\/a><\/li><li><a class=\"aioseo-toc-item\" href=\"#national-archaeological-museum-of-crotone\">Museo Archeologico Nazionale di Crotone<\/a><\/li><\/ul><\/li><li><a class=\"aioseo-toc-item\" href=\"#isola-di-capo-rizzuto\">Isola di Capo Rizzuto<\/a><ul><li><a class=\"aioseo-toc-item\" href=\"#le-castella-castle\">Castello di Le Castella<\/a><\/li><\/ul><\/li><li><a class=\"aioseo-toc-item\" href=\"#santa-severina\">Santa Severina<\/a><ul><li><a class=\"aioseo-toc-item\" href=\"#santa-severina-castle\">Castello di Santa Severina<\/a><\/li><\/ul><\/li><\/ul><\/div>\n\n<\/div><\/div><\/div>\n\n\n\n<h2 class=\"wp-block-heading\" id=\"crotone\"><strong>Crotone<\/strong><\/h2>\n\n\n\n<p>Crotone \u00e8 una citt\u00e0 situata sul Mar Ionio in Calabria. Fu fondata da coloni greci nell'ottavo secolo a.C. e divenne presto una delle citt\u00e0 pi\u00f9 fiorenti della Magna Grecia. Crotone rimase a lungo tra le pi\u00f9 importanti colonie greche e nel sesto secolo a.C. Pitagora fond\u00f2 qui la sua scuola. Nel corso del tempo la citt\u00e0 decadde e fu colpita da diverse guerre, fino a essere conquistata dai Romani. Da allora Crotone \u00e8 stato un piccolo centro regionale, e nel 1992 divenne il capoluogo di una nuova provincia.<\/p>\n\n\n<div class=\"wp-block-ub-divider ub_divider ub-divider-orientation-horizontal\" id=\"ub_divider_b003dc12-c652-47b7-bc37-5d7eaf6ed84c\"><div class=\"ub_divider_wrapper\" style=\"position: relative; margin-bottom: 2px; width: 100%; height: 2px; \" data-divider-alignment=\"center\"><div class=\"ub_divider_line\" style=\"border-top: 2px solid #ccc; margin-top: 2px; \"><\/div><\/div><\/div>\n\n\n<h4 class=\"wp-block-heading\" id=\"archaeological-park-of-capo-colonna\"><strong>Parco Archeologico di Capo Colonna<\/strong><\/h4>\n\n\n\n<p class=\"translation-block\">Il Parco Archeologico di Capo Colonna \u00e8 un sito archeologico situato su un promontorio lungo la costa a sud di Crotone. In quest'area si trovano i resti del <strong>Tempio di Hera Lacinia<\/strong>, che fu uno dei santuari pi\u00f9 importanti della Magna Grecia durante l'et\u00e0 greca. Il tempio \u00e8 circondato dalle rovine di varie altre strutture antiche. Il parco comprende il <strong>Museo Archeologico di Capo Colonna<\/strong>, che ospita oggetti antichi rinvenuti qui.<\/p>\n\n\n\n<div class=\"wp-block-columns is-layout-flex wp-container-core-columns-is-layout-9d6595d7 wp-block-columns-is-layout-flex\">\n<div class=\"wp-block-column is-layout-flow wp-block-column-is-layout-flow\" style=\"flex-basis:85%\">\n<p>Indirizzo: Via Hera Lacinia, 88900 Crotone KR<br>Coordinate: 39.0265, 17.2048<\/p>\n<\/div>\n\n\n\n<div class=\"wp-block-column is-layout-flow wp-block-column-is-layout-flow\" style=\"flex-basis:15%\">\n<p class=\"has-text-align-right\"><a href=\"https:\/\/maps.app.goo.gl\/rJQ7veeNhqhfDoMK7\" target=\"_blank\" aria-label=\" (opens in a new tab)\" rel=\"noreferrer noopener\" class=\"ek-link\">Google Maps<\/a><\/p>\n<\/div>\n<\/div>\n\n\n<div class=\"wp-block-ub-divider ub_divider ub-divider-orientation-horizontal\" id=\"ub_divider_c8860acc-6cd8-4a16-9e4b-624c2b851fe6\"><div class=\"ub_divider_wrapper\" style=\"position: relative; margin-bottom: 2px; width: 100%; height: 2px; \" data-divider-alignment=\"center\"><div class=\"ub_divider_line\" style=\"border-top: 2px solid #ccc; margin-top: 2px; \"><\/div><\/div><\/div>\n\n\n<h4 class=\"wp-block-heading\" id=\"charles-v-castle\"><strong>Castello di Carlo V<\/strong><\/h4>\n\n\n\n<p class=\"translation-block\">Il Castello di Carlo V \u00e8 un castello medievale a Crotone. Eretto originariamente nel nono secolo sul sito dell'antica acropoli greca, fu poi rimaneggiato in epoca rinascimentale, sotto il dominio di Carlo V. La struttura \u00e8 ancora ben conservata e oggi ospita il <strong>Museo Civico di Crotone<\/strong>, che comprende mostre sulla storia della citt\u00e0.<\/p>\n\n\n\n<div class=\"wp-block-columns is-layout-flex wp-container-core-columns-is-layout-9d6595d7 wp-block-columns-is-layout-flex\">\n<div class=\"wp-block-column is-layout-flow wp-block-column-is-layout-flow\" style=\"flex-basis:85%\">\n<p>Indirizzo: Piazza Castello, 33, 88900 Crotone KR<br>Coordinate: 39.0817, 17.1317<\/p>\n<\/div>\n\n\n\n<div class=\"wp-block-column is-layout-flow wp-block-column-is-layout-flow\" style=\"flex-basis:15%\">\n<p class=\"has-text-align-right\"><a href=\"https:\/\/maps.app.goo.gl\/rPbNSkGxpdLcFaKV6\" target=\"_blank\" aria-label=\" (opens in a new tab)\" rel=\"noreferrer noopener\" class=\"ek-link\">Google Maps<\/a><\/p>\n<\/div>\n<\/div>\n\n\n<div class=\"wp-block-ub-divider ub_divider ub-divider-orientation-horizontal\" id=\"ub_divider_fda9b96d-754d-4b67-8642-7474dbd7bbbd\"><div class=\"ub_divider_wrapper\" style=\"position: relative; margin-bottom: 2px; width: 100%; height: 2px; \" data-divider-alignment=\"center\"><div class=\"ub_divider_line\" style=\"border-top: 2px solid #ccc; margin-top: 2px; \"><\/div><\/div><\/div>\n\n\n<h4 class=\"wp-block-heading\" id=\"national-archaeological-museum-of-crotone\"><strong>Museo Archeologico Nazionale di Crotone<\/strong><\/h4>\n\n\n\n<p class=\"translation-block\">Il Museo Archeologico Nazionale di Crotone \u00e8 un museo archeologico dedicato alla storia di Crotone. La sua collezione comprende numerosi reperti rinvenuti nei dintorni della citt\u00e0, in gran parte risalenti all'epoca greca. Il museo ospita anche oggetti e opere d'arte databili tra la preistoria e il Medioevo.<\/p>\n\n\n\n<div class=\"wp-block-columns is-layout-flex wp-container-core-columns-is-layout-9d6595d7 wp-block-columns-is-layout-flex\">\n<div class=\"wp-block-column is-layout-flow wp-block-column-is-layout-flow\" style=\"flex-basis:85%\">\n<p>Indirizzo: Via Risorgimento, 14, 88900 Crotone KR<br>Coordinate: 39.0803, 17.1311<\/p>\n<\/div>\n\n\n\n<div class=\"wp-block-column is-layout-flow wp-block-column-is-layout-flow\" style=\"flex-basis:15%\">\n<p class=\"has-text-align-right\"><a href=\"https:\/\/maps.app.goo.gl\/sZvjSi2KDxRdTHYE7\" target=\"_blank\" aria-label=\" (opens in a new tab)\" rel=\"noreferrer noopener\" class=\"ek-link\">Google Maps<\/a><\/p>\n<\/div>\n<\/div>\n\n\n<div style=\"margin-top: var(--wp--preset--spacing--40); margin-bottom: var(--wp--preset--spacing--40); \" class=\"wp-block-ub-divider ub_divider ub-divider-orientation-horizontal\" id=\"ub_divider_e5c8a4b6-3641-4700-a51d-cd33d1ec40e8\"><div class=\"ub_divider_wrapper\" style=\"position: relative; margin-bottom: 10px; width: 100%; height: 10px; \" data-divider-alignment=\"center\"><div class=\"ub_divider_line\" style=\"border-top: 2px solid #000000; margin-top: 10px; \"><\/div><\/div><\/div>\n\n\n<h2 class=\"wp-block-heading\" id=\"isola-di-capo-rizzuto\"><strong>Isola di Capo Rizzuto<\/strong><\/h2>\n\n\n\n<p>Isola di Capo Rizzuto \u00e8 un paese situato a sud di Crotone. La citt\u00e0 \u00e8 stata fondata nel Medioevo, e si \u00e8 sviluppata recentemente grazie alle localit\u00e0 balneari situate nel suo territorio.<\/p>\n\n\n<div class=\"wp-block-ub-divider ub_divider ub-divider-orientation-horizontal\" id=\"ub_divider_3966b5b8-eca1-4ed7-a7bc-c4af78f2b12e\"><div class=\"ub_divider_wrapper\" style=\"position: relative; margin-bottom: 2px; width: 100%; height: 2px; \" data-divider-alignment=\"center\"><div class=\"ub_divider_line\" style=\"border-top: 2px solid #ccc; margin-top: 2px; \"><\/div><\/div><\/div>\n\n\n<h4 class=\"wp-block-heading\" id=\"le-castella-castle\"><strong>Castello di Le Castella<\/strong><\/h4>\n\n\n\n<p>Le Castella \u00e8 un villaggio situato sul Mar Ionio a sud di Isola di Capo Rizzuto. La cittadina \u00e8 nota per il Castello di Le Castella, un'antica fortezza circondata quasi completamente dal mare. Il castello fu originariamente costruito come un forte da coloni greci, mentre la struttura moderna risale al quindicesimo secolo. Ora restaurato, \u00e8 stato trasformato in un'attrazione turistica.<\/p>\n\n\n\n<div class=\"wp-block-columns is-layout-flex wp-container-core-columns-is-layout-9d6595d7 wp-block-columns-is-layout-flex\">\n<div class=\"wp-block-column is-layout-flow wp-block-column-is-layout-flow\" style=\"flex-basis:85%\">\n<p>Indirizzo: Via Rigon, 9, 88841 Le Castella KR<br>Coordinate: 38.9070, 17.0213<\/p>\n<\/div>\n\n\n\n<div class=\"wp-block-column is-layout-flow wp-block-column-is-layout-flow\" style=\"flex-basis:15%\">\n<p class=\"has-text-align-right\"><a href=\"https:\/\/maps.app.goo.gl\/ji9dmtNwrXLqMmwy8\" target=\"_blank\" aria-label=\" (opens in a new tab)\" rel=\"noreferrer noopener\" class=\"ek-link\">Google Maps<\/a><\/p>\n<\/div>\n<\/div>\n\n\n<div style=\"margin-top: var(--wp--preset--spacing--40); margin-bottom: var(--wp--preset--spacing--40); \" class=\"wp-block-ub-divider ub_divider ub-divider-orientation-horizontal\" id=\"ub_divider_f0318f5f-b87a-4c4c-a818-013fcf5599b9\"><div class=\"ub_divider_wrapper\" style=\"position: relative; margin-bottom: 10px; width: 100%; height: 10px; \" data-divider-alignment=\"center\"><div class=\"ub_divider_line\" style=\"border-top: 2px solid #000000; margin-top: 10px; \"><\/div><\/div><\/div>\n\n\n<h2 class=\"wp-block-heading\" id=\"santa-severina\"><strong>Santa Severina<\/strong><\/h2>\n\n\n\n<p>Santa Severina \u00e8 una cittadina situata tra le colline a ovest di Crotone. Abitato fin dall'antichit\u00e0, il paese \u00e8 noto per il suo antico castello e per offrire un meraviglioso panorama sul territorio circostante.<\/p>\n\n\n<div class=\"wp-block-ub-divider ub_divider ub-divider-orientation-horizontal\" id=\"ub_divider_839d1b88-0731-4540-a0c6-23f1913cbed5\"><div class=\"ub_divider_wrapper\" style=\"position: relative; margin-bottom: 2px; width: 100%; height: 2px; \" data-divider-alignment=\"center\"><div class=\"ub_divider_line\" style=\"border-top: 2px solid #ccc; margin-top: 2px; \"><\/div><\/div><\/div>\n\n\n<h4 class=\"wp-block-heading\" id=\"santa-severina-castle\"><strong>Castello di Santa Severina<\/strong><\/h4>\n\n\n\n<p>Il Castello di Santa Severina \u00e8 una fortezza costruita a Santa Severina dai Normanni nel corso dell'undicesimo secolo. Successivamente il forte venne ampliato e trasformato in una residenza nobiliare. Il castello \u00e8 stato restaurato e ora ospita un museo con reperti archeologici rinvenuti intorno alla citt\u00e0.<\/p>\n\n\n\n<div class=\"wp-block-columns is-layout-flex wp-container-core-columns-is-layout-9d6595d7 wp-block-columns-is-layout-flex\">\n<div class=\"wp-block-column is-layout-flow wp-block-column-is-layout-flow\" style=\"flex-basis:85%\">\n<p>Indirizzo: Piazza Campo, 88832 Santa Severina KR<br>Coordinate: 39.1468, 16.9145<\/p>\n<\/div>\n\n\n\n<div class=\"wp-block-column is-layout-flow wp-block-column-is-layout-flow\" style=\"flex-basis:15%\">\n<p class=\"has-text-align-right\"><a href=\"https:\/\/maps.app.goo.gl\/zXW6wHDASMYpaAdp6\" target=\"_blank\" aria-label=\" (opens in a new tab)\" rel=\"noreferrer noopener\" class=\"ek-link\">Google Maps<\/a><\/p>\n<\/div>\n<\/div>","protected":false},"excerpt":{"rendered":"<p>&lt;&lt; Calabria The Province of Crotone is located in eastern Calabria, between the Sila plateau and the Ionian Sea. This area houses some tourist destinations and summer resorts, while the provincial capital is known for its long and rich history. Crotone Crotone is a city located on the Ionian Sea in Calabria. It was founded by Greek colonists in the 8th century BCE, and soon became one of the most flourishing cities of Magna Graecia. Crotone remained among the most prominent Greek colonies for a long time, and in the 6th century BCE Pythagoras founded his school here. Over time the city declined and was hit by several wars, until it was conquered by the Romans. Crotone has been a small regional center ever since, and in 1992 it became the capital of its own province. Archaeological Park of Capo Colonna The Archaeological Park of Capo Colonna (Parco Archeologico di Capo Colonna) is an archaeological site located on a promontory along the coast south of Crotone. This area houses the ruins of the Temple of Hera Lacinia (Tempio di Hera Lacinia), which was one of the most important sanctuaries of Magna Graecia during the Greek age. The temple is surrounded by the ruins of various other ancient structures. The park includes the Archaeological Museum of Capo Colonna (Museo Archeologico di Capo Colonna), which houses ancient objects found here. Address: Via Hera Lacinia, 88900 Crotone KRCoordinates: 39.0265, 17.2048 Google Maps Charles V Castle The Charles V Castle (Castello di Carlo V) is a medieval castle in Crotone. Originally erected in the 9th century on the site of the ancient Greek acropolis, it was later reworked during the Renaissance, under the rule of Charles V. The structure is still well preserved, and now hosts the Civic Museum of Crotone (Museo Civico di Crotone), which includes exhibitions on the history of the city. Address: Piazza Castello, 33, 88900 Crotone KRCoordinates: 39.0817, 17.1317 Google Maps National Archaeological Museum of Crotone The National Archaeological Museum of Crotone (Museo Archeologico Nazionale di Crotone) is an archaeological museum dedicated to the history of Crotone. Its collection includes numerous findings unearthed around the city, mostly dating from the Greek era. The museum also houses objects and artworks dating between prehistory and the Middle Ages. Address: Via Risorgimento, 14, 88900 Crotone KRCoordinates: 39.0803, 17.1311 Google Maps Isola di Capo Rizzuto Isola di Capo Rizzuto is a town located south of Crotone. The city was founded in the Middle Ages, and it has developed recently thanks to the seaside resorts located in its territory. Le Castella Castle Le Castella is a hamlet located on the Ionian Sea south of Isola di Capo Rizzuto. The small town is known for the Le Castella Castle, an ancient fortress almost completely surrounded by the sea. The castle was originally built as a fort by Greek colonists, while the modern structure dates from the 15th century. Now restored, it has been turned into a tourist attraction. Address: Via Rigon, 9, 88841 Le Castella KRCoordinates: 38.9070, 17.0213 Google Maps Santa Severina Santa Severina is a town located among the hills west of Crotone. Inhabited since ancient times, the town is known for its ancient castle and for offering a great view on the surrounding territory. Santa Severina Castle The Santa Severina Castle is a fortress built in Santa Severina by the Normans during the 11th century. The fort was later expanded and turned into a noble residence. The castle has been restored, and now it hosts a museum with archaeological findings unearthed around the town. Address: Piazza Campo, 88832 Santa Severina KRCoordinates: 39.1468, 16.9145 Google Maps<\/p>","protected":false},"author":1,"featured_media":0,"parent":932,"menu_order":0,"comment_status":"closed","ping_status":"closed","template":"","meta":{"_editorskit_title_hidden":false,"_editorskit_reading_time":0,"_editorskit_is_block_options_detached":false,"_editorskit_block_options_position":"{}","om_disable_all_campaigns":false,"_uag_custom_page_level_css":"","advgb_blocks_editor_width":"","advgb_blocks_columns_visual_guide":"","_monsterinsights_skip_tracking":false,"_monsterinsights_sitenote_active":false,"_monsterinsights_sitenote_note":"","_monsterinsights_sitenote_category":0,"footnotes":""},"class_list":["post-11014","page","type-page","status-publish","hentry"],"aioseo_notices":[],"featured_image_src":null,"uagb_featured_image_src":{"full":false,"thumbnail":false,"medium":false,"medium_large":false,"large":false,"1536x1536":false,"2048x2048":false,"trp-custom-language-flag":false,"xs-thumb":false,"post-thumbnail":false,"minimalistblogger-grid":false,"minimalistblogger-slider":false,"minimalistblogger-small":false},"uagb_author_info":{"display_name":"Stefano Cammisa","author_link":"https:\/\/www.cosmundus.com\/it\/author\/stefano-cammisa\/"},"uagb_comment_info":0,"uagb_excerpt":"&lt;&lt; Calabria The Province of Crotone is located in eastern Calabria, between the Sila plateau and the Ionian Sea. This area houses some tourist destinations and summer resorts, while the provincial capital is known for its long and rich history. Crotone Crotone is a city located on the Ionian Sea in Calabria. It was founded&hellip;","coauthors":[],"author_meta":{"author_link":"https:\/\/www.cosmundus.com\/it\/author\/stefano-cammisa\/","display_name":"Stefano Cammisa"},"relative_dates":{"created":"Pubblicato 2 anni fa","modified":"Aggiornato 2 anni fa"},"absolute_dates":{"created":"Pubblicato il 7 Ottobre 2024","modified":"Aggiornato il 7 Ottobre 2024"},"absolute_dates_time":{"created":"Pubblicato il 7 Ottobre 2024 10:26 am","modified":"Aggiornato il 7 Ottobre 2024 10:26 am"},"featured_img_caption":"","featured_img":false,"series_order":"","_links":{"self":[{"href":"https:\/\/www.cosmundus.com\/it\/wp-json\/wp\/v2\/pages\/11014","targetHints":{"allow":["GET"]}}],"collection":[{"href":"https:\/\/www.cosmundus.com\/it\/wp-json\/wp\/v2\/pages"}],"about":[{"href":"https:\/\/www.cosmundus.com\/it\/wp-json\/wp\/v2\/types\/page"}],"author":[{"embeddable":true,"href":"https:\/\/www.cosmundus.com\/it\/wp-json\/wp\/v2\/users\/1"}],"replies":[{"embeddable":true,"href":"https:\/\/www.cosmundus.com\/it\/wp-json\/wp\/v2\/comments?post=11014"}],"version-history":[{"count":4,"href":"https:\/\/www.cosmundus.com\/it\/wp-json\/wp\/v2\/pages\/11014\/revisions"}],"predecessor-version":[{"id":11907,"href":"https:\/\/www.cosmundus.com\/it\/wp-json\/wp\/v2\/pages\/11014\/revisions\/11907"}],"up":[{"embeddable":true,"href":"https:\/\/www.cosmundus.com\/it\/wp-json\/wp\/v2\/pages\/932"}],"wp:attachment":[{"href":"https:\/\/www.cosmundus.com\/it\/wp-json\/wp\/v2\/media?parent=11014"}],"curies":[{"name":"wp","href":"https:\/\/api.w.org\/{rel}","templated":true}]}}