{"id":10230,"date":"2024-10-07T09:33:58","date_gmt":"2024-10-07T07:33:58","guid":{"rendered":"https:\/\/www.cosmundus.com\/?page_id=10230"},"modified":"2024-10-07T09:33:59","modified_gmt":"2024-10-07T07:33:59","slug":"trabocchi-coast","status":"publish","type":"page","link":"https:\/\/www.cosmundus.com\/it\/destinations\/trabocchi-coast\/","title":{"rendered":"Costa dei Trabocchi"},"content":{"rendered":"<p class=\"has-text-align-right\">&lt;&lt;&nbsp;<a href=\"https:\/\/www.cosmundus.com\/it\/atlas\/europe\/southern-europe\/italy\/south-italy\/abruzzo\/\">Abruzzo<\/a><\/p>\n\n\n\n<p class=\"translation-block\">La Costa dei Trabocchi \u00e8 la costa della Provincia di <a href=\"https:\/\/www.cosmundus.com\/it\/destinations\/chieti-and-eastern-abruzzo\/#chieti\" class=\"ek-link\" target=\"_self\">Chieti<\/a>, sul mare Adriatico. Questa costa ospita diverse rinomate localit\u00e0 balneari e borghi storici come Ortona e Vasto. Il suo nome deriva dalla diffusa presenza di una tradizionale macchina da pesca chiamata trabocco o trabucco.<\/p>\n\n\n\n<div class=\"wp-block-group\"><div class=\"wp-block-group__inner-container is-layout-constrained wp-block-group-is-layout-constrained\"><div style=\"border: 1px solid #8ed1fc; border-radius: 0%; background-color: inherit; \" class=\"ub-styled-box ub-bordered-box wp-block-ub-styled-box\" id=\"ub-styled-box-13942f7a-a8c0-4db2-ae1c-fde34c7f95e0\">\n<p class=\"has-medium-font-size\" id=\"ub-styled-box-bordered-content-1c5a3c7e-0d8c-4e64-800f-45b286780f80\">Posti da vedere sulla Costa dei Trabocchi<\/p>\n\n\n<div class=\"wp-block-aioseo-table-of-contents\"><ul><li><a class=\"aioseo-toc-item\" href=\"#ortona\">Ortona<\/a><ul><li><a class=\"aioseo-toc-item\" href=\"#basilica-of-san-tommaso-apostolo\">Basilica di San Tommaso Apostolo<\/a><\/li><li><a class=\"aioseo-toc-item\" href=\"#music-museum-of-abruzzo\">Museo Musicale d\u2019Abruzzo<\/a><\/li><li><a class=\"aioseo-toc-item\" href=\"#aragonese-castle\">Castello Aragonese<\/a><\/li><li><a class=\"aioseo-toc-item\" href=\"#palazzo-farnese\">Palazzo Farnese<\/a><\/li><li><a class=\"aioseo-toc-item\" href=\"#museum-of-the-battle-of-ortona\">Museo della Battaglia di Ortona<\/a><\/li><\/ul><\/li><li><a class=\"aioseo-toc-item\" href=\"#fossacesia\">Fossacesia<\/a><ul><li><a class=\"aioseo-toc-item\" href=\"#abbey-of-san-giovanni-in-venere\">Abbazia di San Giovanni in Venere<\/a><\/li><\/ul><\/li><li><a class=\"aioseo-toc-item\" href=\"#vasto\">Vasto<\/a><ul><li><a class=\"aioseo-toc-item\" href=\"#palazzo-davalos\">Palazzo d&#8217;Avalos<\/a><\/li><li><a class=\"aioseo-toc-item\" href=\"#vasto-cathedral\">Duomo di Vasto<\/a><\/li><li><a class=\"aioseo-toc-item\" href=\"#caldora-castle\">Castello Caldoresco<\/a><\/li><\/ul><\/li><\/ul><\/div>\n\n<\/div><\/div><\/div>\n\n\n\n<h2 class=\"wp-block-heading\" id=\"ortona\"><strong>Ortona<\/strong><\/h2>\n\n\n\n<p class=\"translation-block\">Ortona \u00e8 una citt\u00e0 situata lungo la costa adriatica nella Provincia di Chieti. Abitata fin dall'antichit\u00e0, si svilupp\u00f2 durante il Medioevo, ed \u00e8 nota per essere stata teatro di una sanguinosa battaglia nel 1943, durante la seconda guerra mondiale. Ortona oggi ospita una localit\u00e0 balneare, ed \u00e8 uno dei principali centri della Costa dei Trabocchi.<\/p>\n\n\n<div class=\"wp-block-ub-divider ub_divider ub-divider-orientation-horizontal\" id=\"ub_divider_1674f852-9ffa-4c0d-9a45-5c000c9e06b8\"><div class=\"ub_divider_wrapper\" style=\"position: relative; margin-bottom: 2px; width: 100%; height: 2px; \" data-divider-alignment=\"center\"><div class=\"ub_divider_line\" style=\"border-top: 2px solid #ccc; margin-top: 2px; \"><\/div><\/div><\/div>\n\n\n<h4 class=\"wp-block-heading\" id=\"basilica-of-san-tommaso-apostolo\"><strong><strong>Basilica di San Tommaso Apostolo<\/strong><\/strong><\/h4>\n\n\n\n<p>La Basilica di San Tommaso Apostolo \u00e8 la chiesa principale di Ortona, originariamente costruita durante il Medioevo sul sito di un antico tempio romano. Pi\u00f9 volte danneggiata e restaurata, la chiesa presenta elementi gotici e decorazioni barocche. La basilica \u00e8 nota per ospitare le reliquie di San Tommaso Apostolo, portate ad Ortona dall'isola greca di Chio nel 1258. La chiesa ospita anche un museo di arte religiosa locale.<\/p>\n\n\n\n<div class=\"wp-block-columns is-layout-flex wp-container-core-columns-is-layout-9d6595d7 wp-block-columns-is-layout-flex\">\n<div class=\"wp-block-column is-layout-flow wp-block-column-is-layout-flow\" style=\"flex-basis:85%\">\n<p>Indirizzo: Piazza S. Tommaso, 66026 Ortona CH<br>Coordinate: 42.3572, 14.4043<\/p>\n<\/div>\n\n\n\n<div class=\"wp-block-column is-layout-flow wp-block-column-is-layout-flow\" style=\"flex-basis:15%\">\n<p class=\"has-text-align-right\"><a href=\"https:\/\/maps.app.goo.gl\/nbZYdTwfWX1WpUqT8\" target=\"_blank\" aria-label=\" (opens in a new tab)\" rel=\"noreferrer noopener\" class=\"ek-link\">Google Maps<\/a><\/p>\n<\/div>\n<\/div>\n\n\n<div class=\"wp-block-ub-divider ub_divider ub-divider-orientation-horizontal\" id=\"ub_divider_bb3e7857-6efe-4bb9-a66d-394301038487\"><div class=\"ub_divider_wrapper\" style=\"position: relative; margin-bottom: 2px; width: 100%; height: 2px; \" data-divider-alignment=\"center\"><div class=\"ub_divider_line\" style=\"border-top: 2px solid #ccc; margin-top: 2px; \"><\/div><\/div><\/div>\n\n\n<h4 class=\"wp-block-heading\" id=\"music-museum-of-abruzzo\"><strong>Museo Musicale d\u2019Abruzzo<\/strong><\/h4>\n\n\n\n<p class=\"translation-block\">Il Museo Musicale d'Abruzzo \u00e8 un museo a Ortona dedicato al compositore locale Francesco Paolo Tosti. Il museo ospita mostre sulla sua vita e le sue opere, oltre a vari strumenti musicali storici.<\/p>\n\n\n\n<div class=\"wp-block-columns is-layout-flex wp-container-core-columns-is-layout-9d6595d7 wp-block-columns-is-layout-flex\">\n<div class=\"wp-block-column is-layout-flow wp-block-column-is-layout-flow\" style=\"flex-basis:85%\">\n<p>Indirizzo: Corso Giacomo Matteotti, 83, 66026 Ortona CH<br>Coordinate: 42.3581, 14.4056<\/p>\n<\/div>\n\n\n\n<div class=\"wp-block-column is-layout-flow wp-block-column-is-layout-flow\" style=\"flex-basis:15%\">\n<p class=\"has-text-align-right\"><a href=\"https:\/\/maps.app.goo.gl\/1tYVmZnLjbTvpf8N9\" target=\"_blank\" aria-label=\" (opens in a new tab)\" rel=\"noreferrer noopener\" class=\"ek-link\">Google Maps<\/a><\/p>\n<\/div>\n<\/div>\n\n\n<div class=\"wp-block-ub-divider ub_divider ub-divider-orientation-horizontal\" id=\"ub_divider_f22bfdf2-2ead-4ec4-beb0-54c1e1356bdb\"><div class=\"ub_divider_wrapper\" style=\"position: relative; margin-bottom: 2px; width: 100%; height: 2px; \" data-divider-alignment=\"center\"><div class=\"ub_divider_line\" style=\"border-top: 2px solid #ccc; margin-top: 2px; \"><\/div><\/div><\/div>\n\n\n<h4 class=\"wp-block-heading\" id=\"aragonese-castle\"><strong>Castello Aragonese<\/strong><\/h4>\n\n\n\n<p>Il Castello Aragonese \u00e8 un castello del quindicesimo secolo eretto su una collina a picco sul mare a Ortona. Pesantemente danneggiato durante la seconda guerra mondiale, il castello \u00e8 stato ora restaurato e presenta imponenti mura e torri.<\/p>\n\n\n\n<div class=\"wp-block-columns is-layout-flex wp-container-core-columns-is-layout-9d6595d7 wp-block-columns-is-layout-flex\">\n<div class=\"wp-block-column is-layout-flow wp-block-column-is-layout-flow\" style=\"flex-basis:85%\">\n<p>Indirizzo: Largo Castello, 3, 66026 Ortona CH<br>Coordinate: 42.3588, 14.4060<\/p>\n<\/div>\n\n\n\n<div class=\"wp-block-column is-layout-flow wp-block-column-is-layout-flow\" style=\"flex-basis:15%\">\n<p class=\"has-text-align-right\"><a href=\"https:\/\/maps.app.goo.gl\/educaSeuQSvW6FH78\" target=\"_blank\" aria-label=\" (opens in a new tab)\" rel=\"noreferrer noopener\" class=\"ek-link\">Google Maps<\/a><\/p>\n<\/div>\n<\/div>\n\n\n<div class=\"wp-block-ub-divider ub_divider ub-divider-orientation-horizontal\" id=\"ub_divider_58b4313d-557a-4aa2-82b6-9b9c30fb30ae\"><div class=\"ub_divider_wrapper\" style=\"position: relative; margin-bottom: 2px; width: 100%; height: 2px; \" data-divider-alignment=\"center\"><div class=\"ub_divider_line\" style=\"border-top: 2px solid #ccc; margin-top: 2px; \"><\/div><\/div><\/div>\n\n\n<h4 class=\"wp-block-heading\" id=\"palazzo-farnese\"><strong>Palazzo Farnese<\/strong><\/h4>\n\n\n\n<p>Palazzo Farnese \u00e8 un palazzo storico a Ortona, eretto tra il sedicesimo e il diciottesimo secolo su commissione della figlia dell'imperatore del Sacro Romano Impero Carlo V, Margherita. Il palazzo oggi ospita un museo d'arte che espone diverse opere della famiglia Cascella.<\/p>\n\n\n\n<div class=\"wp-block-columns is-layout-flex wp-container-core-columns-is-layout-9d6595d7 wp-block-columns-is-layout-flex\">\n<div class=\"wp-block-column is-layout-flow wp-block-column-is-layout-flow\" style=\"flex-basis:85%\">\n<p>Indirizzo: Largo Farnese, 66026 Ortona CH<br>Coordinate: 42.3554, 14.4041<\/p>\n<\/div>\n\n\n\n<div class=\"wp-block-column is-layout-flow wp-block-column-is-layout-flow\" style=\"flex-basis:15%\">\n<p class=\"has-text-align-right\"><a href=\"https:\/\/maps.app.goo.gl\/ocmd2wtcAQRcMuqU9\" target=\"_blank\" aria-label=\" (opens in a new tab)\" rel=\"noreferrer noopener\" class=\"ek-link\">Google Maps<\/a><\/p>\n<\/div>\n<\/div>\n\n\n<div class=\"wp-block-ub-divider ub_divider ub-divider-orientation-horizontal\" id=\"ub_divider_4f201aab-a4f3-414b-9f62-40557c4afcc3\"><div class=\"ub_divider_wrapper\" style=\"position: relative; margin-bottom: 2px; width: 100%; height: 2px; \" data-divider-alignment=\"center\"><div class=\"ub_divider_line\" style=\"border-top: 2px solid #ccc; margin-top: 2px; \"><\/div><\/div><\/div>\n\n\n<h4 class=\"wp-block-heading\" id=\"museum-of-the-battle-of-ortona\"><strong>Museo della Battaglia di Ortona<\/strong><\/h4>\n\n\n\n<p class=\"translation-block\">Il Museo della Battaglia di Ortona \u00e8 un museo dedicato alla sanguinosa battaglia della seconda guerra mondiale combattuta qui nel 1943. Il museo presenta numerosi cimeli e documenti che mostrano la storia della guerra e la battaglia.<\/p>\n\n\n\n<div class=\"wp-block-columns is-layout-flex wp-container-core-columns-is-layout-9d6595d7 wp-block-columns-is-layout-flex\">\n<div class=\"wp-block-column is-layout-flow wp-block-column-is-layout-flow\" style=\"flex-basis:85%\">\n<p>Indirizzo: Corso Garibaldi, 66026 Ortona CH<br>Coordinate: 42.3532, 14.4036<\/p>\n<\/div>\n\n\n\n<div class=\"wp-block-column is-layout-flow wp-block-column-is-layout-flow\" style=\"flex-basis:15%\">\n<p class=\"has-text-align-right\"><a href=\"https:\/\/maps.app.goo.gl\/tpwRzmLydfMnVxWx9\" target=\"_blank\" aria-label=\" (opens in a new tab)\" rel=\"noreferrer noopener\" class=\"ek-link\">Google Maps<\/a><\/p>\n<\/div>\n<\/div>\n\n\n<div style=\"margin-top: var(--wp--preset--spacing--40); margin-bottom: var(--wp--preset--spacing--40); \" class=\"wp-block-ub-divider ub_divider ub-divider-orientation-horizontal\" id=\"ub_divider_f8df5e06-9b7a-45db-ae96-1676dbecfa20\"><div class=\"ub_divider_wrapper\" style=\"position: relative; margin-bottom: 10px; width: 100%; height: 10px; \" data-divider-alignment=\"center\"><div class=\"ub_divider_line\" style=\"border-top: 2px solid #000000; margin-top: 10px; \"><\/div><\/div><\/div>\n\n\n<h2 class=\"wp-block-heading\" id=\"fossacesia\"><strong>Fossacesia<\/strong><\/h2>\n\n\n\n<p class=\"translation-block\">Fossacesia \u00e8 un paese in Provincia di Chieti, situato nei pressi della costa adriatica a est di <a href=\"https:\/\/www.cosmundus.com\/it\/destinations\/chieti-and-eastern-abruzzo\/#lanciano\" class=\"ek-link\" target=\"_self\">Lanciano<\/a>. La cittadina \u00e8 nota per ospitare una storica abbazia e una localit\u00e0 balneare.<\/p>\n\n\n<div class=\"wp-block-ub-divider ub_divider ub-divider-orientation-horizontal\" id=\"ub_divider_314558c3-d066-404c-99b5-c135c6f50a59\"><div class=\"ub_divider_wrapper\" style=\"position: relative; margin-bottom: 2px; width: 100%; height: 2px; \" data-divider-alignment=\"center\"><div class=\"ub_divider_line\" style=\"border-top: 2px solid #ccc; margin-top: 2px; \"><\/div><\/div><\/div>\n\n\n<h4 class=\"wp-block-heading\" id=\"abbey-of-san-giovanni-in-venere\"><strong>Abbazia di San Giovanni in Venere<\/strong><\/h4>\n\n\n\n<p class=\"translation-block\">L'Abbazia di San Giovanni in Venere \u00e8 un complesso religioso situato a est di Fossacesia, su una collina vicino alla costa adriatica. Il monastero fu fondato nel Medioevo sul sito di un antico tempio romano e fu pi\u00f9 volte ampliato, divenendo una delle abbazie pi\u00f9 importanti della regione. L'attuale struttura \u00e8 in stile romanico e la facciata della chiesa presenta un portale decorato. Il complesso ospita anche alcune opere d'arte e comprende una cripta con alcuni antichi affreschi. Grazie alla sua posizione, l'abbazia offre un'ottima vista sulla vicina costa.<\/p>\n\n\n\n<div class=\"wp-block-columns is-layout-flex wp-container-core-columns-is-layout-9d6595d7 wp-block-columns-is-layout-flex\">\n<div class=\"wp-block-column is-layout-flow wp-block-column-is-layout-flow\" style=\"flex-basis:85%\">\n<p>Indirizzo: Viale San Giovanni in Venere, 56, 66022 Fossacesia CH<br>Coordinate: 42.2549, 14.4986<\/p>\n<\/div>\n\n\n\n<div class=\"wp-block-column is-layout-flow wp-block-column-is-layout-flow\" style=\"flex-basis:15%\">\n<p class=\"has-text-align-right\"><a href=\"https:\/\/maps.app.goo.gl\/RgtZhfT5WGadXFv26\" target=\"_blank\" aria-label=\" (opens in a new tab)\" rel=\"noreferrer noopener\" class=\"ek-link\">Google Maps<\/a><\/p>\n<\/div>\n<\/div>\n\n\n<div style=\"margin-top: var(--wp--preset--spacing--40); margin-bottom: var(--wp--preset--spacing--40); \" class=\"wp-block-ub-divider ub_divider ub-divider-orientation-horizontal\" id=\"ub_divider_cb495534-d005-4d82-a1ce-7a652a2cffbd\"><div class=\"ub_divider_wrapper\" style=\"position: relative; margin-bottom: 10px; width: 100%; height: 10px; \" data-divider-alignment=\"center\"><div class=\"ub_divider_line\" style=\"border-top: 2px solid #000000; margin-top: 10px; \"><\/div><\/div><\/div>\n\n\n<h2 class=\"wp-block-heading\" id=\"vasto\"><strong>Vasto<\/strong><\/h2>\n\n\n\n<p class=\"translation-block\">Vasto \u00e8 una citt\u00e0 in Provincia di Chieti situato su una collina vicino alla costa adriatica. Fondata in epoca preistorica, fu una citt\u00e0 romana con il nome <em>Histonium<\/em>, ed \u00e8 sempre stata uno dei principali centri della zona. Nel corso del ventesimo secolo si \u00e8 sviluppata come meta turistica, e la frazione costiera di Vasto Marina \u00e8 oggi una localit\u00e0 balneare.<\/p>\n\n\n<div class=\"wp-block-ub-divider ub_divider ub-divider-orientation-horizontal\" id=\"ub_divider_786817b8-d920-4992-b0e3-6359d022da8c\"><div class=\"ub_divider_wrapper\" style=\"position: relative; margin-bottom: 2px; width: 100%; height: 2px; \" data-divider-alignment=\"center\"><div class=\"ub_divider_line\" style=\"border-top: 2px solid #ccc; margin-top: 2px; \"><\/div><\/div><\/div>\n\n\n<h4 class=\"wp-block-heading\" id=\"palazzo-davalos\"><strong><strong>Palazzo d&#8217;Avalos<\/strong><\/strong><\/h4>\n\n\n\n<p>Palazzo d\u2019Avalos \u00e8 un palazzo storico a Vasto, che in passato fungeva da residenza dei signori locali. Eretto in stile rinascimentale nel sedicesimo secolo, il palazzo \u00e8 dotato di un piccolo giardino e oggi ospita un complesso museale. Qui si trova un museo archeologico che include numerosi reperti provenienti dalla citt\u00e0 e databili tra la preistoria e il Medioevo, oltre a una ricca collezione di opere d'arte e costumi tradizionali.<\/p>\n\n\n\n<div class=\"wp-block-columns is-layout-flex wp-container-core-columns-is-layout-9d6595d7 wp-block-columns-is-layout-flex\">\n<div class=\"wp-block-column is-layout-flow wp-block-column-is-layout-flow\" style=\"flex-basis:85%\">\n<p>Indirizzo: Piazza Lucio Valerio Pudente, 66054 Vasto CH<br>Coordinate: 42.1116, 14.7103<\/p>\n<\/div>\n\n\n\n<div class=\"wp-block-column is-layout-flow wp-block-column-is-layout-flow\" style=\"flex-basis:15%\">\n<p class=\"has-text-align-right\"><a href=\"https:\/\/maps.app.goo.gl\/HzwGBfxDSNjGj9H67\" target=\"_blank\" aria-label=\" (opens in a new tab)\" rel=\"noreferrer noopener\" class=\"ek-link\">Google Maps<\/a><\/p>\n<\/div>\n<\/div>\n\n\n<div class=\"wp-block-ub-divider ub_divider ub-divider-orientation-horizontal\" id=\"ub_divider_6732d839-5e62-49ec-97fa-529730493fbe\"><div class=\"ub_divider_wrapper\" style=\"position: relative; margin-bottom: 2px; width: 100%; height: 2px; \" data-divider-alignment=\"center\"><div class=\"ub_divider_line\" style=\"border-top: 2px solid #ccc; margin-top: 2px; \"><\/div><\/div><\/div>\n\n\n<h4 class=\"wp-block-heading\" id=\"vasto-cathedral\"><strong><strong>Duomo di Vasto<\/strong><\/strong><\/h4>\n\n\n\n<p class=\"translation-block\">Anche noto come: Cattedrale di San Giuseppe<\/p>\n\n\n\n<p class=\"translation-block\">Il Duomo di Vasto \u00e8 una chiesa nel centro storico di Vasto, eretta in stile romanico durante il Tardo Medioevo. La chiesa presenta sulla facciata un rosone e un elaborato portale, mentre l'interno, originariamente con decorazioni barocche, \u00e8 stato rimaneggiato in stile neogotico nel diciannovesimo secolo.<\/p>\n\n\n\n<div class=\"wp-block-columns is-layout-flex wp-container-core-columns-is-layout-9d6595d7 wp-block-columns-is-layout-flex\">\n<div class=\"wp-block-column is-layout-flow wp-block-column-is-layout-flow\" style=\"flex-basis:85%\">\n<p>Indirizzo: Piazza Lucio Valerio Pudente, 18, 66054 Vasto CH<br>Coordinate: 42.1119, 14.7097<\/p>\n<\/div>\n\n\n\n<div class=\"wp-block-column is-layout-flow wp-block-column-is-layout-flow\" style=\"flex-basis:15%\">\n<p class=\"has-text-align-right\"><a href=\"https:\/\/maps.app.goo.gl\/bLSP6aMy8vpxz6ad9\" target=\"_blank\" aria-label=\" (opens in a new tab)\" rel=\"noreferrer noopener\" class=\"ek-link\">Google Maps<\/a><\/p>\n<\/div>\n<\/div>\n\n\n<div class=\"wp-block-ub-divider ub_divider ub-divider-orientation-horizontal\" id=\"ub_divider_1fe756f1-947c-4abe-988d-0be206b618e3\"><div class=\"ub_divider_wrapper\" style=\"position: relative; margin-bottom: 2px; width: 100%; height: 2px; \" data-divider-alignment=\"center\"><div class=\"ub_divider_line\" style=\"border-top: 2px solid #ccc; margin-top: 2px; \"><\/div><\/div><\/div>\n\n\n<h4 class=\"wp-block-heading\" id=\"caldora-castle\"><strong>Castello Caldoresco<\/strong><\/h4>\n\n\n\n<p class=\"translation-block\">Il Castello Caldoresco \u00e8 un forte del quindicesimo secolo nel centro di Vasto. Costruito dalla famiglia Caldora, che governava il paese, il castello fu pi\u00f9 volte rimaneggiato, ed \u00e8 dotato di quattro bastioni e di un cortile interno.<\/p>\n\n\n\n<div class=\"wp-block-columns is-layout-flex wp-container-core-columns-is-layout-9d6595d7 wp-block-columns-is-layout-flex\">\n<div class=\"wp-block-column is-layout-flow wp-block-column-is-layout-flow\" style=\"flex-basis:85%\">\n<p>Indirizzo: Corso Giuseppe Garibaldi, 66054 Vasto CH<br>Coordinate: 42.1119, 14.7081<\/p>\n<\/div>\n\n\n\n<div class=\"wp-block-column is-layout-flow wp-block-column-is-layout-flow\" style=\"flex-basis:15%\">\n<p class=\"has-text-align-right\"><a href=\"https:\/\/maps.app.goo.gl\/KTVFtfGhuvdX1chK8\" target=\"_blank\" aria-label=\" (opens in a new tab)\" rel=\"noreferrer noopener\" class=\"ek-link\">Google Maps<\/a><\/p>\n<\/div>\n<\/div>","protected":false},"excerpt":{"rendered":"<p>&lt;&lt;&nbsp;Abruzzo The Trabocchi Coast is the coast of the Province of Chieti, on the Adriatic Sea. This coast features various popular seaside resorts and historic towns such as Ortona and Vasto. Its name comes from the widespread presence of a traditional fishing machine called trabocco or trabucco. Ortona Ortona is a town located along the Adriatic coast in the Province of Chieti. Inhabited since ancient times, it developed during the Middle Ages, and it is known for being the site of a bloody battle in 1943, during World War II. Ortona now hosts a seaside resort, and it is one of the main centers on the Trabocchi Coast. Basilica of San Tommaso Apostolo The Basilica of San Tommaso Apostolo is the main church in Ortona, originally built during the Middle Ages on the site of an ancient Roman temple. Damaged and restored several times, the church features Gothic elements and Baroque decorations. The basilica is known for hosting the relics of Saint Thomas the Apostle, which were taken to Ortona from the Greek island of Chios in 1258. The church also houses a museum of local religious art. Address: Piazza S. Tommaso, 66026 Ortona CHCoordinates: 42.3572, 14.4043 Google Maps Music Museum of Abruzzo The Music Museum of Abruzzo (Museo Musicale d&#8217;Abruzzo) is a museum in Ortona dedicated to local composer Francesco Paolo Tosti. The museum houses exhibitions on his life and works, as well as various historic musical instruments. Address: Corso Giacomo Matteotti, 83, 66026 Ortona CHCoordinates: 42.3581, 14.4056 Google Maps Aragonese Castle The Aragonese Castle is a 15th-century castle erected on a hill overlooking the sea in Ortona. Heavily damaged during World War II, the castle has now been restored, and features some imposing walls and towers. Address: Largo Castello, 3, 66026 Ortona CHCoordinates: 42.3588, 14.4060 Google Maps Palazzo Farnese Palazzo Farnese is a historic palace in Ortona, erected between the 16th and 18th century and commissioned by the daughter of Holy Roman Emperor Charles V, Margaret. The palace now hosts an art museum featuring several works by the Cascella family. Address: Largo Farnese, 66026 Ortona CHCoordinates: 42.3554, 14.4041 Google Maps Museum of the Battle of Ortona The Museum of the Battle of Ortona (Museo della Battaglia di Ortona) is a museum dedicated to the bloody World War II battle fought here in 1943. The museum features several memorabilia and documents displaying the history of the war and the battle. Address: Corso Garibaldi, 66026 Ortona CHCoordinates: 42.3532, 14.4036 Google Maps Fossacesia Fossacesia is a town in the Province of Chieti, located near the Adriatic coast east of Lanciano. The town is known for hosting a historic abbey and a seaside resort. Abbey of San Giovanni in Venere The Abbey of San Giovanni in Venere (Abbazia di San Giovanni in Venere) is a religious complex located east of Fossacesia, on a hill near the Adriatic coast. The monastery was founded in the Middle Ages on the site of an ancient Roman temple and it was expanded several times, becoming one of the most important abbeys in the region. The current structure is in Romanesque style and the facade of the church features a decorated portal. The complex also houses some artworks and includes a crypt with some ancient frescoes. Thanks to its position, the abbey offers a great view on the nearby coast. Address: Viale San Giovanni in Venere, 56, 66022 Fossacesia CHCoordinates: 42.2549, 14.4986 Google Maps Vasto Vasto is a town in the Province of Chieti located on a hill near the Adriatic coast. Founded in prehistoric times, it was a Roman city with the name Histonium, and has always been one of the main centers in the area. During the 20th century, it developed as a tourist destination, with the coastal hamlet of Vasto Marina becoming a seaside resort. Palazzo d&#8217;Avalos Palazzo d&#8217;Avalos is a historic palace in Vasto, which previously served as the residence of the local lords. Erected in Renaissance style in the 16th century, the palace features a small garden and now hosts a museum complex. Here is an archaeological museum hosting several finds from the town and dating between prehistory and the Middle Ages, as well as a rich collection of artworks and traditional costumes. Address: Piazza Lucio Valerio Pudente, 66054 Vasto CHCoordinates: 42.1116, 14.7103 Google Maps Vasto Cathedral Also known as: Cathedral of San Giuseppe (Cattedrale di San Giuseppe) The Vasto Cathedral (Duomo di Vasto) is a church in the old town of Vasto, erected in Romanesque style during the Late Middle Ages. The church features a rose window and an elaborate portal on its facade, while the interior, originally hosting Baroque decorations, has been reworked in Gothic Revival style in the 19th century. Address: Piazza Lucio Valerio Pudente, 18, 66054 Vasto CHCoordinates: 42.1119, 14.7097 Google Maps Caldora Castle The Caldora Castle (Castello Caldoresco) is a 15th-century fort in the center of Vasto. Built by the Caldora family, who ruled over the town, the castle was reworked a few times, and it features four bastions and an internal courtyard. Address: Corso Giuseppe Garibaldi, 66054 Vasto CHCoordinates: 42.1119, 14.7081 Google Maps<\/p>","protected":false},"author":1,"featured_media":0,"parent":932,"menu_order":0,"comment_status":"closed","ping_status":"closed","template":"","meta":{"_editorskit_title_hidden":false,"_editorskit_reading_time":0,"_editorskit_is_block_options_detached":false,"_editorskit_block_options_position":"{}","om_disable_all_campaigns":false,"_uag_custom_page_level_css":"","advgb_blocks_editor_width":"","advgb_blocks_columns_visual_guide":"","_monsterinsights_skip_tracking":false,"_monsterinsights_sitenote_active":false,"_monsterinsights_sitenote_note":"","_monsterinsights_sitenote_category":0,"footnotes":""},"class_list":["post-10230","page","type-page","status-publish","hentry"],"aioseo_notices":[],"featured_image_src":null,"uagb_featured_image_src":{"full":false,"thumbnail":false,"medium":false,"medium_large":false,"large":false,"1536x1536":false,"2048x2048":false,"trp-custom-language-flag":false,"xs-thumb":false,"post-thumbnail":false,"minimalistblogger-grid":false,"minimalistblogger-slider":false,"minimalistblogger-small":false},"uagb_author_info":{"display_name":"Stefano Cammisa","author_link":"https:\/\/www.cosmundus.com\/it\/author\/stefano-cammisa\/"},"uagb_comment_info":0,"uagb_excerpt":"&lt;&lt;&nbsp;Abruzzo The Trabocchi Coast is the coast of the Province of Chieti, on the Adriatic Sea. This coast features various popular seaside resorts and historic towns such as Ortona and Vasto. Its name comes from the widespread presence of a traditional fishing machine called trabocco or trabucco. Ortona Ortona is a town located along the&hellip;","coauthors":[],"author_meta":{"author_link":"https:\/\/www.cosmundus.com\/it\/author\/stefano-cammisa\/","display_name":"Stefano Cammisa"},"relative_dates":{"created":"Pubblicato 2 anni fa","modified":"Aggiornato 2 anni fa"},"absolute_dates":{"created":"Pubblicato il 7 Ottobre 2024","modified":"Aggiornato il 7 Ottobre 2024"},"absolute_dates_time":{"created":"Pubblicato il 7 Ottobre 2024 9:33 am","modified":"Aggiornato il 7 Ottobre 2024 9:33 am"},"featured_img_caption":"","featured_img":false,"series_order":"","_links":{"self":[{"href":"https:\/\/www.cosmundus.com\/it\/wp-json\/wp\/v2\/pages\/10230","targetHints":{"allow":["GET"]}}],"collection":[{"href":"https:\/\/www.cosmundus.com\/it\/wp-json\/wp\/v2\/pages"}],"about":[{"href":"https:\/\/www.cosmundus.com\/it\/wp-json\/wp\/v2\/types\/page"}],"author":[{"embeddable":true,"href":"https:\/\/www.cosmundus.com\/it\/wp-json\/wp\/v2\/users\/1"}],"replies":[{"embeddable":true,"href":"https:\/\/www.cosmundus.com\/it\/wp-json\/wp\/v2\/comments?post=10230"}],"version-history":[{"count":3,"href":"https:\/\/www.cosmundus.com\/it\/wp-json\/wp\/v2\/pages\/10230\/revisions"}],"predecessor-version":[{"id":11859,"href":"https:\/\/www.cosmundus.com\/it\/wp-json\/wp\/v2\/pages\/10230\/revisions\/11859"}],"up":[{"embeddable":true,"href":"https:\/\/www.cosmundus.com\/it\/wp-json\/wp\/v2\/pages\/932"}],"wp:attachment":[{"href":"https:\/\/www.cosmundus.com\/it\/wp-json\/wp\/v2\/media?parent=10230"}],"curies":[{"name":"wp","href":"https:\/\/api.w.org\/{rel}","templated":true}]}}