{"id":10119,"date":"2024-03-13T14:08:18","date_gmt":"2024-03-13T13:08:18","guid":{"rendered":"https:\/\/www.cosmundus.com\/?page_id=10119"},"modified":"2024-03-13T14:08:18","modified_gmt":"2024-03-13T13:08:18","slug":"urbinate","status":"publish","type":"page","link":"https:\/\/www.cosmundus.com\/it\/destinations\/urbinate\/","title":{"rendered":"Urbinate"},"content":{"rendered":"<p class=\"has-text-align-right\">&lt;&lt;\u00a0<a href=\"https:\/\/www.cosmundus.com\/it\/atlas\/europe\/southern-europe\/italy\/central-italy\/marche\/\">Marche<\/a><\/p>\n\n\n\n<p class=\"translation-block\">L'Urbinate \u00e8 il territorio attorno alla citt\u00e0 di Urbino, nella Provincia di <a href=\"https:\/\/www.cosmundus.com\/it\/destinations\/pesarese\/#pesaro\" class=\"ek-link\" target=\"_self\">Pesaro<\/a> e Urbino. Questa zona \u00e8 occupata da colline e montagne con varie piccole e belle citt\u00e0. Le principali attrazioni di questa regione si trovano a Urbino, che ospita numerosi capolavori artistici e architettonici.<\/p>\n\n\n\n<div class=\"wp-block-group\"><div class=\"wp-block-group__inner-container is-layout-constrained wp-block-group-is-layout-constrained\"><div style=\"border: 1px solid #8ed1fc; border-radius: 0%; background-color: inherit; \" class=\"ub-styled-box ub-bordered-box wp-block-ub-styled-box\" id=\"ub-styled-box-39dadb94-f21d-489a-92bd-6423a9043d11\">\n<p class=\"has-medium-font-size\" id=\"ub-styled-box-bordered-content-7e5ab811-d467-4fcb-ab80-c4a341f1b5ff\">Posti da vedere nell'Urbinate<\/p>\n\n\n<div class=\"wp-block-aioseo-table-of-contents\"><ul><li><a class=\"aioseo-toc-item\" href=\"#urbino\">Urbino<\/a><ul><li><a class=\"aioseo-toc-item\" href=\"#ducal-palace-of-urbino\">\u272a Palazzo Ducale di Urbino<\/a><\/li><li><a class=\"aioseo-toc-item\" href=\"#urbino-cathedral\">Duomo di Urbino<\/a><\/li><li><a class=\"aioseo-toc-item\" href=\"#oratory-of-san-giovanni-battista\">Oratorio di San Giovanni Battista<\/a><\/li><li><a class=\"aioseo-toc-item\" href=\"#oratory-of-san-giuseppe\">Oratorio di San Giuseppe<\/a><\/li><li><a class=\"aioseo-toc-item\" href=\"#birthplace-of-raphael\">Casa Natale di Raffaello<\/a><\/li><li><a class=\"aioseo-toc-item\" href=\"#walls-of-urbino\">Mura di Urbino<\/a><\/li><\/ul><\/li><li><a class=\"aioseo-toc-item\" href=\"#urbania\">Urbania<\/a><ul><li><a class=\"aioseo-toc-item\" href=\"#ducal-palace-of-urbania\">Palazzo Ducale di Urbania<\/a><\/li><\/ul><\/li><\/ul><\/div>\n\n<\/div><\/div><\/div>\n\n\n\n<h2 class=\"wp-block-heading\" id=\"urbino\"><strong>Urbino<\/strong><\/h2>\n\n\n\n<p>Urbino \u00e8 una cittadina situata tra le colline delle Marche settentrionali, nota per il suo ricco patrimonio artistico. La citt\u00e0 emerse durante il Tardo Medioevo sotto il dominio dei Montefeltro. Durante il Rinascimento, Urbino fu un ducato e uno dei principali centri artistici d'Italia, attirando molti artisti e architetti. Qui nel 1483 nacque Raffaello, uno dei pi\u00f9 grandi artisti del Rinascimento. L'importanza di Urbino diminu\u00ec lentamente e la citt\u00e0 pass\u00f2 successivamente sotto il dominio dello Stato Pontificio prima di entrare a far parte dell'Italia. Il centro storico di Urbino \u00e8 stato inserito nell'elenco dei Patrimoni dell'Umanit\u00e0 dell'UNESCO e la piccola citt\u00e0 attira numerosi turisti grazie ai suoi capolavori artistici e architettonici.<\/p>\n\n\n<div class=\"wp-block-ub-divider ub_divider ub-divider-orientation-horizontal\" id=\"ub_divider_a5bbd254-66e8-4798-9563-a95ea7a53b13\"><div class=\"ub_divider_wrapper\" style=\"position: relative; margin-bottom: 2px; width: 100%; height: 2px; \" data-divider-alignment=\"center\"><div class=\"ub_divider_line\" style=\"border-top: 2px solid #ccc; margin-top: 2px; \"><\/div><\/div><\/div>\n\n\n<h4 class=\"wp-block-heading\" id=\"ducal-palace-of-urbino\"><strong>\u272a Palazzo Ducale di Urbino<\/strong><\/h4>\n\n\n\n<p class=\"translation-block\">Il Palazzo Ducale \u00e8 la residenza storica dei Duchi di Urbino, situata nel centro della citt\u00e0. Costruito nel quindicesimo secolo, il palazzo \u00e8 un ottimo esempio di architettura rinascimentale. All'interno del palazzo si trova lo <em>Studiolo<\/em>, una piccola stanza caratterizzata da numerose tarsie del quindicesimo secolo. Il palazzo ospita anche la <strong>Galleria Nazionale delle Marche<\/strong>, un ricco museo d'arte con una vasta collezione di dipinti rinascimentali di artisti come Raffaello, Piero della Francesca e Tiziano. Accanto al palazzo si trova l'<strong>Obelisco di Urbino<\/strong>, un obelisco egizio risalente al sesto secolo a.C..<\/p>\n\n\n\n<div class=\"wp-block-columns is-layout-flex wp-container-core-columns-is-layout-9d6595d7 wp-block-columns-is-layout-flex\">\n<div class=\"wp-block-column is-layout-flow wp-block-column-is-layout-flow\" style=\"flex-basis:85%\">\n<p>Indirizzo: Piazza Rinascimento, 13, 61029 Urbino PU<br>Coordinate: 43.7244, 12.6365<\/p>\n<\/div>\n\n\n\n<div class=\"wp-block-column is-layout-flow wp-block-column-is-layout-flow\" style=\"flex-basis:15%\">\n<p class=\"has-text-align-right\"><a href=\"https:\/\/maps.app.goo.gl\/Hzd5mbpr9YmtN9CF9\" target=\"_blank\" aria-label=\" (opens in a new tab)\" rel=\"noreferrer noopener\" class=\"ek-link\">Google Maps<\/a><\/p>\n<\/div>\n<\/div>\n\n\n<div class=\"wp-block-ub-divider ub_divider ub-divider-orientation-horizontal\" id=\"ub_divider_c40c7499-ab6c-4ded-801d-8d3194d0a81b\"><div class=\"ub_divider_wrapper\" style=\"position: relative; margin-bottom: 2px; width: 100%; height: 2px; \" data-divider-alignment=\"center\"><div class=\"ub_divider_line\" style=\"border-top: 2px solid #ccc; margin-top: 2px; \"><\/div><\/div><\/div>\n\n\n<h4 class=\"wp-block-heading\" id=\"urbino-cathedral\"><strong><strong>Duomo di Urbino<\/strong><\/strong><\/h4>\n\n\n\n<p class=\"has-text-align-left translation-block\">Anche noto come: Cattedrale di Santa Maria Assunta<\/p>\n\n\n\n<p class=\"translation-block\">Il Duomo di Urbino \u00e8 la chiesa principale della citt\u00e0, situato vicino al Palazzo Ducale. L'edificio attuale fu eretto nel quindicesimo secolo su una chiesa precedente e successivamente restaurato in stile neoclassico. La cattedrale ha una facciata decorata e ospita varie sculture neoclassiche e altre opere d'arte. Adiacente alla chiesa si trova il <strong>Museo Diocesano Albani<\/strong>, una collezione di antiche opere d'arte religiosa.<\/p>\n\n\n\n<div class=\"wp-block-columns is-layout-flex wp-container-core-columns-is-layout-9d6595d7 wp-block-columns-is-layout-flex\">\n<div class=\"wp-block-column is-layout-flow wp-block-column-is-layout-flow\" style=\"flex-basis:85%\">\n<p>Indirizzo: Via Puccinotti, 29, 61029 Urbino PU<br>Coordinate: 43.7250, 12.6368<\/p>\n<\/div>\n\n\n\n<div class=\"wp-block-column is-layout-flow wp-block-column-is-layout-flow\" style=\"flex-basis:15%\">\n<p class=\"has-text-align-right\"><a href=\"https:\/\/maps.app.goo.gl\/Za4c5ZmUHUDwfdBT7\" target=\"_blank\" aria-label=\" (opens in a new tab)\" rel=\"noreferrer noopener\" class=\"ek-link\">Google Maps<\/a><\/p>\n<\/div>\n<\/div>\n\n\n<div class=\"wp-block-ub-divider ub_divider ub-divider-orientation-horizontal\" id=\"ub_divider_48249def-493a-4201-9490-da3c144304b9\"><div class=\"ub_divider_wrapper\" style=\"position: relative; margin-bottom: 2px; width: 100%; height: 2px; \" data-divider-alignment=\"center\"><div class=\"ub_divider_line\" style=\"border-top: 2px solid #ccc; margin-top: 2px; \"><\/div><\/div><\/div>\n\n\n<h4 class=\"wp-block-heading\" id=\"oratory-of-san-giovanni-battista\"><strong><strong>Oratorio di San Giovanni Battista<\/strong><\/strong><\/h4>\n\n\n\n<p>L'Oratorio di San Giovanni Battista \u00e8 un piccolo edificio religioso a Urbino. Costruito nel quattordicesimo secolo in stile gotico, ospita un ampio ciclo di elaborati affreschi dipinto da Lorenzo e Jacopo Salimbeni e completato nel 1416.<\/p>\n\n\n\n<div class=\"wp-block-columns is-layout-flex wp-container-core-columns-is-layout-9d6595d7 wp-block-columns-is-layout-flex\">\n<div class=\"wp-block-column is-layout-flow wp-block-column-is-layout-flow\" style=\"flex-basis:85%\">\n<p>Indirizzo: Via Federico Barocci, 31, 61029 Urbino PU<br>Coordinate: 43.7256, 12.6345<\/p>\n<\/div>\n\n\n\n<div class=\"wp-block-column is-layout-flow wp-block-column-is-layout-flow\" style=\"flex-basis:15%\">\n<p class=\"has-text-align-right\"><a href=\"https:\/\/maps.app.goo.gl\/scJthn4FrjrNEs5N6\" target=\"_blank\" aria-label=\" (opens in a new tab)\" rel=\"noreferrer noopener\" class=\"ek-link\">Google Maps<\/a><\/p>\n<\/div>\n<\/div>\n\n\n<div class=\"wp-block-ub-divider ub_divider ub-divider-orientation-horizontal\" id=\"ub_divider_293104bb-8441-45b1-bf8a-287fd73f3d02\"><div class=\"ub_divider_wrapper\" style=\"position: relative; margin-bottom: 2px; width: 100%; height: 2px; \" data-divider-alignment=\"center\"><div class=\"ub_divider_line\" style=\"border-top: 2px solid #ccc; margin-top: 2px; \"><\/div><\/div><\/div>\n\n\n<h4 class=\"wp-block-heading\" id=\"oratory-of-san-giuseppe\"><strong><strong>Oratorio di San Giuseppe<\/strong><\/strong><\/h4>\n\n\n\n<p>L'Oratorio di San Giuseppe \u00e8 un luogo religioso a Urbino costruito all'inzio del sedicesimo secolo e restaurato nel diciottesimo secolo. L'edificio ospita un ricco ciclo di affreschi e decorazioni barocche.<\/p>\n\n\n\n<div class=\"wp-block-columns is-layout-flex wp-container-core-columns-is-layout-9d6595d7 wp-block-columns-is-layout-flex\">\n<div class=\"wp-block-column is-layout-flow wp-block-column-is-layout-flow\" style=\"flex-basis:85%\">\n<p>Indirizzo: Via Federico Barocci, 42, 61029 Urbino PU<br>Coordinate: 43.7258, 12.6348<\/p>\n<\/div>\n\n\n\n<div class=\"wp-block-column is-layout-flow wp-block-column-is-layout-flow\" style=\"flex-basis:15%\">\n<p class=\"has-text-align-right\"><a href=\"https:\/\/maps.app.goo.gl\/6UsMZ9mTndqiYvyn8\" target=\"_blank\" aria-label=\" (opens in a new tab)\" rel=\"noreferrer noopener\" class=\"ek-link\">Google Maps<\/a><\/p>\n<\/div>\n<\/div>\n\n\n<div class=\"wp-block-ub-divider ub_divider ub-divider-orientation-horizontal\" id=\"ub_divider_0b2433cd-8431-4bd6-a408-8bd44c2f34b4\"><div class=\"ub_divider_wrapper\" style=\"position: relative; margin-bottom: 2px; width: 100%; height: 2px; \" data-divider-alignment=\"center\"><div class=\"ub_divider_line\" style=\"border-top: 2px solid #ccc; margin-top: 2px; \"><\/div><\/div><\/div>\n\n\n<h4 class=\"wp-block-heading\" id=\"birthplace-of-raphael\"><strong><strong>Casa Natale di Raffaello<\/strong><\/strong><\/h4>\n\n\n\n<p class=\"has-text-align-left\">Anche nota come: Casa Santi<\/p>\n\n\n\n<p class=\"translation-block\">La Casa Natale di Raffaello \u00e8 la casa dove nacque nel 1483 l'artista rinascimentale Raffaello. L'edificio ora funge da museo e ospita varie opere d'arte. All'interno della casa si trova un affresco dipinto da Raffaello nel 1498, una delle sue prime opere.<\/p>\n\n\n\n<div class=\"wp-block-columns is-layout-flex wp-container-core-columns-is-layout-9d6595d7 wp-block-columns-is-layout-flex\">\n<div class=\"wp-block-column is-layout-flow wp-block-column-is-layout-flow\" style=\"flex-basis:85%\">\n<p>Indirizzo: Via Raffaello, 57, 61029 Urbino PU<br>Coordinate: 43.7272, 12.6353<\/p>\n<\/div>\n\n\n\n<div class=\"wp-block-column is-layout-flow wp-block-column-is-layout-flow\" style=\"flex-basis:15%\">\n<p class=\"has-text-align-right\"><a href=\"https:\/\/maps.app.goo.gl\/mP8vhWDrdhEgkiwy8\" target=\"_blank\" aria-label=\" (opens in a new tab)\" rel=\"noreferrer noopener\" class=\"ek-link\">Google Maps<\/a><\/p>\n<\/div>\n<\/div>\n\n\n<div class=\"wp-block-ub-divider ub_divider ub-divider-orientation-horizontal\" id=\"ub_divider_c1dfc45b-4b9a-4a20-9921-44ec6045df2e\"><div class=\"ub_divider_wrapper\" style=\"position: relative; margin-bottom: 2px; width: 100%; height: 2px; \" data-divider-alignment=\"center\"><div class=\"ub_divider_line\" style=\"border-top: 2px solid #ccc; margin-top: 2px; \"><\/div><\/div><\/div>\n\n\n<h4 class=\"wp-block-heading\" id=\"walls-of-urbino\"><strong><strong>Mura di Urbino<\/strong><\/strong><\/h4>\n\n\n\n<p class=\"translation-block\">Urbino \u00e8 stata circondata da mura difensive fin dall'antichit\u00e0. La maggior parte delle mura attuali risalgono al Tardo Medioevo e sono ancora ben conservate, con varie porte e bastioni. Parte delle fortificazioni di Urbino \u00e8 la <strong>Fortezza Albornoz<\/strong>, un forte eretto nel quattordicesimo secolo.<\/p>\n\n\n\n<div class=\"wp-block-columns is-layout-flex wp-container-core-columns-is-layout-9d6595d7 wp-block-columns-is-layout-flex\">\n<div class=\"wp-block-column is-layout-flow wp-block-column-is-layout-flow\" style=\"flex-basis:85%\">\n<p>Indirizzo: Viale Bruno Buozzi, 61029 Urbino PU<br>Coordinate: 43.7264, 12.6332<\/p>\n<\/div>\n\n\n\n<div class=\"wp-block-column is-layout-flow wp-block-column-is-layout-flow\" style=\"flex-basis:15%\">\n<p class=\"has-text-align-right\"><a href=\"https:\/\/maps.app.goo.gl\/crFMCLgXNtUcxdBB9\" target=\"_blank\" aria-label=\" (opens in a new tab)\" rel=\"noreferrer noopener\" class=\"ek-link\">Google Maps<\/a><\/p>\n<\/div>\n<\/div>\n\n\n<div style=\"margin-top: var(--wp--preset--spacing--40); margin-bottom: var(--wp--preset--spacing--40); \" class=\"wp-block-ub-divider ub_divider ub-divider-orientation-horizontal\" id=\"ub_divider_c303e6c8-1721-46c6-88a3-7a383d64de14\"><div class=\"ub_divider_wrapper\" style=\"position: relative; margin-bottom: 10px; width: 100%; height: 10px; \" data-divider-alignment=\"center\"><div class=\"ub_divider_line\" style=\"border-top: 2px solid #000000; margin-top: 10px; \"><\/div><\/div><\/div>\n\n\n<h2 class=\"wp-block-heading\" id=\"urbania\"><strong>Urbania<\/strong><\/h2>\n\n\n\n<p>Urbania \u00e8 una cittadina tra le colline a ovest di Urbino. \u00c8 nota per il suo grazioso centro storico e per la produzione di ceramiche e maioliche. Originariamente chiamata Casteldurante, cambi\u00f2 nome in quello attuale nel 1636 in onore di Papa Urbano VIII.<\/p>\n\n\n<div class=\"wp-block-ub-divider ub_divider ub-divider-orientation-horizontal\" id=\"ub_divider_f6ad5688-0711-476b-aca0-2f12ede4c243\"><div class=\"ub_divider_wrapper\" style=\"position: relative; margin-bottom: 2px; width: 100%; height: 2px; \" data-divider-alignment=\"center\"><div class=\"ub_divider_line\" style=\"border-top: 2px solid #ccc; margin-top: 2px; \"><\/div><\/div><\/div>\n\n\n<h4 class=\"wp-block-heading\" id=\"ducal-palace-of-urbania\"><strong>Palazzo Ducale di Urbania<\/strong><\/h4>\n\n\n\n<p class=\"translation-block\">Il Palazzo Ducale \u00e8 un palazzo del quindicesimo secolo a Urbania. L'edificio ospita un museo di arte e storia locale con vari disegni, opere d'arte e ceramiche, oltre a due globi del sedicesimo secolo realizzati da Gerardo Mercatore.<\/p>\n\n\n\n<div class=\"wp-block-columns is-layout-flex wp-container-core-columns-is-layout-9d6595d7 wp-block-columns-is-layout-flex\">\n<div class=\"wp-block-column is-layout-flow wp-block-column-is-layout-flow\" style=\"flex-basis:85%\">\n<p>Indirizzo: Corso Vittorio Emanuele, 23, 61049 Urbania PU<br>Coordinate: 43.6684, 12.5228<\/p>\n<\/div>\n\n\n\n<div class=\"wp-block-column is-layout-flow wp-block-column-is-layout-flow\" style=\"flex-basis:15%\">\n<p class=\"has-text-align-right\"><a href=\"https:\/\/maps.app.goo.gl\/4nLZ92FdV9ofDHXT7\" target=\"_blank\" aria-label=\" (opens in a new tab)\" rel=\"noreferrer noopener\" class=\"ek-link\">Google Maps<\/a><\/p>\n<\/div>\n<\/div>","protected":false},"excerpt":{"rendered":"<p>&lt;&lt;\u00a0Marche The Urbinate is the territory around the city of Urbino, in the Province of Pesaro and Urbino. This area is occupied by hills and mountains with various small beautiful towns. The main attractions of this region are in Urbino, which houses several artistic and architectural masterpieces. Urbino Urbino is a town located among the hills of northern Marche, known for its rich artistic heritage. The city emerged during the Late Middle Ages under the rule of the House of Montefeltro. During the Renaissance, Urbino was a duchy and one of the main artistic centers in Italy, attracting many artists and architects. Raphael, one of the greatest Renaissance artists, was born here in 1483. The importance of Urbino slowly declined, and the city was later ruled by the Papal States before becoming part of Italy. The old town of Urbino has been listed as a UNESCO World Heritage site, and the small city attracts many tourists thanks to its artistic and architectural masterpieces. \u272a Ducal Palace of Urbino The Ducal Palace (Palazzo Ducale) is the historic residence of the Dukes of Urbino, located in the center of the town. Built during the 15th century, the palace is a great example of Renaissance architecture. Inside the palace is the Studiolo, a small room featuring many 15th-century intarsia works. The palace also hosts the National Gallery of Marche (Galleria Nazionale delle Marche), a rich art museum with a large collection of Renaissance paintings by artists such as Raphael, Piero della Francesca, and Titian. Next to the palace is the Obelisk of Urbino (Obelisco di Urbino), an Egyptian obelisk dating from the 6th century BCE. Address: Piazza Rinascimento, 13, 61029 Urbino PUCoordinates: 43.7244, 12.6365 Google Maps Urbino Cathedral Also known as: Cathedral of Santa Maria Assunta (Cattedrale di Santa Maria Assunta) The Urbino Cathedral (Duomo di Urbino) is the main church of the town, located near the Ducal Palace. The current building was erected in the 15th century over a previous church and was later restored in Neoclassical style. The cathedral has a decorated facade, and it hosts various Neoclassical sculptures and other artworks. Adjacent to the church is the Albani Diocesan Museum (Museo Diocesano Albani), a collection of historic religious artworks. Address: Via Puccinotti, 29, 61029 Urbino PUCoordinates: 43.7250, 12.6368 Google Maps Oratory of San Giovanni Battista The Oratory of San Giovanni Battista is a small religious building in Urbino. Built during the 14th century in Gothic style, it houses a large series of elaborate frescoes painted by Lorenzo&nbsp;and&nbsp;Jacopo Salimbeni and completed in 1416. Address: Via Federico Barocci, 31, 61029 Urbino PUCoordinates: 43.7256, 12.6345 Google Maps Oratory of San Giuseppe The Oratory of San Giuseppe is a religious site in Urbino built in the early 16th century and restored in the 18th century. The building houses a rich series of Baroque frescoes and decorations. Address: Via Federico Barocci, 42, 61029 Urbino PUCoordinates: 43.7258, 12.6348 Google Maps Birthplace of Raphael Also known as: Casa Santi The Birthplace of Raphael (Casa Natale di Raffaello) is the house where Renaissance artist Raphael was born in 1483. The building now serves as a museum, hosting various artworks. Inside the house is a fresco painted by Raphael in 1498, one of his earliest works. Address: Via Raffaello, 57, 61029 Urbino PUCoordinates: 43.7272, 12.6353 Google Maps Walls of Urbino Urbino has been surrounded by defensive walls since ancient times. Most of the current walls date from the Late Middle Ages, and are still well preserved, with various city gates and ramparts. Part of the fortifications of Urbino is the Albornoz Fortress (Fortezza Albornoz), a fort erected during the 14th century. Address: Viale Bruno Buozzi, 61029 Urbino PUCoordinates: 43.7264, 12.6332 Google Maps Urbania Urbania is a small town among the hills west of\u00a0Urbino. It is known for its beautiful old town and for the production of ceramics and maiolica. Originally called Casteldurante, it changed its name to the current one in 1636 in honor of Pope Urban VIII. Ducal Palace of Urbania The Ducal Palace (Palazzo Ducale) is a 15th-century palace in Urbania. The building houses a museum of art and local history featuring various drawings, artworks and ceramics, as well as two 16th-century globes made by Gerardus Mercator. Address: Corso Vittorio Emanuele, 23, 61049 Urbania PUCoordinates: 43.6684, 12.5228 Google Maps<\/p>","protected":false},"author":1,"featured_media":0,"parent":932,"menu_order":0,"comment_status":"closed","ping_status":"closed","template":"","meta":{"_editorskit_title_hidden":false,"_editorskit_reading_time":0,"_editorskit_is_block_options_detached":false,"_editorskit_block_options_position":"{}","om_disable_all_campaigns":false,"_uag_custom_page_level_css":"","advgb_blocks_editor_width":"","advgb_blocks_columns_visual_guide":"","_monsterinsights_skip_tracking":false,"_monsterinsights_sitenote_active":false,"_monsterinsights_sitenote_note":"","_monsterinsights_sitenote_category":0,"footnotes":""},"class_list":["post-10119","page","type-page","status-publish","hentry"],"aioseo_notices":[],"featured_image_src":null,"uagb_featured_image_src":{"full":false,"thumbnail":false,"medium":false,"medium_large":false,"large":false,"1536x1536":false,"2048x2048":false,"trp-custom-language-flag":false,"xs-thumb":false,"post-thumbnail":false,"minimalistblogger-grid":false,"minimalistblogger-slider":false,"minimalistblogger-small":false},"uagb_author_info":{"display_name":"Stefano Cammisa","author_link":"https:\/\/www.cosmundus.com\/it\/author\/stefano-cammisa\/"},"uagb_comment_info":0,"uagb_excerpt":"&lt;&lt;\u00a0Marche The Urbinate is the territory around the city of Urbino, in the Province of Pesaro and Urbino. This area is occupied by hills and mountains with various small beautiful towns. The main attractions of this region are in Urbino, which houses several artistic and architectural masterpieces. Urbino Urbino is a town located among the&hellip;","coauthors":[],"author_meta":{"author_link":"https:\/\/www.cosmundus.com\/it\/author\/stefano-cammisa\/","display_name":"Stefano Cammisa"},"relative_dates":{"created":"Pubblicato 2 anni fa","modified":"Aggiornato 2 anni fa"},"absolute_dates":{"created":"Pubblicato il 13 Marzo 2024","modified":"Aggiornato il 13 Marzo 2024"},"absolute_dates_time":{"created":"Pubblicato il 13 Marzo 2024 2:08 pm","modified":"Aggiornato il 13 Marzo 2024 2:08 pm"},"featured_img_caption":"","featured_img":false,"series_order":"","_links":{"self":[{"href":"https:\/\/www.cosmundus.com\/it\/wp-json\/wp\/v2\/pages\/10119","targetHints":{"allow":["GET"]}}],"collection":[{"href":"https:\/\/www.cosmundus.com\/it\/wp-json\/wp\/v2\/pages"}],"about":[{"href":"https:\/\/www.cosmundus.com\/it\/wp-json\/wp\/v2\/types\/page"}],"author":[{"embeddable":true,"href":"https:\/\/www.cosmundus.com\/it\/wp-json\/wp\/v2\/users\/1"}],"replies":[{"embeddable":true,"href":"https:\/\/www.cosmundus.com\/it\/wp-json\/wp\/v2\/comments?post=10119"}],"version-history":[{"count":1,"href":"https:\/\/www.cosmundus.com\/it\/wp-json\/wp\/v2\/pages\/10119\/revisions"}],"predecessor-version":[{"id":10145,"href":"https:\/\/www.cosmundus.com\/it\/wp-json\/wp\/v2\/pages\/10119\/revisions\/10145"}],"up":[{"embeddable":true,"href":"https:\/\/www.cosmundus.com\/it\/wp-json\/wp\/v2\/pages\/932"}],"wp:attachment":[{"href":"https:\/\/www.cosmundus.com\/it\/wp-json\/wp\/v2\/media?parent=10119"}],"curies":[{"name":"wp","href":"https:\/\/api.w.org\/{rel}","templated":true}]}}