{"id":10040,"date":"2024-03-11T14:33:22","date_gmt":"2024-03-11T13:33:22","guid":{"rendered":"https:\/\/www.cosmundus.com\/?page_id=10040"},"modified":"2024-03-11T14:33:22","modified_gmt":"2024-03-11T13:33:22","slug":"versilia","status":"publish","type":"page","link":"https:\/\/www.cosmundus.com\/it\/destinations\/versilia\/","title":{"rendered":"Versilia"},"content":{"rendered":"<p class=\"has-text-align-right\">&lt;&lt; <a href=\"https:\/\/www.cosmundus.com\/it\/atlas\/europe\/southern-europe\/italy\/central-italy\/tuscany\/\" class=\"ek-link\">Toscana<\/a><\/p>\n\n\n\n<p class=\"translation-block\">La Versilia \u00e8 una zona costiera nella Provincia di <a href=\"https:\/\/www.cosmundus.com\/it\/destinations\/lucca\/\" class=\"ek-link\" target=\"_self\">Lucca<\/a>, nota per ospitare rinomate localit\u00e0 balneari come Viareggio e Forte dei Marmi. Questa regione comprende anche alcuni centri storici situati sulle colline vicino alla costa.<\/p>\n\n\n\n<div class=\"wp-block-group\"><div class=\"wp-block-group__inner-container is-layout-constrained wp-block-group-is-layout-constrained\"><div style=\"border: 1px solid #8ed1fc; border-radius: 0%; background-color: inherit; \" class=\"ub-styled-box ub-bordered-box wp-block-ub-styled-box\" id=\"ub-styled-box-610f6c70-360a-4d4b-8994-fe70102cebd8\">\n<p class=\"has-medium-font-size\" id=\"ub-styled-box-bordered-content-8899b92b-6892-4013-94e1-24e7d1179037\">Posti da vedere in Versilia<\/p>\n\n\n<div class=\"wp-block-aioseo-table-of-contents\"><ul><li><a class=\"aioseo-toc-item\" href=\"#viareggio\">Viareggio<\/a><ul><li><a class=\"aioseo-toc-item\" href=\"#citadel-of-the-carnival-of-viareggio\">Cittadella del Carnevale di Viareggio<\/a><\/li><li><a class=\"aioseo-toc-item\" href=\"#lorenzo-viani-modern-and-contemporary-art-gallery\">Galleria d\u2019Arte Moderna e Contemporanea Lorenzo Viani<\/a><\/li><li><a class=\"aioseo-toc-item\" href=\"#villa-puccini\">Villa Puccini<\/a><\/li><\/ul><\/li><li><a class=\"aioseo-toc-item\" href=\"#forte-dei-marmi\">Forte dei Marmi<\/a><ul><li><a class=\"aioseo-toc-item\" href=\"#beach-of-forte-dei-marmi\">Spiaggia di Forte dei Marmi<\/a><\/li><\/ul><\/li><li><a class=\"aioseo-toc-item\" href=\"#pietrasanta\">Pietrasanta<\/a><ul><li><a class=\"aioseo-toc-item\" href=\"#duomo-of-pietrasanta\">Duomo di Pietrasanta<\/a><\/li><\/ul><\/li><li><a class=\"aioseo-toc-item\" href=\"#stazzema\">Stazzema<\/a><ul><li><a class=\"aioseo-toc-item\" href=\"#national-park-of-peace\">Parco Nazionale della Pace<\/a><\/li><\/ul><\/li><\/ul><\/div>\n\n<\/div><\/div><\/div>\n\n\n\n<h2 class=\"wp-block-heading\" id=\"viareggio\"><strong>Viareggio<\/strong><\/h2>\n\n\n\n<p class=\"translation-block\">Viareggio \u00e8 una localit\u00e0 balneare della costa toscana, in Provincia di Lucca. Abitata fin dall'antichit\u00e0, fu per secoli un piccolo paese e si svilupp\u00f2 come centro industriale e meta turistica nel corso del ventesimo secolo. Oggi la citt\u00e0 \u00e8 una delle destinazioni estive pi\u00f9 popolari della regione ed \u00e8 famosa per il suo carnevale.<\/p>\n\n\n<div class=\"wp-block-ub-divider ub_divider ub-divider-orientation-horizontal\" id=\"ub_divider_84c777d4-c6e1-44fa-9aef-ad90b8d9bda7\"><div class=\"ub_divider_wrapper\" style=\"position: relative; margin-bottom: 2px; width: 100%; height: 2px; \" data-divider-alignment=\"center\"><div class=\"ub_divider_line\" style=\"border-top: 2px solid #ccc; margin-top: 2px; \"><\/div><\/div><\/div>\n\n\n<h4 class=\"wp-block-heading\" id=\"citadel-of-the-carnival-of-viareggio\"><strong>Cittadella del Carnevale di Viareggio<\/strong><\/h4>\n\n\n\n<p class=\"translation-block\">La Cittadella del Carnevale di Viareggio \u00e8 un centro culturale dedicato al famoso Carnevale di Viareggio. Il complesso ospita gli hangar dove vengono costruiti i carri allegorici, insieme ad un museo sulla storia del carnevale.<\/p>\n\n\n\n<div class=\"wp-block-columns is-layout-flex wp-container-core-columns-is-layout-9d6595d7 wp-block-columns-is-layout-flex\">\n<div class=\"wp-block-column is-layout-flow wp-block-column-is-layout-flow\" style=\"flex-basis:85%\">\n<p>Indirizzo: Via Santa Maria Goretti, 5, 55049 Viareggio LU<br>Coordinate: 43.8928, 10.2459<\/p>\n<\/div>\n\n\n\n<div class=\"wp-block-column is-layout-flow wp-block-column-is-layout-flow\" style=\"flex-basis:15%\">\n<p class=\"has-text-align-right\"><a href=\"https:\/\/goo.gl\/maps\/KmWyYkfrJWKVgJR69\" target=\"_blank\" aria-label=\" (opens in a new tab)\" rel=\"noreferrer noopener\" class=\"ek-link\">Google Maps<\/a><\/p>\n<\/div>\n<\/div>\n\n\n<div class=\"wp-block-ub-divider ub_divider ub-divider-orientation-horizontal\" id=\"ub_divider_9a76891c-e688-4b1c-a343-e8d1a6c8b1fe\"><div class=\"ub_divider_wrapper\" style=\"position: relative; margin-bottom: 2px; width: 100%; height: 2px; \" data-divider-alignment=\"center\"><div class=\"ub_divider_line\" style=\"border-top: 2px solid #ccc; margin-top: 2px; \"><\/div><\/div><\/div>\n\n\n<h4 class=\"wp-block-heading\" id=\"lorenzo-viani-modern-and-contemporary-art-gallery\"><strong><strong>Galleria d\u2019Arte Moderna e Contemporanea Lorenzo Viani<\/strong><\/strong><\/h4>\n\n\n\n<p class=\"translation-block\">La Galleria d'Arte Moderna e Contemporanea Lorenzo Viani \u00e8 un museo d'arte a Viareggio. La sua collezione comprende varie opere di artisti italiani e internazionali del ventesimo secolo, tra cui pezzi di De Chirico, Guttuso e Lichtenstein.<\/p>\n\n\n\n<div class=\"wp-block-columns is-layout-flex wp-container-core-columns-is-layout-9d6595d7 wp-block-columns-is-layout-flex\">\n<div class=\"wp-block-column is-layout-flow wp-block-column-is-layout-flow\" style=\"flex-basis:85%\">\n<p>Indirizzo: Piazza Giuseppe Mazzini, 55049 Viareggio LU<br>Coordinate: 43.8709, 10.2434<\/p>\n<\/div>\n\n\n\n<div class=\"wp-block-column is-layout-flow wp-block-column-is-layout-flow\" style=\"flex-basis:15%\">\n<p class=\"has-text-align-right\"><a href=\"https:\/\/goo.gl\/maps\/YA4U5YthdcWZJGm56\" target=\"_blank\" aria-label=\" (opens in a new tab)\" rel=\"noreferrer noopener\" class=\"ek-link\">Google Maps<\/a><\/p>\n<\/div>\n<\/div>\n\n\n<div class=\"wp-block-ub-divider ub_divider ub-divider-orientation-horizontal\" id=\"ub_divider_177b8939-cf7b-4683-b8b9-778223f98314\"><div class=\"ub_divider_wrapper\" style=\"position: relative; margin-bottom: 2px; width: 100%; height: 2px; \" data-divider-alignment=\"center\"><div class=\"ub_divider_line\" style=\"border-top: 2px solid #ccc; margin-top: 2px; \"><\/div><\/div><\/div>\n\n\n<h4 class=\"wp-block-heading\" id=\"villa-puccini\"><strong><strong>Villa Puccini<\/strong><\/strong><\/h4>\n\n\n\n<p>Villa Puccini \u00e8 l'antica residenza del compositore Giacomo Puccini, che visse qui tra il 1900 e il 1921. La villa si trova sulle rive del Lago di Massaciuccoli a sud di Viareggio e ora funge da museo sulla vita e l'opera di Puccini. Accanto alla villa si trova un teatro all'aperto in riva al lago.<\/p>\n\n\n\n<div class=\"wp-block-columns is-layout-flex wp-container-core-columns-is-layout-9d6595d7 wp-block-columns-is-layout-flex\">\n<div class=\"wp-block-column is-layout-flow wp-block-column-is-layout-flow\" style=\"flex-basis:85%\">\n<p>Indirizzo: Viale Giacomo Puccini, 266, 55049 Torre del Lago Puccini LU<br>Coordinate: 43.8327, 10.3060<\/p>\n<\/div>\n\n\n\n<div class=\"wp-block-column is-layout-flow wp-block-column-is-layout-flow\" style=\"flex-basis:15%\">\n<p class=\"has-text-align-right\"><a href=\"https:\/\/goo.gl\/maps\/Fum3wm8CoYrPmCf86\" target=\"_blank\" aria-label=\" (opens in a new tab)\" rel=\"noreferrer noopener\" class=\"ek-link\">Google Maps<\/a><\/p>\n<\/div>\n<\/div>\n\n\n<div style=\"margin-top: var(--wp--preset--spacing--40); margin-bottom: var(--wp--preset--spacing--40); \" class=\"wp-block-ub-divider ub_divider ub-divider-orientation-horizontal\" id=\"ub_divider_9e78e815-0e90-4439-9933-aea30cc640a1\"><div class=\"ub_divider_wrapper\" style=\"position: relative; margin-bottom: 10px; width: 100%; height: 10px; \" data-divider-alignment=\"center\"><div class=\"ub_divider_line\" style=\"border-top: 2px solid #000000; margin-top: 10px; \"><\/div><\/div><\/div>\n\n\n<h2 class=\"wp-block-heading\" id=\"forte-dei-marmi\"><strong>Forte dei Marmi<\/strong><\/h2>\n\n\n\n<p class=\"translation-block\">Forte dei Marmi \u00e8 una localit\u00e0 balneare situata sulla costa toscana, in Provincia di Lucca. Abitata fin dall'antichit\u00e0, la zona si \u00e8 sviluppata come destinazione turistica nel corso del ventesimo secolo, ed \u00e8 una delle localit\u00e0 pi\u00f9 frequentate della regione.<\/p>\n\n\n<div class=\"wp-block-ub-divider ub_divider ub-divider-orientation-horizontal\" id=\"ub_divider_789f08f4-53f3-4306-8c95-f5a8ab36ae67\"><div class=\"ub_divider_wrapper\" style=\"position: relative; margin-bottom: 2px; width: 100%; height: 2px; \" data-divider-alignment=\"center\"><div class=\"ub_divider_line\" style=\"border-top: 2px solid #ccc; margin-top: 2px; \"><\/div><\/div><\/div>\n\n\n<h4 class=\"wp-block-heading\" id=\"beach-of-forte-dei-marmi\"><strong>Spiaggia di Forte dei Marmi<\/strong><\/h4>\n\n\n\n<p>La localit\u00e0 balneare di Forte dei Marmi \u00e8 nota per la sua lunga e bella spiaggia, che la rende una delle destinazioni estive pi\u00f9 frequentate e popolari della Toscana. Il lungomare vicino alla spiaggia ospita numerosi bar, ristoranti e alberghi.<\/p>\n\n\n\n<div class=\"wp-block-columns is-layout-flex wp-container-core-columns-is-layout-9d6595d7 wp-block-columns-is-layout-flex\">\n<div class=\"wp-block-column is-layout-flow wp-block-column-is-layout-flow\" style=\"flex-basis:85%\">\n<p>Indirizzo: Pontile di Forte dei Marmi, 55042 Forte dei Marmi LU<br>Coordinate: 43.9571, 10.1658<\/p>\n<\/div>\n\n\n\n<div class=\"wp-block-column is-layout-flow wp-block-column-is-layout-flow\" style=\"flex-basis:15%\">\n<p class=\"has-text-align-right\"><a href=\"https:\/\/goo.gl\/maps\/YbJdHNSEqKADue896\" target=\"_blank\" aria-label=\" (opens in a new tab)\" rel=\"noreferrer noopener\" class=\"ek-link\">Google Maps<\/a><\/p>\n<\/div>\n<\/div>\n\n\n<div style=\"margin-top: var(--wp--preset--spacing--40); margin-bottom: var(--wp--preset--spacing--40); \" class=\"wp-block-ub-divider ub_divider ub-divider-orientation-horizontal\" id=\"ub_divider_1247b35d-709b-42ab-9a6d-e9330d2d1447\"><div class=\"ub_divider_wrapper\" style=\"position: relative; margin-bottom: 10px; width: 100%; height: 10px; \" data-divider-alignment=\"center\"><div class=\"ub_divider_line\" style=\"border-top: 2px solid #000000; margin-top: 10px; \"><\/div><\/div><\/div>\n\n\n<h2 class=\"wp-block-heading\" id=\"pietrasanta\"><strong>Pietrasanta<\/strong><\/h2>\n\n\n\n<p class=\"translation-block\">Pietrasanta \u00e8 una cittadina situata ai piedi delle colline vicino alla costa toscana, in Provincia di Lucca. Fondata nel 1255, fu governata da Lucca, <a href=\"https:\/\/www.cosmundus.com\/it\/destinations\/genoa\/\" target=\"_self\">Genova<\/a> e poi da <a href=\"https:\/\/www.cosmundus.com\/it\/destinations\/florence\/\" class=\"ek-link\" target=\"_self\">Firenze<\/a>, e presenta varie attrazioni storiche del suo periodo d'oro nel Tardo Medioevo e nel Rinascimento.<\/p>\n\n\n<div class=\"wp-block-ub-divider ub_divider ub-divider-orientation-horizontal\" id=\"ub_divider_65f16bf2-84a2-4b83-9dcf-9b789c421925\"><div class=\"ub_divider_wrapper\" style=\"position: relative; margin-bottom: 2px; width: 100%; height: 2px; \" data-divider-alignment=\"center\"><div class=\"ub_divider_line\" style=\"border-top: 2px solid #ccc; margin-top: 2px; \"><\/div><\/div><\/div>\n\n\n<h4 class=\"wp-block-heading\" id=\"duomo-of-pietrasanta\"><strong><strong>Duomo di Pietrasanta<\/strong><\/strong><\/h4>\n\n\n\n<p class=\"has-text-align-left translation-block\">Anche noto come: Collegiata di San Martino<\/p>\n\n\n\n<p>Il Duomo di Pietrasanta \u00e8 il principale sito religioso di Pietrasanta, eretto in gran parte tra il tredicesimo e il quattordicesimo secolo. La chiesa presenta una struttura romanica con una facciata decorata e ospita diverse opere d'arte.<\/p>\n\n\n\n<div class=\"wp-block-columns is-layout-flex wp-container-core-columns-is-layout-9d6595d7 wp-block-columns-is-layout-flex\">\n<div class=\"wp-block-column is-layout-flow wp-block-column-is-layout-flow\" style=\"flex-basis:85%\">\n<p>Indirizzo: Piazza Duomo, 55045 Pietrasanta LU<br>Coordinate: 43.9572, 10.2320<\/p>\n<\/div>\n\n\n\n<div class=\"wp-block-column is-layout-flow wp-block-column-is-layout-flow\" style=\"flex-basis:15%\">\n<p class=\"has-text-align-right\"><a href=\"https:\/\/goo.gl\/maps\/BJgsP1SoswxFg2vP6\" target=\"_blank\" aria-label=\" (opens in a new tab)\" rel=\"noreferrer noopener\" class=\"ek-link\">Google Maps<\/a><\/p>\n<\/div>\n<\/div>\n\n\n<div style=\"margin-top: var(--wp--preset--spacing--40); margin-bottom: var(--wp--preset--spacing--40); \" class=\"wp-block-ub-divider ub_divider ub-divider-orientation-horizontal\" id=\"ub_divider_accd7e3f-d308-4512-a50c-56e8ab294a1e\"><div class=\"ub_divider_wrapper\" style=\"position: relative; margin-bottom: 10px; width: 100%; height: 10px; \" data-divider-alignment=\"center\"><div class=\"ub_divider_line\" style=\"border-top: 2px solid #000000; margin-top: 10px; \"><\/div><\/div><\/div>\n\n\n<h2 class=\"wp-block-heading\" id=\"stazzema\"><strong>Stazzema<\/strong><\/h2>\n\n\n\n<p class=\"translation-block\">Stazzema \u00e8 un comune situato tra le colline della Provincia di Lucca. La zona fu teatro dell'eccidio di Sant\u2019Anna di Stazzema durante la seconda guerra mondiale.<\/p>\n\n\n<div class=\"wp-block-ub-divider ub_divider ub-divider-orientation-horizontal\" id=\"ub_divider_19e94240-8a82-42c0-b1d9-beffd23e7451\"><div class=\"ub_divider_wrapper\" style=\"position: relative; margin-bottom: 2px; width: 100%; height: 2px; \" data-divider-alignment=\"center\"><div class=\"ub_divider_line\" style=\"border-top: 2px solid #ccc; margin-top: 2px; \"><\/div><\/div><\/div>\n\n\n<h4 class=\"wp-block-heading\" id=\"national-park-of-peace\"><strong>Parco Nazionale della Pace<\/strong><\/h4>\n\n\n\n<p class=\"translation-block\">Nel 1944, durante la seconda guerra mondiale, il minuscolo borgo di Sant\u2019Anna di Stazzema fu teatro di un sanguinoso massacro compiuto dalle truppe naziste tedesche e da una brigata fascista italiana, che uccise circa 560 persone, tra cui pi\u00f9 di 100 bambini. Qui \u00e8 stato istituito il Parco Nazionale della Pace per commemorare questo orribile crimine di guerra. Il parco ospita un grande monumento, il <strong>Sacrario di Sant'Anna di Stazzema<\/strong>, e un museo.<\/p>\n\n\n\n<div class=\"wp-block-columns is-layout-flex wp-container-core-columns-is-layout-9d6595d7 wp-block-columns-is-layout-flex\">\n<div class=\"wp-block-column is-layout-flow wp-block-column-is-layout-flow\" style=\"flex-basis:85%\">\n<p>Indirizzo: Via Coletti, 22, 55040 Sant\u2019Anna LU<br>Coordinate: 43.9736, 10.2734<\/p>\n<\/div>\n\n\n\n<div class=\"wp-block-column is-layout-flow wp-block-column-is-layout-flow\" style=\"flex-basis:15%\">\n<p class=\"has-text-align-right\"><a href=\"https:\/\/goo.gl\/maps\/tSs27poFrxHETBJt8\" target=\"_blank\" aria-label=\" (opens in a new tab)\" rel=\"noreferrer noopener\" class=\"ek-link\">Google Maps<\/a><\/p>\n<\/div>\n<\/div>","protected":false},"excerpt":{"rendered":"<p>&lt;&lt; Tuscany Versilia is a coastal area in the Province of Lucca, known for hosting popular seaside resorts such as Viareggio and Forte dei Marmi. This region also includes some historic towns located on the hills near the coast. Viareggio Viareggio is a seaside resort on the Tuscan coast, in the Province of Lucca. Inhabited since ancient times, it was a small town for centuries and it developed as an industrial center and a tourist destination during the 20th century. Now the city is one of the most popular summer destinations in the region, and it is famous for its carnival. Citadel of the Carnival of Viareggio The Citadel of the Carnival of Viareggio (Cittadella del Carnevale di Viareggio) is a cultural center dedicated to the famous Carnival of Viareggio. The complex houses the hangars where the floats are built, along with a museum on the history of the carnival. Address: Via Santa Maria Goretti, 5, 55049 Viareggio LUCoordinates: 43.8928, 10.2459 Google Maps Lorenzo Viani Modern and Contemporary Art Gallery The Lorenzo Viani Modern and Contemporary Art Gallery (Galleria d&#8217;Arte Moderna e Contemporanea Lorenzo Viani) is an art museum in Viareggio. Its collection includes various artworks by Italian and international artists from the 20th century, including pieces by De Chirico, Guttuso, and Lichtenstein. Address: Piazza Giuseppe Mazzini, 55049 Viareggio LUCoordinates: 43.8709, 10.2434 Google Maps Villa Puccini Villa Puccini is the former residence of composer Giacomo Puccini, who lived here between 1900 and 1921. The villa is located on the shores of Lake Massaciuccoli south of Viareggio, and now serves as a museum on the life and work of Puccini. Next to the villa is a lakeside open-air theater. Address: Viale Giacomo Puccini, 266, 55049 Torre del Lago Puccini LUCoordinates: 43.8327, 10.3060 Google Maps Forte dei Marmi Forte dei Marmi is a seaside resort located on the Tuscan coast, in the Province of Lucca. Inhabited since ancient times, the area developed as a tourist destination during the 20th century, and it is one among the most popular resorts in the region. Beach of Forte dei Marmi The seaside resort of Forte dei Marmi is known for its long beautiful beach, that make it one of the busiest and most popular summer destinations in Tuscany. The seafront near the beach hosts numerous bars, restaurants, and hotels. Address: Pontile di Forte dei Marmi, 55042 Forte dei Marmi LUCoordinates: 43.9571, 10.1658 Google Maps Pietrasanta Pietrasanta is a town located at the foot of the hills near the Tuscan coast, in the Province of Lucca. Founded in 1255, it was ruled by Lucca, Genoa, and then Florence, and it features various historic attractions from its golden age in the Late Middle Ages and the Renaissance. Duomo of Pietrasanta Also known as: Collegiate Church of San Martino (Collegiata di San Martino) The Duomo of Pietrasanta is the main religious site in Pietrasanta, mostly erected between the 13th and 14th century. The church features a Romanesque structure with a decorated facade, and it hosts various artworks. Address: Piazza Duomo, 55045 Pietrasanta LUCoordinates: 43.9572, 10.2320 Google Maps Stazzema Stazzema is a municipality located among the hills of the Province of Lucca. The area was the site of the Sant&#8217;Anna di Stazzema massacre during World War II. National Park of Peace In 1944, during World War II, the tiny village of Sant&#8217;Anna di Stazzema was the site of a bloody massacre carried on by the Nazi German troops and an Italian Fascist brigade, who killed around 560 people, including more than 100 children. The National Park of Peace (Parco Nazionale della Pace) has been established here to commemorate this horrible war crime. The park features a large monument, the Sant&#8217;Anna di Stazzema Memorial (Sacrario di Sant&#8217;Anna di Stazzema), and a museum. Address: Via Coletti, 22, 55040 Sant&#8217;Anna LUCoordinates: 43.9736, 10.2734 Google Maps<\/p>","protected":false},"author":1,"featured_media":0,"parent":932,"menu_order":0,"comment_status":"closed","ping_status":"closed","template":"","meta":{"_editorskit_title_hidden":false,"_editorskit_reading_time":0,"_editorskit_is_block_options_detached":false,"_editorskit_block_options_position":"{}","om_disable_all_campaigns":false,"_uag_custom_page_level_css":"","advgb_blocks_editor_width":"","advgb_blocks_columns_visual_guide":"","_monsterinsights_skip_tracking":false,"_monsterinsights_sitenote_active":false,"_monsterinsights_sitenote_note":"","_monsterinsights_sitenote_category":0,"footnotes":""},"class_list":["post-10040","page","type-page","status-publish","hentry"],"aioseo_notices":[],"featured_image_src":null,"uagb_featured_image_src":{"full":false,"thumbnail":false,"medium":false,"medium_large":false,"large":false,"1536x1536":false,"2048x2048":false,"trp-custom-language-flag":false,"xs-thumb":false,"post-thumbnail":false,"minimalistblogger-grid":false,"minimalistblogger-slider":false,"minimalistblogger-small":false},"uagb_author_info":{"display_name":"Stefano Cammisa","author_link":"https:\/\/www.cosmundus.com\/it\/author\/stefano-cammisa\/"},"uagb_comment_info":0,"uagb_excerpt":"&lt;&lt; Tuscany Versilia is a coastal area in the Province of Lucca, known for hosting popular seaside resorts such as Viareggio and Forte dei Marmi. This region also includes some historic towns located on the hills near the coast. Viareggio Viareggio is a seaside resort on the Tuscan coast, in the Province of Lucca. Inhabited&hellip;","coauthors":[],"author_meta":{"author_link":"https:\/\/www.cosmundus.com\/it\/author\/stefano-cammisa\/","display_name":"Stefano Cammisa"},"relative_dates":{"created":"Pubblicato 2 anni fa","modified":"Aggiornato 2 anni fa"},"absolute_dates":{"created":"Pubblicato il 11 Marzo 2024","modified":"Aggiornato il 11 Marzo 2024"},"absolute_dates_time":{"created":"Pubblicato il 11 Marzo 2024 2:33 pm","modified":"Aggiornato il 11 Marzo 2024 2:33 pm"},"featured_img_caption":"","featured_img":false,"series_order":"","_links":{"self":[{"href":"https:\/\/www.cosmundus.com\/it\/wp-json\/wp\/v2\/pages\/10040","targetHints":{"allow":["GET"]}}],"collection":[{"href":"https:\/\/www.cosmundus.com\/it\/wp-json\/wp\/v2\/pages"}],"about":[{"href":"https:\/\/www.cosmundus.com\/it\/wp-json\/wp\/v2\/types\/page"}],"author":[{"embeddable":true,"href":"https:\/\/www.cosmundus.com\/it\/wp-json\/wp\/v2\/users\/1"}],"replies":[{"embeddable":true,"href":"https:\/\/www.cosmundus.com\/it\/wp-json\/wp\/v2\/comments?post=10040"}],"version-history":[{"count":1,"href":"https:\/\/www.cosmundus.com\/it\/wp-json\/wp\/v2\/pages\/10040\/revisions"}],"predecessor-version":[{"id":10046,"href":"https:\/\/www.cosmundus.com\/it\/wp-json\/wp\/v2\/pages\/10040\/revisions\/10046"}],"up":[{"embeddable":true,"href":"https:\/\/www.cosmundus.com\/it\/wp-json\/wp\/v2\/pages\/932"}],"wp:attachment":[{"href":"https:\/\/www.cosmundus.com\/it\/wp-json\/wp\/v2\/media?parent=10040"}],"curies":[{"name":"wp","href":"https:\/\/api.w.org\/{rel}","templated":true}]}}