{"id":10025,"date":"2024-03-11T14:05:25","date_gmt":"2024-03-11T13:05:25","guid":{"rendered":"https:\/\/www.cosmundus.com\/?page_id=10025"},"modified":"2024-10-07T11:31:40","modified_gmt":"2024-10-07T09:31:40","slug":"etruscan-coast","status":"publish","type":"page","link":"https:\/\/www.cosmundus.com\/it\/destinations\/etruscan-coast\/","title":{"rendered":"Costa degli Etruschi"},"content":{"rendered":"<p class=\"has-text-align-right\">&lt;&lt; <a href=\"https:\/\/www.cosmundus.com\/it\/atlas\/europe\/southern-europe\/italy\/central-italy\/tuscany\/\" class=\"ek-link\">Toscana<\/a><\/p>\n\n\n\n<p class=\"translation-block\">La Costa degli Etruschi \u00e8 un'area costiera che si estende da <a href=\"https:\/\/www.cosmundus.com\/it\/destinations\/livorno\/\" class=\"ek-link\" target=\"_self\">Livorno<\/a> a Piombino in Provincia di Livorno. Qui si trovano alcune localit\u00e0 balneari e siti storici situati vicino alla costa e ai piedi delle vicine colline.<\/p>\n\n\n\n<div class=\"wp-block-group\"><div class=\"wp-block-group__inner-container is-layout-constrained wp-block-group-is-layout-constrained\"><div style=\"border: 1px solid #8ed1fc; border-radius: 0%; background-color: inherit; \" class=\"ub-styled-box ub-bordered-box wp-block-ub-styled-box\" id=\"ub-styled-box-3d0f2c60-dbc2-4559-9250-cc1fa008534d\">\n<p class=\"has-medium-font-size\" id=\"ub-styled-box-bordered-content-f63a6760-1d6b-4e7a-8788-8d098a2bd2de\">Posti da vedere sulla Costa degli Etruschi<\/p>\n\n\n<div class=\"wp-block-aioseo-table-of-contents\"><ul><li><a class=\"aioseo-toc-item\" href=\"#piombino\">Piombino<\/a><ul><li><a class=\"aioseo-toc-item\" href=\"#baratti-and-populonia-archeological-park\">\u272a Parco Archeologico di Baratti e Populonia<\/a><\/li><li><a class=\"aioseo-toc-item\" href=\"#archaeological-museum-of-populonia\">Museo Archeologico del Territorio di Populonia<\/a><\/li><li><a class=\"aioseo-toc-item\" href=\"#piazza-bovio\">Piazza Bovio<\/a><\/li><li><a class=\"aioseo-toc-item\" href=\"#piombino-cathedral\">Duomo di Piombino<\/a><\/li><\/ul><\/li><li><a class=\"aioseo-toc-item\" href=\"#campiglia-marittima\">Campiglia Marittima<\/a><ul><li><a class=\"aioseo-toc-item\" href=\"#parco-archeominerario-di-san-silvestro\">Parco Archeominerario di San Silvestro<\/a><\/li><\/ul><\/li><li><a class=\"aioseo-toc-item\" href=\"#bolgheri\">Bolgheri<\/a><ul><li><a class=\"aioseo-toc-item\" href=\"#viale-dei-cipressi\">Viale dei Cipressi<\/a><\/li><\/ul><\/li><li><a class=\"aioseo-toc-item\" href=\"#rosignano-marittimo\">Rosignano Marittimo<\/a><ul><li><a class=\"aioseo-toc-item\" href=\"#civic-archaeological-museum-of-rosignano-marittimo\">Museo Civico Archeologico di Rosignano Marittimo<\/a><\/li><\/ul><\/li><\/ul><\/div>\n\n<\/div><\/div><\/div>\n\n\n\n<h2 class=\"wp-block-heading\" id=\"piombino\"><strong>Piombino<\/strong><\/h2>\n\n\n\n<p class=\"translation-block\">Piombino \u00e8 una citt\u00e0 portuale situata su un promontorio di fronte all'<a href=\"https:\/\/www.cosmundus.com\/it\/destinations\/tuscan-archipelago\/#elba-island\" class=\"ek-link\" target=\"_self\">Isola d'Elba<\/a>, in Provincia di Livorno. La zona fu abitata dagli Etruschi, e la citt\u00e0 moderna nacque dopo l'abbandono della vicina Populonia in seguito a vari attacchi di pirati nel Medioevo. Piombino fu governata per secoli da <a href=\"https:\/\/www.cosmundus.com\/it\/destinations\/pisa\/\" class=\"ek-link\" target=\"_self\">Pisa<\/a>, e nel 1398 divenne una piccola signoria, elevata a principato nel 1594. Il Principato di Piombino govern\u00f2 il territorio e le isole circostanti come vassallo del Regno di <a href=\"https:\/\/www.cosmundus.com\/it\/destinations\/naples\/\" class=\"ek-link\" target=\"_self\">Napoli<\/a>. Nel 1805 entr\u00f2 a far parte del Principato di <a href=\"https:\/\/www.cosmundus.com\/it\/destinations\/lucca\/\" class=\"ek-link\" target=\"_self\">Lucca<\/a> e Piombino, e fu ceduta alla Toscana nel 1815. Piombino divenne in seguito un importante centro portuale e industriale e presenta varie attrazioni storiche.<\/p>\n\n\n<div class=\"wp-block-ub-divider ub_divider ub-divider-orientation-horizontal\" id=\"ub_divider_47cbef33-c664-4215-afd4-9ece1c815c62\"><div class=\"ub_divider_wrapper\" style=\"position: relative; margin-bottom: 2px; width: 100%; height: 2px; \" data-divider-alignment=\"center\"><div class=\"ub_divider_line\" style=\"border-top: 2px solid #ccc; margin-top: 2px; \"><\/div><\/div><\/div>\n\n\n<h4 class=\"wp-block-heading\" id=\"baratti-and-populonia-archeological-park\"><strong>\u272a Parco Archeologico di Baratti e Populonia<\/strong><\/h4>\n\n\n\n<p class=\"translation-block\">Il Parco Archeologico di Baratti e Populonia \u00e8 un'area archeologica a nord di Piombino. Il parco comprende i resti dell'antico porto etrusco di Populonia, uno dei centri pi\u00f9 importanti di questa civilt\u00e0. Successivamente Populonia decadde e fu saccheggiata e distrutta nel Medioevo, quando fu abbandonata in favore di Piombino. L'area archeologica presenta diverse tombe antiche e una vasta necropoli, oltre alla medievale <strong>Rocca di Populonia<\/strong>, un castello che oggi ospita un museo archeologico.<\/p>\n\n\n\n<div class=\"wp-block-columns is-layout-flex wp-container-core-columns-is-layout-9d6595d7 wp-block-columns-is-layout-flex\">\n<div class=\"wp-block-column is-layout-flow wp-block-column-is-layout-flow\" style=\"flex-basis:85%\">\n<p>Indirizzo: Parco Archeologico di Baratti e Populonia, 57025 Baratti LI<br>Coordinate: 42.9883, 10.5093<\/p>\n<\/div>\n\n\n\n<div class=\"wp-block-column is-layout-flow wp-block-column-is-layout-flow\" style=\"flex-basis:15%\">\n<p class=\"has-text-align-right\"><a href=\"https:\/\/goo.gl\/maps\/eybXu5wJv9JgYJXJA\" target=\"_blank\" aria-label=\" (opens in a new tab)\" rel=\"noreferrer noopener\" class=\"ek-link\">Google Maps<\/a><\/p>\n<\/div>\n<\/div>\n\n\n<div class=\"wp-block-ub-divider ub_divider ub-divider-orientation-horizontal\" id=\"ub_divider_91bf788d-0790-4951-9ca0-08ada8cef3f5\"><div class=\"ub_divider_wrapper\" style=\"position: relative; margin-bottom: 2px; width: 100%; height: 2px; \" data-divider-alignment=\"center\"><div class=\"ub_divider_line\" style=\"border-top: 2px solid #ccc; margin-top: 2px; \"><\/div><\/div><\/div>\n\n\n<h4 class=\"wp-block-heading\" id=\"archaeological-museum-of-populonia\"><strong><strong>Museo Archeologico del Territorio di Populonia<\/strong><\/strong><\/h4>\n\n\n\n<p class=\"translation-block\">Il Museo Archeologico del Territorio di Populonia \u00e8 un museo archeologico a Piombino, ospitato all'interno della <strong>Cittadella<\/strong>, antica sede dei signori locali. Il museo presenta una ricca collezione di reperti archeologici rinvenuti a Populonia e dintorni, databili tra la preistoria e la tarda antichit\u00e0.<\/p>\n\n\n\n<div class=\"wp-block-columns is-layout-flex wp-container-core-columns-is-layout-9d6595d7 wp-block-columns-is-layout-flex\">\n<div class=\"wp-block-column is-layout-flow wp-block-column-is-layout-flow\" style=\"flex-basis:85%\">\n<p>Indirizzo: P.za Cittadella, 8, 57025 Piombino LI<br>Coordinate: 42.9234, 10.5219<\/p>\n<\/div>\n\n\n\n<div class=\"wp-block-column is-layout-flow wp-block-column-is-layout-flow\" style=\"flex-basis:15%\">\n<p class=\"has-text-align-right\"><a href=\"https:\/\/goo.gl\/maps\/dYLstGhXCborqz286\" target=\"_blank\" aria-label=\" (opens in a new tab)\" rel=\"noreferrer noopener\" class=\"ek-link\">Google Maps<\/a><\/p>\n<\/div>\n<\/div>\n\n\n<div class=\"wp-block-ub-divider ub_divider ub-divider-orientation-horizontal\" id=\"ub_divider_04f2141b-b82a-46cd-a3e0-adc00431aebb\"><div class=\"ub_divider_wrapper\" style=\"position: relative; margin-bottom: 2px; width: 100%; height: 2px; \" data-divider-alignment=\"center\"><div class=\"ub_divider_line\" style=\"border-top: 2px solid #ccc; margin-top: 2px; \"><\/div><\/div><\/div>\n\n\n<h4 class=\"wp-block-heading\" id=\"piazza-bovio\"><strong><strong>Piazza Bovio<\/strong><\/strong><\/h4>\n\n\n\n<p class=\"translation-block\">Piazza Bovio \u00e8 una scenografica terrazza panoramica situata su una piccola penisola a Piombino. La piazza offre una splendida vista sul mare e sulle isole vicine ed \u00e8 caratterizzata da un faro in stile medievale. Il vicino <strong>Palazzo Appiani<\/strong>, che si affaccia sulla piazza, ospita il <strong>Museo del Mare<\/strong>, un piccolo acquario e museo dedicato all'ambiente locale.<\/p>\n\n\n\n<div class=\"wp-block-columns is-layout-flex wp-container-core-columns-is-layout-9d6595d7 wp-block-columns-is-layout-flex\">\n<div class=\"wp-block-column is-layout-flow wp-block-column-is-layout-flow\" style=\"flex-basis:85%\">\n<p>Indirizzo: Piazza Bovio, 57025 Piombino LI<br>Coordinate: 42.9208, 10.5257<\/p>\n<\/div>\n\n\n\n<div class=\"wp-block-column is-layout-flow wp-block-column-is-layout-flow\" style=\"flex-basis:15%\">\n<p class=\"has-text-align-right\"><a href=\"https:\/\/goo.gl\/maps\/1GrwrhdjGDwKyWm98\" target=\"_blank\" aria-label=\" (opens in a new tab)\" rel=\"noreferrer noopener\" class=\"ek-link\">Google Maps<\/a><\/p>\n<\/div>\n<\/div>\n\n\n<div class=\"wp-block-ub-divider ub_divider ub-divider-orientation-horizontal\" id=\"ub_divider_53ce2ff5-38cd-42c8-aa13-d8e197477ec1\"><div class=\"ub_divider_wrapper\" style=\"position: relative; margin-bottom: 2px; width: 100%; height: 2px; \" data-divider-alignment=\"center\"><div class=\"ub_divider_line\" style=\"border-top: 2px solid #ccc; margin-top: 2px; \"><\/div><\/div><\/div>\n\n\n<h4 class=\"wp-block-heading\" id=\"piombino-cathedral\"><strong><strong>Duomo di Piombino<\/strong><\/strong><\/h4>\n\n\n\n<p class=\"translation-block\">Anche nota come: Concattedrale di Sant'Antimo<\/p>\n\n\n\n<p class=\"translation-block\">Il Duomo di Piombino \u00e8 la chiesa principale di Piombino. La struttura fu eretta nel tardo medioevo in stile romanico e gotico e presenta alcune opere d'arte storiche. Nell'ex convento adiacente alla cattedrale \u00e8 ospitato un museo di arte sacra.<\/p>\n\n\n\n<div class=\"wp-block-columns is-layout-flex wp-container-core-columns-is-layout-9d6595d7 wp-block-columns-is-layout-flex\">\n<div class=\"wp-block-column is-layout-flow wp-block-column-is-layout-flow\" style=\"flex-basis:85%\">\n<p>Indirizzo: Via del Coro, 14, 57025 Piombino LI<br>Coordinate: 42.9223, 10.5277<\/p>\n<\/div>\n\n\n\n<div class=\"wp-block-column is-layout-flow wp-block-column-is-layout-flow\" style=\"flex-basis:15%\">\n<p class=\"has-text-align-right\"><a href=\"https:\/\/goo.gl\/maps\/XWNQTopgrm2KgXCg8\" target=\"_blank\" aria-label=\" (opens in a new tab)\" rel=\"noreferrer noopener\" class=\"ek-link\">Google Maps<\/a><\/p>\n<\/div>\n<\/div>\n\n\n<div style=\"margin-top: var(--wp--preset--spacing--40); margin-bottom: var(--wp--preset--spacing--40); \" class=\"wp-block-ub-divider ub_divider ub-divider-orientation-horizontal\" id=\"ub_divider_0e6ce77c-6567-4300-a51c-679558744864\"><div class=\"ub_divider_wrapper\" style=\"position: relative; margin-bottom: 10px; width: 100%; height: 10px; \" data-divider-alignment=\"center\"><div class=\"ub_divider_line\" style=\"border-top: 2px solid #000000; margin-top: 10px; \"><\/div><\/div><\/div>\n\n\n<h2 class=\"wp-block-heading\" id=\"campiglia-marittima\"><strong>Campiglia Marittima<\/strong><\/h2>\n\n\n\n<p class=\"translation-block\">Campiglia Marittima \u00e8 un paese situato tra le colline della Provincia di Livorno. Il paese conserva alcuni edifici antichi ed \u00e8 storicamente noto per la sua attivit\u00e0 mineraria.<\/p>\n\n\n<div class=\"wp-block-ub-divider ub_divider ub-divider-orientation-horizontal\" id=\"ub_divider_8e4b0eaa-a73b-40b8-9d19-d155f94b47de\"><div class=\"ub_divider_wrapper\" style=\"position: relative; margin-bottom: 2px; width: 100%; height: 2px; \" data-divider-alignment=\"center\"><div class=\"ub_divider_line\" style=\"border-top: 2px solid #ccc; margin-top: 2px; \"><\/div><\/div><\/div>\n\n\n<h4 class=\"wp-block-heading\" id=\"parco-archeominerario-di-san-silvestro\"><strong>Parco Archeominerario di San Silvestro<\/strong><\/h4>\n\n\n\n<p class=\"translation-block\">Il Parco Archeominerario di San Silvestro \u00e8 un parco situato appena a nord di Campiglia Marittima, che presenta una serie di musei e mostre sulla storia dell'attivit\u00e0 mineraria nella zona. Il parco comprende i ruderi della <strong>Rocca di Campiglia<\/strong>, un castello medievale a Campiglia Marittima.<\/p>\n\n\n\n<div class=\"wp-block-columns is-layout-flex wp-container-core-columns-is-layout-9d6595d7 wp-block-columns-is-layout-flex\">\n<div class=\"wp-block-column is-layout-flow wp-block-column-is-layout-flow\" style=\"flex-basis:85%\">\n<p>Indirizzo: Via di S. Vincenzo, 34b, 57021 Campiglia Marittima LI<br>Coordinate: 43.0735, 10.6139<\/p>\n<\/div>\n\n\n\n<div class=\"wp-block-column is-layout-flow wp-block-column-is-layout-flow\" style=\"flex-basis:15%\">\n<p class=\"has-text-align-right\"><a href=\"https:\/\/goo.gl\/maps\/ZkU5sXVFEdqgimub6\" target=\"_blank\" aria-label=\" (opens in a new tab)\" rel=\"noreferrer noopener\" class=\"ek-link\">Google Maps<\/a><\/p>\n<\/div>\n<\/div>\n\n\n<div style=\"margin-top: var(--wp--preset--spacing--40); margin-bottom: var(--wp--preset--spacing--40); \" class=\"wp-block-ub-divider ub_divider ub-divider-orientation-horizontal\" id=\"ub_divider_e6901c24-8499-4aab-9d70-83d8b6ba7486\"><div class=\"ub_divider_wrapper\" style=\"position: relative; margin-bottom: 10px; width: 100%; height: 10px; \" data-divider-alignment=\"center\"><div class=\"ub_divider_line\" style=\"border-top: 2px solid #000000; margin-top: 10px; \"><\/div><\/div><\/div>\n\n\n<h2 class=\"wp-block-heading\" id=\"bolgheri\"><strong>Bolgheri<\/strong><\/h2>\n\n\n\n<p class=\"translation-block\">Bolgheri \u00e8 un piccolo borgo situato ai piedi delle colline a sud di Livorno, nel comune di Castagneto Carducci. Il pittoresco borgo si \u00e8 sviluppato attorno ad un castello medievale ed \u00e8 noto per la produzione di vino.<\/p>\n\n\n<div class=\"wp-block-ub-divider ub_divider ub-divider-orientation-horizontal\" id=\"ub_divider_f8e3e743-b122-44de-b566-32ba73d46be3\"><div class=\"ub_divider_wrapper\" style=\"position: relative; margin-bottom: 2px; width: 100%; height: 2px; \" data-divider-alignment=\"center\"><div class=\"ub_divider_line\" style=\"border-top: 2px solid #ccc; margin-top: 2px; \"><\/div><\/div><\/div>\n\n\n<h4 class=\"wp-block-heading\" id=\"viale-dei-cipressi\"><strong>Viale dei Cipressi<\/strong><\/h4>\n\n\n\n<p>Il Viale dei Cipressi \u00e8 una strada rettilinea lunga quasi 5 km che porta verso Bolgheri. La strada \u00e8 fiancheggiata su entrambi i lati da migliaia di cipressi, ed \u00e8 stata resa famosa da una poesia scritta dal poeta ottocentesco Giosu\u00e8 Carducci, che visse nelle vicinanze da bambino.<\/p>\n\n\n\n<div class=\"wp-block-columns is-layout-flex wp-container-core-columns-is-layout-9d6595d7 wp-block-columns-is-layout-flex\">\n<div class=\"wp-block-column is-layout-flow wp-block-column-is-layout-flow\" style=\"flex-basis:85%\">\n<p>Indirizzo: Strada Provinciale Bolgherese, 57022 Castagneto Carducci LI<br>Coordinate: 43.2332, 10.6103<\/p>\n<\/div>\n\n\n\n<div class=\"wp-block-column is-layout-flow wp-block-column-is-layout-flow\" style=\"flex-basis:15%\">\n<p class=\"has-text-align-right\"><a href=\"https:\/\/goo.gl\/maps\/cScckPRrnEpPuKFBA\" target=\"_blank\" aria-label=\" (opens in a new tab)\" rel=\"noreferrer noopener\" class=\"ek-link\">Google Maps<\/a><\/p>\n<\/div>\n<\/div>\n\n\n<div style=\"margin-top: var(--wp--preset--spacing--40); margin-bottom: var(--wp--preset--spacing--40); \" class=\"wp-block-ub-divider ub_divider ub-divider-orientation-horizontal\" id=\"ub_divider_43279e08-5f0b-49fd-92bc-44bacd30eadc\"><div class=\"ub_divider_wrapper\" style=\"position: relative; margin-bottom: 10px; width: 100%; height: 10px; \" data-divider-alignment=\"center\"><div class=\"ub_divider_line\" style=\"border-top: 2px solid #000000; margin-top: 10px; \"><\/div><\/div><\/div>\n\n\n<h2 class=\"wp-block-heading\" id=\"rosignano-marittimo\"><strong>Rosignano Marittimo<\/strong><\/h2>\n\n\n\n<p class=\"translation-block\">Rosignano Marittimo \u00e8 un paese situato a sud di Livorno. Mentre il centro storico \u00e8 situato tra le colline, sulla vicina costa si trova una vasta zona industriale sviluppatasi nel ventesimo secolo.<\/p>\n\n\n<div class=\"wp-block-ub-divider ub_divider ub-divider-orientation-horizontal\" id=\"ub_divider_49f53163-26af-4b23-a2a3-e77464e9a925\"><div class=\"ub_divider_wrapper\" style=\"position: relative; margin-bottom: 2px; width: 100%; height: 2px; \" data-divider-alignment=\"center\"><div class=\"ub_divider_line\" style=\"border-top: 2px solid #ccc; margin-top: 2px; \"><\/div><\/div><\/div>\n\n\n<h4 class=\"wp-block-heading\" id=\"civic-archaeological-museum-of-rosignano-marittimo\"><strong>Museo Civico Archeologico di Rosignano Marittimo<\/strong><\/h4>\n\n\n\n<p class=\"translation-block\">Il Museo Civico Archeologico di Rosignano Marittimo \u00e8 un museo situato nel centro storico di Rosignano Marittimo. Il museo presenta una raccolta di reperti archeologici locali rinvenuti nella zona e databili tra la preistoria e il Medioevo.<\/p>\n\n\n\n<div class=\"wp-block-columns is-layout-flex wp-container-core-columns-is-layout-9d6595d7 wp-block-columns-is-layout-flex\">\n<div class=\"wp-block-column is-layout-flow wp-block-column-is-layout-flow\" style=\"flex-basis:85%\">\n<p>Indirizzo: Via del Castello, 24, 57016 Rosignano Marittimo LI<br>Coordinate: 43.4047, 10.4751<\/p>\n<\/div>\n\n\n\n<div class=\"wp-block-column is-layout-flow wp-block-column-is-layout-flow\" style=\"flex-basis:15%\">\n<p class=\"has-text-align-right\"><a href=\"https:\/\/goo.gl\/maps\/XTZjE2Tc8ciVWfYq9\" target=\"_blank\" aria-label=\" (opens in a new tab)\" rel=\"noreferrer noopener\" class=\"ek-link\">Google Maps<\/a><\/p>\n<\/div>\n<\/div>","protected":false},"excerpt":{"rendered":"<p>&lt;&lt; Tuscany The Etruscan Coast (Costa degli Etruschi) is a coastal area stretching from Livorno to Piombino in the Province of Livorno. Here are some seaside resorts and historic sites located near the coast and at the foot of the nearby hills. Piombino Piombino is a port city located on a promontory facing Elba, in the Province of Livorno. The area was inhabited by the Etruscans, and the modern town was born after the nearby Populonia was abandoned following various attacks by pirates in the Middle Ages. Piombino was ruled by Pisa for centuries, and in 1398 it became a small lordship, elevated to principality in 1594. The Principality of Piombino ruled over the surrounding area and islands as a vassal of the Kingdom of Naples. In 1805 it became part of the Principality of Lucca and Piombino, and it was given to Tuscany in 1815. Piombino later became an important port and industrial center, and it features various historic attractions. \u272a Baratti and Populonia Archeological Park The Baratti and Populonia Archeological Park (Parco Archeologico di Baratti e Populonia) is an archaeological area north of Piombino. The park includes the ruins of the ancient Etruscan port of Populonia, one of the most important centers of this civilization. Populonia later declined and it was sacked and destroyed in the Middle Ages, when it was abandoned in favor of Piombino. The archaeological area features various ancient tombs and a large necropolis, as well as the medieval Rocca of Populonia, a castle that now hosts an archaeological museum. Address: Parco Archeologico di Baratti e Populonia, 57025 Baratti LICoordinates: 42.9883, 10.5093 Google Maps Archaeological Museum of Populonia The Archaeological Museum of Populonia (Museo Archeologico del Territorio di Populonia) is an archaeological museum in Piombino, hosted inside the Citadel (Cittadella), the former seat of the local rulers. The museum features a rich collection of archaeological finds unearthed in and around Populonia, and dating between prehistory and late antiquity. Address: P.za Cittadella, 8, 57025 Piombino LICoordinates: 42.9234, 10.5219 Google Maps Piazza Bovio Piazza Bovio is a scenic panoramic terrace located on a small peninsula in Piombino. The square offers a great view on the sea and the nearby islands, and it features a medieval-style lighthouse. The nearby Palazzo Appiani, which faces the square, houses the Museum of the Sea (Museo del Mare), a small aquarium and museum dedicated to the local environment. Address: Piazza Bovio, 57025 Piombino LICoordinates: 42.9208, 10.5257 Google Maps Piombino Cathedral Also known as: Co-Cathedral of Sant&#8217;Antimo (Concattedrale di Sant&#8217;Antimo) The Piombino Cathedral (Duomo di Piombino) is the main church of Piombino. The structure was erected in the Late Middle Ages in Romanesque and Gothic style and it features some historic artworks. A museum of religious art is hosted in the former convent adjacent to the cathedral. Address: Via del Coro, 14, 57025 Piombino LICoordinates: 42.9223, 10.5277 Google Maps Campiglia Marittima Campiglia Marittima is a town located among the hills of the Province of Livorno. The town houses a few ancient buildings and it is historically known for its mining activity. Parco Archeominerario di San Silvestro The Parco Archeominerario di San Silvestro is a park located just north of Campiglia Marittima, which features a series of museums and exhibitions on the history of the mining activity in the area. The park includes the ruins of the Rocca of Campiglia, a medieval castle in Campiglia Marittima. Address: Via di S. Vincenzo, 34b, 57021 Campiglia Marittima LICoordinates: 43.0735, 10.6139 Google Maps Bolgheri Bolgheri is a tiny village located at the foot of the hills south of Livorno, in the municipality of Castagneto Carducci. The picturesque hamlet developed around a medieval castle and it is known for the production of wine. Viale dei Cipressi Viale dei Cipressi is an almost 5-km-long straight road that leads toward Bolgheri. The road is flanked on both sides by thousands of cypresses, and it was made famous by a poem written by 19th-century poet Giosu\u00e8 Carducci, who lived nearby as a child. Address: Strada Provinciale Bolgherese, 57022 Castagneto Carducci LICoordinates: 43.2332, 10.6103 Google Maps Rosignano Marittimo Rosignano Marittimo is a town located south of Livorno. While the old town is located among the hills, a large industrial area developed in the 20th century is on the nearby coast. Civic Archaeological Museum of Rosignano Marittimo The Civic Archaeological Museum of Rosignano Marittimo (Museo Civico Archeologico di Rosignano Marittimo) is a museum in the old town of Rosignano Marittimo. The museum features a collection of local archaeological finds unearthed in the area and dating between prehistory and the Middle Ages. Address: Via del Castello, 24, 57016 Rosignano Marittimo LICoordinates: 43.4047, 10.4751 Google Maps<\/p>","protected":false},"author":1,"featured_media":0,"parent":932,"menu_order":0,"comment_status":"closed","ping_status":"closed","template":"","meta":{"_editorskit_title_hidden":false,"_editorskit_reading_time":0,"_editorskit_is_block_options_detached":false,"_editorskit_block_options_position":"{}","om_disable_all_campaigns":false,"_uag_custom_page_level_css":"","advgb_blocks_editor_width":"","advgb_blocks_columns_visual_guide":"","_monsterinsights_skip_tracking":false,"_monsterinsights_sitenote_active":false,"_monsterinsights_sitenote_note":"","_monsterinsights_sitenote_category":0,"footnotes":""},"class_list":["post-10025","page","type-page","status-publish","hentry"],"aioseo_notices":[],"featured_image_src":null,"uagb_featured_image_src":{"full":false,"thumbnail":false,"medium":false,"medium_large":false,"large":false,"1536x1536":false,"2048x2048":false,"trp-custom-language-flag":false,"xs-thumb":false,"post-thumbnail":false,"minimalistblogger-grid":false,"minimalistblogger-slider":false,"minimalistblogger-small":false},"uagb_author_info":{"display_name":"Stefano Cammisa","author_link":"https:\/\/www.cosmundus.com\/it\/author\/stefano-cammisa\/"},"uagb_comment_info":0,"uagb_excerpt":"&lt;&lt; Tuscany The Etruscan Coast (Costa degli Etruschi) is a coastal area stretching from Livorno to Piombino in the Province of Livorno. Here are some seaside resorts and historic sites located near the coast and at the foot of the nearby hills. Piombino Piombino is a port city located on a promontory facing Elba, in&hellip;","coauthors":[],"author_meta":{"author_link":"https:\/\/www.cosmundus.com\/it\/author\/stefano-cammisa\/","display_name":"Stefano Cammisa"},"relative_dates":{"created":"Pubblicato 2 anni fa","modified":"Aggiornato 2 anni fa"},"absolute_dates":{"created":"Pubblicato il 11 Marzo 2024","modified":"Aggiornato il 7 Ottobre 2024"},"absolute_dates_time":{"created":"Pubblicato il 11 Marzo 2024 2:05 pm","modified":"Aggiornato il 7 Ottobre 2024 11:31 am"},"featured_img_caption":"","featured_img":false,"series_order":"","_links":{"self":[{"href":"https:\/\/www.cosmundus.com\/it\/wp-json\/wp\/v2\/pages\/10025","targetHints":{"allow":["GET"]}}],"collection":[{"href":"https:\/\/www.cosmundus.com\/it\/wp-json\/wp\/v2\/pages"}],"about":[{"href":"https:\/\/www.cosmundus.com\/it\/wp-json\/wp\/v2\/types\/page"}],"author":[{"embeddable":true,"href":"https:\/\/www.cosmundus.com\/it\/wp-json\/wp\/v2\/users\/1"}],"replies":[{"embeddable":true,"href":"https:\/\/www.cosmundus.com\/it\/wp-json\/wp\/v2\/comments?post=10025"}],"version-history":[{"count":2,"href":"https:\/\/www.cosmundus.com\/it\/wp-json\/wp\/v2\/pages\/10025\/revisions"}],"predecessor-version":[{"id":11948,"href":"https:\/\/www.cosmundus.com\/it\/wp-json\/wp\/v2\/pages\/10025\/revisions\/11948"}],"up":[{"embeddable":true,"href":"https:\/\/www.cosmundus.com\/it\/wp-json\/wp\/v2\/pages\/932"}],"wp:attachment":[{"href":"https:\/\/www.cosmundus.com\/it\/wp-json\/wp\/v2\/media?parent=10025"}],"curies":[{"name":"wp","href":"https:\/\/api.w.org\/{rel}","templated":true}]}}