{"id":8843,"date":"2024-10-07T09:54:30","date_gmt":"2024-10-07T07:54:30","guid":{"rendered":"https:\/\/www.cosmundus.com\/?page_id=8843"},"modified":"2024-10-07T09:54:31","modified_gmt":"2024-10-07T07:54:31","slug":"north-naples","status":"publish","type":"page","link":"https:\/\/www.cosmundus.com\/en\/destinations\/naples\/north-naples\/","title":{"rendered":"Naples &#8211; North Naples"},"content":{"rendered":"\n<p class=\"has-text-align-right\">&lt;&lt; <a href=\"https:\/\/www.cosmundus.com\/destinations\/naples\/\" class=\"ek-link\">Naples<\/a><\/p>\n\n\n\n<p>The Third Muncipality of Naples is just north of <a href=\"https:\/\/www.cosmundus.com\/destinations\/naples\/centro-storico\/\" class=\"ek-link\">Centro Storico<\/a>, and includes the neighborhoods of Stella and San Carlo all&#8217;Arena. Here are the popular Rione Sanit\u00e0 and the hill of Capodimonte, with its large park. These neighborhoods are part of the UNESCO World Heritage Site of the historic center of Naples. Further north are less developed districts at the outskirts of the city, part of the Seventh and Eighth Municipality.<\/p>\n\n\n<div style=\"border: 1px solid #8ed1fc; border-radius: 0%; background-color: inherit; \" class=\"ub-styled-box ub-bordered-box wp-block-ub-styled-box\" id=\"ub-styled-box-d8f5aa13-c637-48f0-8606-8474f9917d94\">\n<p class=\"has-medium-font-size\" id=\"ub-styled-box-bordered-content-b7c8bcdd-683e-4a63-89f6-5ca85353202b\">Places to see in Naples &#8211; North Naples<\/p>\n\n\n<div class=\"wp-block-aioseo-table-of-contents\"><ul><li><a class=\"aioseo-toc-item\" href=\"#national-archaeological-museum-of-naples\">\u272a National Archaeological Museum of Naples<\/a><\/li><li><a class=\"aioseo-toc-item\" href=\"#royal-palace-of-capodimonte\">\u272a Royal Palace of Capodimonte<\/a><\/li><li><a class=\"aioseo-toc-item\" href=\"#catacombs-of-san-gennaro\">\u272a Catacombs of San Gennaro<\/a><\/li><li><a class=\"aioseo-toc-item\" href=\"#botanical-garden-of-naples\">Botanical Garden of Naples<\/a><\/li><li><a class=\"aioseo-toc-item\" href=\"#basilica-of-santa-maria-della-sanita\">Basilica of Santa Maria della Sanit\u00e0<\/a><\/li><li><a class=\"aioseo-toc-item\" href=\"#basilica-of-san-gennaro-fuori-le-mura\">Basilica of San Gennaro Fuori le Mura<\/a><\/li><li><a class=\"aioseo-toc-item\" href=\"#astronomical-observatory-of-capodimonte\">Astronomical Observatory of Capodimonte<\/a><\/li><\/ul><\/div>\n\n<\/div>\n\n\n<h4 class=\"wp-block-heading\" id=\"national-archaeological-museum-of-naples\"><strong>\u272a National Archaeological Museum of Naples<\/strong><\/h4>\n\n\n\n<p>The National Archaeological Museum of Naples (<em>Museo Archeologico Nazionale di Napoli<\/em>) houses one of the greatest collections of ancient Greek and Roman artworks in the world. This huge and historic museum hosts the rich <em>Farnese Collection<\/em> (<em>Collezione Farnese<\/em>), which includes several ancient statues, and the <em>Secret Cabinet<\/em> (<em>Gabinetto Segreto<\/em>), a collection of Roman erotic art. The museum also houses numerous archaeological finds from <a href=\"https:\/\/www.cosmundus.com\/destinations\/vesuvian-area\/#pompei\" class=\"ek-link\">Pompeii<\/a>, <a href=\"https:\/\/www.cosmundus.com\/destinations\/vesuvian-area\/#ercolano\" class=\"ek-link\">Herculaneum<\/a>, and other sites near Naples. Among these are several mosaics, including the <em>Battle of Issus<\/em> (<em>Battaglia di Isso<\/em>), dating from around 100 BCE and featuring the most famous depiction of Alexander the Great. Also hosted in this museum are thousands of Egyptian artifacts, one of the largest collections of its kind in Italy. Underneath the museum, the metro station houses a section of the museum called <strong>Stazione Neapolis<\/strong>, which hosts several archaeological finds unearthed when the metro was built.<\/p>\n\n\n\n<div class=\"wp-block-columns is-layout-flex wp-container-core-columns-is-layout-9d6595d7 wp-block-columns-is-layout-flex\">\n<div class=\"wp-block-column is-layout-flow wp-block-column-is-layout-flow\" style=\"flex-basis:85%\">\n<p>Address: Piazza Museo, 18\/19, 80135 Napoli NA<br>Coordinates: 40.8536, 14.2505<\/p>\n<\/div>\n\n\n\n<div class=\"wp-block-column is-layout-flow wp-block-column-is-layout-flow\" style=\"flex-basis:15%\">\n<p class=\"has-text-align-right\"><a href=\"https:\/\/maps.app.goo.gl\/5FBJ3gHn9gJ8zseh8\" class=\"ek-link\">Google Maps<\/a><\/p>\n<\/div>\n<\/div>\n\n\n<div class=\"wp-block-ub-divider ub_divider ub-divider-orientation-horizontal\" id=\"ub_divider_c51f217b-70fb-4b28-8a01-736a3ead5a5f\"><div class=\"ub_divider_wrapper\" style=\"position: relative; margin-bottom: 2px; width: 100%; height: 2px; \" data-divider-alignment=\"center\"><div class=\"ub_divider_line\" style=\"border-top: 2px solid #ccc; margin-top: 2px; \"><\/div><\/div><\/div>\n\n\n<h4 class=\"wp-block-heading\" id=\"royal-palace-of-capodimonte\"><strong>\u272a Royal Palace of Capodimonte<\/strong><\/h4>\n\n\n\n<p>The Royal Palace of Capodimonte (<em>Reggia di Capodimonte<\/em>) is a large palace located on top of the Capodimonte hill north of the center of Naples. The palace was built between the 18th and 19th century as a hunting lodge and summer residence of the Bourbon family, and now serves as a museum. Inside the palace are numerous halls richly adorned with lavish Baroque decorations, as well as several elaborate frescoes and artworks. Here is the <strong>National Museum of Capodimonte<\/strong> (<em>Museo Nazionale di Capodimonte<\/em>), a huge art gallery and one of the richest museums in Italy. Its collection includes works dating between the 13th century and today, with paintings by artists such as Raphael, Botticelli, Titian, Caravaggio, Vasari, Masaccio, Lotto, El Greco, and many others. The museum also houses numerous sculptures and other artworks, most notably a large collection of porcelains. The <em>Porcelain Boudoir of Maria Amalia of Saxony<\/em> (<em>Salottino di Porcellana di Maria Amalia di Sassonia<\/em>) inside the palace is a room entirely decorated with elaborate rococo decorations and porcelains. Behind the palace is the huge <strong>Capodimonte Park<\/strong> (<em>Parco di Capodimonte<\/em>), which covers most of the hill of Capodimonte and features various statues, fountains, and other decorations.<\/p>\n\n\n\n<div class=\"wp-block-columns is-layout-flex wp-container-core-columns-is-layout-9d6595d7 wp-block-columns-is-layout-flex\">\n<div class=\"wp-block-column is-layout-flow wp-block-column-is-layout-flow\" style=\"flex-basis:85%\">\n<p>Address: Via Miano, 2, 80131 Napoli NA<br>Coordinates: 40.8671, 14.2506<\/p>\n<\/div>\n\n\n\n<div class=\"wp-block-column is-layout-flow wp-block-column-is-layout-flow\" style=\"flex-basis:15%\">\n<p class=\"has-text-align-right\"><a href=\"https:\/\/maps.app.goo.gl\/CZC4JqyaFiZUURAFA\" class=\"ek-link\">Google Maps<\/a><\/p>\n<\/div>\n<\/div>\n\n\n<div class=\"wp-block-ub-divider ub_divider ub-divider-orientation-horizontal\" id=\"ub_divider_cc722314-8ac3-4b07-aba8-6d47bb3dd0c8\"><div class=\"ub_divider_wrapper\" style=\"position: relative; margin-bottom: 2px; width: 100%; height: 2px; \" data-divider-alignment=\"center\"><div class=\"ub_divider_line\" style=\"border-top: 2px solid #ccc; margin-top: 2px; \"><\/div><\/div><\/div>\n\n\n<h4 class=\"wp-block-heading\" id=\"catacombs-of-san-gennaro\"><strong>\u272a Catacombs of San Gennaro<\/strong><\/h4>\n\n\n\n<p>The Catacombs of San Gennaro (<em>Catacombe di San Gennaro<\/em>) are a huge complex of underground Paleochristian burials dating as far back as the 2nd century. This is the largest among the ancient cemeteries of Naples, and it is located on the Capodimonte hill. The catacombs include several tombs large and small, some of which are decorated with ancient frescoes and mosaics. Here are also the tombs of numerous early bishops of Naples, and the oldest known depiction of San Gennaro, dating from the 5th century. Next to the entrance to the catacombs is the <strong>Basilica of Incoronata Madre del Buon Consiglio<\/strong>, a large church built in Baroque Revival style during the 20th century.<\/p>\n\n\n\n<div class=\"wp-block-columns is-layout-flex wp-container-core-columns-is-layout-9d6595d7 wp-block-columns-is-layout-flex\">\n<div class=\"wp-block-column is-layout-flow wp-block-column-is-layout-flow\" style=\"flex-basis:85%\">\n<p>Address: Via Capodimonte, 13, 80100 Napoli NA<br>Coordinates: 40.8651, 14.2474<\/p>\n<\/div>\n\n\n\n<div class=\"wp-block-column is-layout-flow wp-block-column-is-layout-flow\" style=\"flex-basis:15%\">\n<p class=\"has-text-align-right\"><a href=\"https:\/\/maps.app.goo.gl\/9eVF4aMuEqAsTUr66\" class=\"ek-link\">Google Maps<\/a><\/p>\n<\/div>\n<\/div>\n\n\n<div class=\"wp-block-ub-divider ub_divider ub-divider-orientation-horizontal\" id=\"ub_divider_87e05c0c-8161-43c4-9b48-3e3b9ec9d9d9\"><div class=\"ub_divider_wrapper\" style=\"position: relative; margin-bottom: 2px; width: 100%; height: 2px; \" data-divider-alignment=\"center\"><div class=\"ub_divider_line\" style=\"border-top: 2px solid #ccc; margin-top: 2px; \"><\/div><\/div><\/div>\n\n\n<h4 class=\"wp-block-heading\" id=\"botanical-garden-of-naples\"><strong>Botanical Garden of Naples<\/strong><\/h4>\n\n\n\n<p>The Botanical Garden of Naples (<em>Orto Botanico di Napoli<\/em>) was founded in 1807 and it is now managed by the University of Naples Federico II. The garden houses thousands of different plant species and features a museum dedicated to paleobotany and ethnobotany. The garden is adjacent to the <strong>Real Albergo dei Poveri<\/strong>, a former hospital and a monumental building erected between the 18th and 19th century.<\/p>\n\n\n\n<div class=\"wp-block-columns is-layout-flex wp-container-core-columns-is-layout-9d6595d7 wp-block-columns-is-layout-flex\">\n<div class=\"wp-block-column is-layout-flow wp-block-column-is-layout-flow\" style=\"flex-basis:85%\">\n<p>Address: Via Foria, 223, 80139 Napoli NA<br>Coordinates: 40.8615, 14.2623<\/p>\n<\/div>\n\n\n\n<div class=\"wp-block-column is-layout-flow wp-block-column-is-layout-flow\" style=\"flex-basis:15%\">\n<p class=\"has-text-align-right\"><a href=\"https:\/\/maps.app.goo.gl\/19U1bpxnc3vYM5JE7\" class=\"ek-link\">Google Maps<\/a><\/p>\n<\/div>\n<\/div>\n\n\n<div class=\"wp-block-ub-divider ub_divider ub-divider-orientation-horizontal\" id=\"ub_divider_e42137eb-1127-4238-a837-4587a340613d\"><div class=\"ub_divider_wrapper\" style=\"position: relative; margin-bottom: 2px; width: 100%; height: 2px; \" data-divider-alignment=\"center\"><div class=\"ub_divider_line\" style=\"border-top: 2px solid #ccc; margin-top: 2px; \"><\/div><\/div><\/div>\n\n\n<h4 class=\"wp-block-heading\" id=\"basilica-of-santa-maria-della-sanita\"><strong>Basilica of Santa Maria della Sanit\u00e0<\/strong><\/h4>\n\n\n\n<p>The Basilica of Santa Maria della Sanit\u00e0 is a historic church in the Sanit\u00e0 neighborhood of Naples, built in Baroque style during the 17th century. The church houses various artworks and rich Baroque ornaments, and includes a decorated cloister. However, the main attraction is the Paleochristian burial site known as <strong>Catacombs of Saint Gaudiosus<\/strong> (<em>Catacombe di San Gaudioso<\/em>). The complex includes numerous tombs, including the burial site of Saint Gaudiosus, dating from the 5th century. One peculiar feature is that for many burials, the skull was positioned in an opening on the wall, while the rest of the body was painted.<\/p>\n\n\n\n<div class=\"wp-block-columns is-layout-flex wp-container-core-columns-is-layout-9d6595d7 wp-block-columns-is-layout-flex\">\n<div class=\"wp-block-column is-layout-flow wp-block-column-is-layout-flow\" style=\"flex-basis:85%\">\n<p>Address: Piazza Sanit\u00e0, 33, 80136 Napoli NA<br>Coordinates: 40.8596, 14.2491<\/p>\n<\/div>\n\n\n\n<div class=\"wp-block-column is-layout-flow wp-block-column-is-layout-flow\" style=\"flex-basis:15%\">\n<p class=\"has-text-align-right\"><a href=\"https:\/\/maps.app.goo.gl\/P6paUxMjj3yuDyeJA\" class=\"ek-link\">Google Maps<\/a><\/p>\n<\/div>\n<\/div>\n\n\n<div class=\"wp-block-ub-divider ub_divider ub-divider-orientation-horizontal\" id=\"ub_divider_1723cff7-3fae-4e1c-8344-f2209c44c2ca\"><div class=\"ub_divider_wrapper\" style=\"position: relative; margin-bottom: 2px; width: 100%; height: 2px; \" data-divider-alignment=\"center\"><div class=\"ub_divider_line\" style=\"border-top: 2px solid #ccc; margin-top: 2px; \"><\/div><\/div><\/div>\n\n\n<h4 class=\"wp-block-heading\" id=\"basilica-of-san-gennaro-fuori-le-mura\"><strong>Basilica of San Gennaro Fuori le Mura<\/strong><\/h4>\n\n\n\n<p>The Basilica of San Gennaro Fuori le Mura is an ancient church in Naples located near the Catacombs of San Gennaro. Originally a Paleochristian basilica erected in the 4th century, the church was reworked in the Late Middle Ages and later adorned with Baroque decorations. The adjacent monastery was turned into a hospital in the 15th century.<\/p>\n\n\n\n<div class=\"wp-block-columns is-layout-flex wp-container-core-columns-is-layout-9d6595d7 wp-block-columns-is-layout-flex\">\n<div class=\"wp-block-column is-layout-flow wp-block-column-is-layout-flow\" style=\"flex-basis:85%\">\n<p>Address: Vico San Gennaro dei Poveri, 80136 Napoli NA<br>Coordinates: 40.8640, 14.2465<\/p>\n<\/div>\n\n\n\n<div class=\"wp-block-column is-layout-flow wp-block-column-is-layout-flow\" style=\"flex-basis:15%\">\n<p class=\"has-text-align-right\"><a href=\"https:\/\/maps.app.goo.gl\/sN81VDxcSpNg2pYv9\" class=\"ek-link\">Google Maps<\/a><\/p>\n<\/div>\n<\/div>\n\n\n<div class=\"wp-block-ub-divider ub_divider ub-divider-orientation-horizontal\" id=\"ub_divider_ec7db699-ddfd-4b63-a007-4239a733efdc\"><div class=\"ub_divider_wrapper\" style=\"position: relative; margin-bottom: 2px; width: 100%; height: 2px; \" data-divider-alignment=\"center\"><div class=\"ub_divider_line\" style=\"border-top: 2px solid #ccc; margin-top: 2px; \"><\/div><\/div><\/div>\n\n\n<h4 class=\"wp-block-heading\" id=\"astronomical-observatory-of-capodimonte\"><strong>Astronomical Observatory of Capodimonte<\/strong><\/h4>\n\n\n\n<p>The Astronomical Observatory of Capodimonte (<em>Osservatorio Astronomico di Capodimonte<\/em>) is a historic astronomical observatory located on the Capodimonte hill in Naples. Originally established in 1807 in the city center, the new observatory was then moved here, and was inaugurated in 1819. The observatory now works on several research projects on solar physics, planetary science, and much more. Here is also a museum of astronomical instruments and a rich library.<\/p>\n\n\n\n<div class=\"wp-block-columns is-layout-flex wp-container-core-columns-is-layout-9d6595d7 wp-block-columns-is-layout-flex\">\n<div class=\"wp-block-column is-layout-flow wp-block-column-is-layout-flow\" style=\"flex-basis:85%\">\n<p>Address: Salita Moiariello, 16, 80131 Napoli NA<br>Coordinates: 40.8636, 14.2555<\/p>\n<\/div>\n\n\n\n<div class=\"wp-block-column is-layout-flow wp-block-column-is-layout-flow\" style=\"flex-basis:15%\">\n<p class=\"has-text-align-right\"><a href=\"https:\/\/maps.app.goo.gl\/EonYMqWbbGrGz1j76\" class=\"ek-link\">Google Maps<\/a><\/p>\n<\/div>\n<\/div>\n","protected":false},"excerpt":{"rendered":"<p>&lt;&lt; Naples The Third Muncipality of Naples is just north of Centro Storico, and includes the neighborhoods of Stella and San Carlo all&#8217;Arena. Here are the popular Rione Sanit\u00e0 and the hill of Capodimonte, with its large park. These neighborhoods are part of the UNESCO World Heritage Site of the historic center of Naples. Further north are less developed districts at the outskirts of the city, part of the Seventh and Eighth Municipality. \u272a National Archaeological Museum of Naples The National Archaeological Museum of Naples (Museo Archeologico Nazionale di Napoli) houses one of the greatest collections of ancient Greek and Roman artworks in the world. This huge and historic museum hosts the rich Farnese Collection (Collezione Farnese), which includes several ancient statues, and the Secret Cabinet (Gabinetto Segreto), a collection of Roman erotic art. The museum also houses numerous archaeological finds from Pompeii, Herculaneum, and other sites near Naples. Among these are several mosaics, including the Battle of Issus (Battaglia di Isso), dating from around 100 BCE and featuring the most famous depiction of Alexander the Great. Also hosted in this museum are thousands of Egyptian artifacts, one of the largest collections of its kind in Italy. Underneath the museum, the metro station houses a section of the museum called Stazione Neapolis, which hosts several archaeological finds unearthed when the metro was built. Address: Piazza Museo, 18\/19, 80135 Napoli NACoordinates: 40.8536, 14.2505 Google Maps \u272a Royal Palace of Capodimonte The Royal Palace of Capodimonte (Reggia di Capodimonte) is a large palace located on top of the Capodimonte hill north of the center of Naples. The palace was built between the 18th and 19th century as a hunting lodge and summer residence of the Bourbon family, and now serves as a museum. Inside the palace are numerous halls richly adorned with lavish Baroque decorations, as well as several elaborate frescoes and artworks. Here is the National Museum of Capodimonte (Museo Nazionale di Capodimonte), a huge art gallery and one of the richest museums in Italy. Its collection includes works dating between the 13th century and today, with paintings by artists such as Raphael, Botticelli, Titian, Caravaggio, Vasari, Masaccio, Lotto, El Greco, and many others. The museum also houses numerous sculptures and other artworks, most notably a large collection of porcelains. The Porcelain Boudoir of Maria Amalia of Saxony (Salottino di Porcellana di Maria Amalia di Sassonia) inside the palace is a room entirely decorated with elaborate rococo decorations and porcelains. Behind the palace is the huge Capodimonte Park (Parco di Capodimonte), which covers most of the hill of Capodimonte and features various statues, fountains, and other decorations. Address: Via Miano, 2, 80131 Napoli NACoordinates: 40.8671, 14.2506 Google Maps \u272a Catacombs of San Gennaro The Catacombs of San Gennaro (Catacombe di San Gennaro) are a huge complex of underground Paleochristian burials dating as far back as the 2nd century. This is the largest among the ancient cemeteries of Naples, and it is located on the Capodimonte hill. The catacombs include several tombs large and small, some of which are decorated with ancient frescoes and mosaics. Here are also the tombs of numerous early bishops of Naples, and the oldest known depiction of San Gennaro, dating from the 5th century. Next to the entrance to the catacombs is the Basilica of Incoronata Madre del Buon Consiglio, a large church built in Baroque Revival style during the 20th century. Address: Via Capodimonte, 13, 80100 Napoli NACoordinates: 40.8651, 14.2474 Google Maps Botanical Garden of Naples The Botanical Garden of Naples (Orto Botanico di Napoli) was founded in 1807 and it is now managed by the University of Naples Federico II. The garden houses thousands of different plant species and features a museum dedicated to paleobotany and ethnobotany. The garden is adjacent to the Real Albergo dei Poveri, a former hospital and a monumental building erected between the 18th and 19th century. Address: Via Foria, 223, 80139 Napoli NACoordinates: 40.8615, 14.2623 Google Maps Basilica of Santa Maria della Sanit\u00e0 The Basilica of Santa Maria della Sanit\u00e0 is a historic church in the Sanit\u00e0 neighborhood of Naples, built in Baroque style during the 17th century. The church houses various artworks and rich Baroque ornaments, and includes a decorated cloister. However, the main attraction is the Paleochristian burial site known as Catacombs of Saint Gaudiosus (Catacombe di San Gaudioso). The complex includes numerous tombs, including the burial site of Saint Gaudiosus, dating from the 5th century. One peculiar feature is that for many burials, the skull was positioned in an opening on the wall, while the rest of the body was painted. Address: Piazza Sanit\u00e0, 33, 80136 Napoli NACoordinates: 40.8596, 14.2491 Google Maps Basilica of San Gennaro Fuori le Mura The Basilica of San Gennaro Fuori le Mura is an ancient church in Naples located near the Catacombs of San Gennaro. Originally a Paleochristian basilica erected in the 4th century, the church was reworked in the Late Middle Ages and later adorned with Baroque decorations. The adjacent monastery was turned into a hospital in the 15th century. Address: Vico San Gennaro dei Poveri, 80136 Napoli NACoordinates: 40.8640, 14.2465 Google Maps Astronomical Observatory of Capodimonte The Astronomical Observatory of Capodimonte (Osservatorio Astronomico di Capodimonte) is a historic astronomical observatory located on the Capodimonte hill in Naples. Originally established in 1807 in the city center, the new observatory was then moved here, and was inaugurated in 1819. The observatory now works on several research projects on solar physics, planetary science, and much more. Here is also a museum of astronomical instruments and a rich library. Address: Salita Moiariello, 16, 80131 Napoli NACoordinates: 40.8636, 14.2555 Google Maps<\/p>\n","protected":false},"author":1,"featured_media":0,"parent":8832,"menu_order":0,"comment_status":"closed","ping_status":"closed","template":"","meta":{"_editorskit_title_hidden":false,"_editorskit_reading_time":0,"_editorskit_is_block_options_detached":false,"_editorskit_block_options_position":"{}","om_disable_all_campaigns":false,"_uag_custom_page_level_css":"","advgb_blocks_editor_width":"","advgb_blocks_columns_visual_guide":"","_monsterinsights_skip_tracking":false,"_monsterinsights_sitenote_active":false,"_monsterinsights_sitenote_note":"","_monsterinsights_sitenote_category":0,"footnotes":""},"class_list":["post-8843","page","type-page","status-publish","hentry"],"aioseo_notices":[],"featured_image_src":null,"uagb_featured_image_src":{"full":false,"thumbnail":false,"medium":false,"medium_large":false,"large":false,"1536x1536":false,"2048x2048":false,"trp-custom-language-flag":false,"xs-thumb":false,"post-thumbnail":false,"minimalistblogger-grid":false,"minimalistblogger-slider":false,"minimalistblogger-small":false},"uagb_author_info":{"display_name":"Stefano Cammisa","author_link":"https:\/\/www.cosmundus.com\/en\/author\/stefano-cammisa\/"},"uagb_comment_info":0,"uagb_excerpt":"&lt;&lt; Naples The Third Muncipality of Naples is just north of Centro Storico, and includes the neighborhoods of Stella and San Carlo all&#8217;Arena. Here are the popular Rione Sanit\u00e0 and the hill of Capodimonte, with its large park. These neighborhoods are part of the UNESCO World Heritage Site of the historic center of Naples. Further&hellip;","coauthors":[],"author_meta":{"author_link":"https:\/\/www.cosmundus.com\/en\/author\/stefano-cammisa\/","display_name":"Stefano Cammisa"},"relative_dates":{"created":"Posted 2 years ago","modified":"Updated 2 years ago"},"absolute_dates":{"created":"Posted on October 7, 2024","modified":"Updated on October 7, 2024"},"absolute_dates_time":{"created":"Posted on October 7, 2024 9:54 am","modified":"Updated on October 7, 2024 9:54 am"},"featured_img_caption":"","featured_img":false,"series_order":"","_links":{"self":[{"href":"https:\/\/www.cosmundus.com\/en\/wp-json\/wp\/v2\/pages\/8843","targetHints":{"allow":["GET"]}}],"collection":[{"href":"https:\/\/www.cosmundus.com\/en\/wp-json\/wp\/v2\/pages"}],"about":[{"href":"https:\/\/www.cosmundus.com\/en\/wp-json\/wp\/v2\/types\/page"}],"author":[{"embeddable":true,"href":"https:\/\/www.cosmundus.com\/en\/wp-json\/wp\/v2\/users\/1"}],"replies":[{"embeddable":true,"href":"https:\/\/www.cosmundus.com\/en\/wp-json\/wp\/v2\/comments?post=8843"}],"version-history":[{"count":13,"href":"https:\/\/www.cosmundus.com\/en\/wp-json\/wp\/v2\/pages\/8843\/revisions"}],"predecessor-version":[{"id":11874,"href":"https:\/\/www.cosmundus.com\/en\/wp-json\/wp\/v2\/pages\/8843\/revisions\/11874"}],"up":[{"embeddable":true,"href":"https:\/\/www.cosmundus.com\/en\/wp-json\/wp\/v2\/pages\/8832"}],"wp:attachment":[{"href":"https:\/\/www.cosmundus.com\/en\/wp-json\/wp\/v2\/media?parent=8843"}],"curies":[{"name":"wp","href":"https:\/\/api.w.org\/{rel}","templated":true}]}}