{"id":7372,"date":"2023-12-20T14:53:48","date_gmt":"2023-12-20T13:53:48","guid":{"rendered":"https:\/\/www.cosmundus.com\/?page_id=7372"},"modified":"2024-10-07T15:48:40","modified_gmt":"2024-10-07T13:48:40","slug":"san-marino","status":"publish","type":"page","link":"https:\/\/www.cosmundus.com\/en\/destinations\/san-marino\/","title":{"rendered":"San Marino"},"content":{"rendered":"\n<p class=\"has-text-align-right\">&lt;&lt; <a href=\"https:\/\/www.cosmundus.com\/atlas\/\" class=\"ek-link\">Atlas<\/a><\/p>\n\n\n\n<p>San Marino is a tiny independent state completely surrounded by Italy and located around Monte Titano, a mountain near <a href=\"https:\/\/www.cosmundus.com\/destinations\/rimini\/\" class=\"ek-link\">Rimini<\/a>. The small country was supposedly founded by Saint Marinus in the year 301, which makes it the <a href=\"https:\/\/www.cosmundus.com\/history-of-san-marino\/\" class=\"ek-link\">oldest state in the world<\/a>. A small community was indeed present on Monte Titano in the Early Middle Ages, and its independence is attested by some documents from the Late Middle Ages. For centuries the tiny state fought for survival, fending off various attempts at taking the country and absorbing some small villages into its domain. San Marino survived the Napoleonic Wars by befriending Napoleon and refusing his offer to expand the territory of the microstate. During the Italian Risorgimento, San Marino offered refuge to Giuseppe Garibaldi, who was chased by foreign armies, in exchange for preserving the independence of the small country. So, San Marino has survived until today and has made its long-lasting independence a fundamental part of its identity. The tiny country attracts tourists not only for its peculiarity but also for various historic landmarks and interesting museums.<\/p>\n\n\n<div style=\"border: 1px solid #8ed1fc; border-radius: 0%; background-color: inherit; \" class=\"ub-styled-box ub-bordered-box wp-block-ub-styled-box\" id=\"ub-styled-box-05268a70-607c-4728-bb68-db85c8cd212a\">\n<p class=\"has-medium-font-size\" id=\"ub-styled-box-bordered-content-9a8fe89e-b745-4a92-a248-b341379fb4db\">Places to see in San Marino<\/p>\n\n\n<div class=\"wp-block-aioseo-table-of-contents\"><ul><li><a class=\"aioseo-toc-item\" href=\"#three-towers-of-san-marino\">\u272a Three Towers of San Marino<\/a><\/li><li><a class=\"aioseo-toc-item\" href=\"#basilica-of-san-marino\">Basilica of San Marino<\/a><\/li><li><a class=\"aioseo-toc-item\" href=\"#palazzo-pubblico\">Palazzo Pubblico<\/a><\/li><li><a class=\"aioseo-toc-item\" href=\"#state-museum-of-san-marino\">State Museum of San Marino<\/a><\/li><li><a class=\"aioseo-toc-item\" href=\"#church-of-san-francesco\">Church of San Francesco<\/a><\/li><li><a class=\"aioseo-toc-item\" href=\"#torture-museum-of-san-marino\">Torture Museum of San Marino<\/a><\/li><li><a class=\"aioseo-toc-item\" href=\"#wax-museum-of-san-marino\">Wax Museum of San Marino<\/a><ul><\/ul><\/li><\/ul><\/div>\n\n<\/div>\n\n\n<h4 class=\"wp-block-heading\" id=\"three-towers-of-san-marino\"><strong>\u272a Three Towers of San Marino<\/strong><\/h4>\n\n\n\n<p>The Three Towers (<em>Tre Torri<\/em>) are the three medieval fortifications located on Monte Titano in San Marino. The <strong>Guaita<\/strong> (or <strong>Rocca<\/strong>) is the first and largest one, and it was built between the Late Middle Ages and the 17th century. This castle features various fortifications, and part of it was once used as a prison. Now it serves as a museum and it is the most recognizable landmark in the small country, also offering a great view on the surrounding region thanks to its position. The second tower is called <strong>Cesta<\/strong> (or <strong>Fratta<\/strong>) and it is located on the highest point of Monte Titano. The tower hosts a museum of ancient weapons. The third tower, known as <strong>Montale<\/strong>, is the smallest one and it is not open to the public. The towers are linked by a path that runs along the top of Monte Titano, and are connected to the ancient city walls that still partly surround the old town of San Marino.<\/p>\n\n\n\n<div class=\"wp-block-columns is-layout-flex wp-container-core-columns-is-layout-9d6595d7 wp-block-columns-is-layout-flex\">\n<div class=\"wp-block-column is-layout-flow wp-block-column-is-layout-flow\" style=\"flex-basis:85%\">\n<p>Address: Salita Alla Rocca, 47890 Citt\u00e0 di San Marino, San Marino<br>Coordinates: 43.9355, 12.4493<\/p>\n<\/div>\n\n\n\n<div class=\"wp-block-column is-layout-flow wp-block-column-is-layout-flow\" style=\"flex-basis:15%\">\n<p class=\"has-text-align-right\"><a href=\"https:\/\/maps.app.goo.gl\/2Gb7CrQH51hSSqFs6\" target=\"_blank\" aria-label=\" (opens in a new tab)\" rel=\"noreferrer noopener\" class=\"ek-link\">Google Maps<\/a><\/p>\n<\/div>\n<\/div>\n\n\n<div class=\"wp-block-ub-divider ub_divider ub-divider-orientation-horizontal\" id=\"ub_divider_ee291ee4-7ad0-419e-ac92-877f6500276a\"><div class=\"ub_divider_wrapper\" style=\"position: relative; margin-bottom: 2px; width: 100%; height: 2px; \" data-divider-alignment=\"center\"><div class=\"ub_divider_line\" style=\"border-top: 2px solid #ccc; margin-top: 2px; \"><\/div><\/div><\/div>\n\n\n<h4 class=\"wp-block-heading\" id=\"basilica-of-san-marino\"><strong>Basilica of San Marino<\/strong><\/h4>\n\n\n\n<p>The Basilica of San Marino is the main church of San Marino, erected in the 19th century on the site of a previous structure. The church is in Neoclassical style, and it features a large porch with Corinthian columns on its facade. The basilica houses the relics of Saint Marinus. Adjacent to the basilica is the small <strong>Church of San Pietro<\/strong>, built in the 17th century.<\/p>\n\n\n\n<div class=\"wp-block-columns is-layout-flex wp-container-core-columns-is-layout-9d6595d7 wp-block-columns-is-layout-flex\">\n<div class=\"wp-block-column is-layout-flow wp-block-column-is-layout-flow\" style=\"flex-basis:85%\">\n<p>Address: Piazzale Domus Plebis, 47890 Citt\u00e0 di San Marino, San Marino<br>Coordinates: 43.9371, 12.4469<\/p>\n<\/div>\n\n\n\n<div class=\"wp-block-column is-layout-flow wp-block-column-is-layout-flow\" style=\"flex-basis:15%\">\n<p class=\"has-text-align-right\"><a href=\"https:\/\/maps.app.goo.gl\/QMSZGAXCMm5NQxm4A\" target=\"_blank\" aria-label=\" (opens in a new tab)\" rel=\"noreferrer noopener\" class=\"ek-link\">Google Maps<\/a><\/p>\n<\/div>\n<\/div>\n\n\n<div class=\"wp-block-ub-divider ub_divider ub-divider-orientation-horizontal\" id=\"ub_divider_0eff629e-eb28-43c8-9a45-e41537cd9122\"><div class=\"ub_divider_wrapper\" style=\"position: relative; margin-bottom: 2px; width: 100%; height: 2px; \" data-divider-alignment=\"center\"><div class=\"ub_divider_line\" style=\"border-top: 2px solid #ccc; margin-top: 2px; \"><\/div><\/div><\/div>\n\n\n<h4 class=\"wp-block-heading\" id=\"palazzo-pubblico\"><strong>Palazzo Pubblico<\/strong><\/h4>\n\n\n\n<p>Palazzo Pubblico is the seat of the government of San Marino and its main institutional and administrative bodies. The palace was built in the late 19th century to replace a previous medieval building, and it features a clock tower and some richly decorated halls adorned with frescoes. Palazzo Pubblico faces <strong>Piazza della Libert\u00e0<\/strong>, a square featuring a panoramic terrace and a 19th-century statue.<\/p>\n\n\n\n<div class=\"wp-block-columns is-layout-flex wp-container-core-columns-is-layout-9d6595d7 wp-block-columns-is-layout-flex\">\n<div class=\"wp-block-column is-layout-flow wp-block-column-is-layout-flow\" style=\"flex-basis:85%\">\n<p>Address: Piazza della Libert\u00e0, 47890 Citt\u00e0 di San Marino, San Marino<br>Coordinates: 43.9367, 12.4465<\/p>\n<\/div>\n\n\n\n<div class=\"wp-block-column is-layout-flow wp-block-column-is-layout-flow\" style=\"flex-basis:15%\">\n<p class=\"has-text-align-right\"><a href=\"https:\/\/maps.app.goo.gl\/FQf6Dj9ojqNLUdu18\" target=\"_blank\" aria-label=\" (opens in a new tab)\" rel=\"noreferrer noopener\" class=\"ek-link\">Google Maps<\/a><\/p>\n<\/div>\n<\/div>\n\n\n<div class=\"wp-block-ub-divider ub_divider ub-divider-orientation-horizontal\" id=\"ub_divider_ed253cd5-3521-4b8b-91dc-f678fcbfc36f\"><div class=\"ub_divider_wrapper\" style=\"position: relative; margin-bottom: 2px; width: 100%; height: 2px; \" data-divider-alignment=\"center\"><div class=\"ub_divider_line\" style=\"border-top: 2px solid #ccc; margin-top: 2px; \"><\/div><\/div><\/div>\n\n\n<h4 class=\"wp-block-heading\" id=\"state-museum-of-san-marino\"><strong>State Museum of San Marino<\/strong><\/h4>\n\n\n\n<p>The State Museum of San Marino (<em>Museo di Stato di San Marino<\/em>) is a museum of art and local history in San Marino. The museum houses some archaeological finds, including a collection of ancient Egyptian objects, and numerous artworks mostly from the Middle Ages and the Renaissance.<\/p>\n\n\n\n<div class=\"wp-block-columns is-layout-flex wp-container-core-columns-is-layout-9d6595d7 wp-block-columns-is-layout-flex\">\n<div class=\"wp-block-column is-layout-flow wp-block-column-is-layout-flow\" style=\"flex-basis:85%\">\n<p>Address: Piazzetta del Titano, 1, 47890 Citt\u00e0 di San Marino, San Marino<br>Coordinates: 43.9360, 12.4466<\/p>\n<\/div>\n\n\n\n<div class=\"wp-block-column is-layout-flow wp-block-column-is-layout-flow\" style=\"flex-basis:15%\">\n<p class=\"has-text-align-right\"><a href=\"https:\/\/maps.app.goo.gl\/m4YCXMbcZEbZhzMh8\" target=\"_blank\" aria-label=\" (opens in a new tab)\" rel=\"noreferrer noopener\" class=\"ek-link\">Google Maps<\/a><\/p>\n<\/div>\n<\/div>\n\n\n<div class=\"wp-block-ub-divider ub_divider ub-divider-orientation-horizontal\" id=\"ub_divider_befda3c2-d735-4751-9f6f-f56e3781c5fe\"><div class=\"ub_divider_wrapper\" style=\"position: relative; margin-bottom: 2px; width: 100%; height: 2px; \" data-divider-alignment=\"center\"><div class=\"ub_divider_line\" style=\"border-top: 2px solid #ccc; margin-top: 2px; \"><\/div><\/div><\/div>\n\n\n<h4 class=\"wp-block-heading\" id=\"church-of-san-francesco\"><strong>Church of San Francesco<\/strong><\/h4>\n\n\n\n<p>The Church of San Francesco is a Romanesque church in San Marino, built in the 14th century. The cloister of the church houses some Renaissance artworks. Next to the church is <strong>Porta San Francesco<\/strong>, one of the ancient city gates of San Marino.<\/p>\n\n\n\n<div class=\"wp-block-columns is-layout-flex wp-container-core-columns-is-layout-9d6595d7 wp-block-columns-is-layout-flex\">\n<div class=\"wp-block-column is-layout-flow wp-block-column-is-layout-flow\" style=\"flex-basis:85%\">\n<p>Address: Via Basilicius, 33, 47890 Citt\u00e0 di San Marino, San Marino<br>Coordinates: 43.9353, 12.4470<\/p>\n<\/div>\n\n\n\n<div class=\"wp-block-column is-layout-flow wp-block-column-is-layout-flow\" style=\"flex-basis:15%\">\n<p class=\"has-text-align-right\"><a href=\"https:\/\/maps.app.goo.gl\/hkArpHdHU2YwSdo36\" target=\"_blank\" aria-label=\" (opens in a new tab)\" rel=\"noreferrer noopener\" class=\"ek-link\">Google Maps<\/a><\/p>\n<\/div>\n<\/div>\n\n\n<div class=\"wp-block-ub-divider ub_divider ub-divider-orientation-horizontal\" id=\"ub_divider_06bcf345-fdfa-4cd6-be86-f6ac916bea74\"><div class=\"ub_divider_wrapper\" style=\"position: relative; margin-bottom: 2px; width: 100%; height: 2px; \" data-divider-alignment=\"center\"><div class=\"ub_divider_line\" style=\"border-top: 2px solid #ccc; margin-top: 2px; \"><\/div><\/div><\/div>\n\n\n<h4 class=\"wp-block-heading\" id=\"torture-museum-of-san-marino\"><strong>Torture Museum of San Marino<\/strong><\/h4>\n\n\n\n<p>The Torture Museum (<em>Museo della Tortura<\/em>) is a peculiar museum in San Marino that exhibits numerous tools once used for torture and punishment. The museum includes various original pieces from the 16th and 17th century.<\/p>\n\n\n\n<div class=\"wp-block-columns is-layout-flex wp-container-core-columns-is-layout-9d6595d7 wp-block-columns-is-layout-flex\">\n<div class=\"wp-block-column is-layout-flow wp-block-column-is-layout-flow\" style=\"flex-basis:85%\">\n<p>Address: Porta San Francesco, 2, 47890 Citt\u00e0 di San Marino, San Marino<br>Coordinates: 43.9352, 12.4470<\/p>\n<\/div>\n\n\n\n<div class=\"wp-block-column is-layout-flow wp-block-column-is-layout-flow\" style=\"flex-basis:15%\">\n<p class=\"has-text-align-right\"><a href=\"https:\/\/maps.app.goo.gl\/kagQNra4hBEbJ7RF8\" target=\"_blank\" aria-label=\" (opens in a new tab)\" rel=\"noreferrer noopener\" class=\"ek-link\">Google Maps<\/a><\/p>\n<\/div>\n<\/div>\n\n\n<div class=\"wp-block-ub-divider ub_divider ub-divider-orientation-horizontal\" id=\"ub_divider_5b8577f8-bfb1-41c7-aa02-da70a2099d02\"><div class=\"ub_divider_wrapper\" style=\"position: relative; margin-bottom: 2px; width: 100%; height: 2px; \" data-divider-alignment=\"center\"><div class=\"ub_divider_line\" style=\"border-top: 2px solid #ccc; margin-top: 2px; \"><\/div><\/div><\/div>\n\n\n<h4 class=\"wp-block-heading\" id=\"wax-museum-of-san-marino\"><strong>Wax Museum of San Marino<\/strong><\/h4>\n\n\n\n<p>The Wax Museum (<em>Museo delle Cere<\/em>) is a museum in San Marino featuring several wax models mostly of figures from the history of San Marino and Italy. The museum also displays some ancient tools used for torture.<\/p>\n\n\n\n<div class=\"wp-block-columns is-layout-flex wp-container-core-columns-is-layout-9d6595d7 wp-block-columns-is-layout-flex\">\n<div class=\"wp-block-column is-layout-flow wp-block-column-is-layout-flow\" style=\"flex-basis:85%\">\n<p>Address: Via Lapicidi Marini, 17, 47890 Citt\u00e0 di San Marino, San Marino<br>Coordinates: 43.9354, 12.4487<\/p>\n<\/div>\n\n\n\n<div class=\"wp-block-column is-layout-flow wp-block-column-is-layout-flow\" style=\"flex-basis:15%\">\n<p class=\"has-text-align-right\"><a href=\"https:\/\/maps.app.goo.gl\/KJneFHwY1NE8854LA\" target=\"_blank\" aria-label=\" (opens in a new tab)\" rel=\"noreferrer noopener\" class=\"ek-link\">Google Maps<\/a><\/p>\n<\/div>\n<\/div>\n\n\n\n<div style=\"height:20px\" aria-hidden=\"true\" class=\"wp-block-spacer\"><\/div>\n\n\n\n<h4 class=\"wp-block-heading has-text-align-center\" id=\"7-map-of-san-marino-\"><strong>Map of San Marino<\/strong><\/h4>\n\n\n<div class=\"wp-block-image\">\n<figure class=\"aligncenter size-large is-resized\"><a href=\"https:\/\/www.cosmundus.com\/wp-content\/uploads\/2023\/10\/San-Marino-en-1.png\"><img fetchpriority=\"high\" decoding=\"async\" width=\"1024\" height=\"1024\" src=\"https:\/\/www.cosmundus.com\/wp-content\/uploads\/2023\/10\/San-Marino-en-1-1024x1024.png\" alt=\"\" class=\"wp-image-7381\" style=\"object-fit:cover;width:512px;height:512px\" srcset=\"https:\/\/www.cosmundus.com\/wp-content\/uploads\/2023\/10\/San-Marino-en-1-1024x1024.png 1024w, https:\/\/www.cosmundus.com\/wp-content\/uploads\/2023\/10\/San-Marino-en-1-300x300.png 300w, https:\/\/www.cosmundus.com\/wp-content\/uploads\/2023\/10\/San-Marino-en-1-150x150.png 150w, https:\/\/www.cosmundus.com\/wp-content\/uploads\/2023\/10\/San-Marino-en-1-768x768.png 768w, https:\/\/www.cosmundus.com\/wp-content\/uploads\/2023\/10\/San-Marino-en-1-12x12.png 12w, https:\/\/www.cosmundus.com\/wp-content\/uploads\/2023\/10\/San-Marino-en-1-64x64.png 64w, https:\/\/www.cosmundus.com\/wp-content\/uploads\/2023\/10\/San-Marino-en-1-850x850.png 850w, https:\/\/www.cosmundus.com\/wp-content\/uploads\/2023\/10\/San-Marino-en-1.png 1485w\" sizes=\"(max-width: 1024px) 100vw, 1024px\" \/><\/a><\/figure><\/div>\n\n\n<div style=\"height:20px\" aria-hidden=\"true\" class=\"wp-block-spacer\"><\/div>\n\n\n\n<h4 class=\"wp-block-heading has-text-align-center\" id=\"8-map-of-all-places-in-san-marino-\"><strong>Map of all places in San Marino<\/strong><\/h4>\n\n\n<p style=\"text-align: center;\"><iframe src=\"https:\/\/www.google.com\/maps\/d\/u\/0\/embed?mid=1Gzn2uMBtcgHsG8RvZU89Z7tHdx3uu4k&#038;ehbc=2E312F\" width=\"640\" height=\"480\"><\/iframe><\/p>","protected":false},"excerpt":{"rendered":"<p>&lt;&lt; Atlas San Marino is a tiny independent state completely surrounded by Italy and located around Monte Titano, a mountain near Rimini. The small country was supposedly founded by Saint Marinus in the year 301, which makes it the oldest state in the world. A small community was indeed present on Monte Titano in the Early Middle Ages, and its independence is attested by some documents from the Late Middle Ages. For centuries the tiny state fought for survival, fending off various attempts at taking the country and absorbing some small villages into its domain. San Marino survived the Napoleonic Wars by befriending Napoleon and refusing his offer to expand the territory of the microstate. During the Italian Risorgimento, San Marino offered refuge to Giuseppe Garibaldi, who was chased by foreign armies, in exchange for preserving the independence of the small country. So, San Marino has survived until today and has made its long-lasting independence a fundamental part of its identity. The tiny country attracts tourists not only for its peculiarity but also for various historic landmarks and interesting museums. \u272a Three Towers of San Marino The Three Towers (Tre Torri) are the three medieval fortifications located on Monte Titano in San Marino. The Guaita (or Rocca) is the first and largest one, and it was built between the Late Middle Ages and the 17th century. This castle features various fortifications, and part of it was once used as a prison. Now it serves as a museum and it is the most recognizable landmark in the small country, also offering a great view on the surrounding region thanks to its position. The second tower is called Cesta (or Fratta) and it is located on the highest point of Monte Titano. The tower hosts a museum of ancient weapons. The third tower, known as Montale, is the smallest one and it is not open to the public. The towers are linked by a path that runs along the top of Monte Titano, and are connected to the ancient city walls that still partly surround the old town of San Marino. Address: Salita Alla Rocca, 47890 Citt\u00e0 di San Marino, San MarinoCoordinates: 43.9355, 12.4493 Google Maps Basilica of San Marino The Basilica of San Marino is the main church of San Marino, erected in the 19th century on the site of a previous structure. The church is in Neoclassical style, and it features a large porch with Corinthian columns on its facade. The basilica houses the relics of Saint Marinus. Adjacent to the basilica is the small Church of San Pietro, built in the 17th century. Address: Piazzale Domus Plebis, 47890 Citt\u00e0 di San Marino, San MarinoCoordinates: 43.9371, 12.4469 Google Maps Palazzo Pubblico Palazzo Pubblico is the seat of the government of San Marino and its main institutional and administrative bodies. The palace was built in the late 19th century to replace a previous medieval building, and it features a clock tower and some richly decorated halls adorned with frescoes. Palazzo Pubblico faces Piazza della Libert\u00e0, a square featuring a panoramic terrace and a 19th-century statue. Address: Piazza della Libert\u00e0, 47890 Citt\u00e0 di San Marino, San MarinoCoordinates: 43.9367, 12.4465 Google Maps State Museum of San Marino The State Museum of San Marino (Museo di Stato di San Marino) is a museum of art and local history in San Marino. The museum houses some archaeological finds, including a collection of ancient Egyptian objects, and numerous artworks mostly from the Middle Ages and the Renaissance. Address: Piazzetta del Titano, 1, 47890 Citt\u00e0 di San Marino, San MarinoCoordinates: 43.9360, 12.4466 Google Maps Church of San Francesco The Church of San Francesco is a Romanesque church in San Marino, built in the 14th century. The cloister of the church houses some Renaissance artworks. Next to the church is Porta San Francesco, one of the ancient city gates of San Marino. Address: Via Basilicius, 33, 47890 Citt\u00e0 di San Marino, San MarinoCoordinates: 43.9353, 12.4470 Google Maps Torture Museum of San Marino The Torture Museum (Museo della Tortura) is a peculiar museum in San Marino that exhibits numerous tools once used for torture and punishment. The museum includes various original pieces from the 16th and 17th century. Address: Porta San Francesco, 2, 47890 Citt\u00e0 di San Marino, San MarinoCoordinates: 43.9352, 12.4470 Google Maps Wax Museum of San Marino The Wax Museum (Museo delle Cere) is a museum in San Marino featuring several wax models mostly of figures from the history of San Marino and Italy. The museum also displays some ancient tools used for torture. Address: Via Lapicidi Marini, 17, 47890 Citt\u00e0 di San Marino, San MarinoCoordinates: 43.9354, 12.4487 Google Maps Map of San Marino Map of all places in San Marino<\/p>\n","protected":false},"author":1,"featured_media":0,"parent":932,"menu_order":0,"comment_status":"closed","ping_status":"closed","template":"","meta":{"_editorskit_title_hidden":false,"_editorskit_reading_time":0,"_editorskit_is_block_options_detached":false,"_editorskit_block_options_position":"{}","om_disable_all_campaigns":false,"_uag_custom_page_level_css":"","advgb_blocks_editor_width":"","advgb_blocks_columns_visual_guide":"","_monsterinsights_skip_tracking":false,"_monsterinsights_sitenote_active":false,"_monsterinsights_sitenote_note":"","_monsterinsights_sitenote_category":0,"footnotes":""},"class_list":["post-7372","page","type-page","status-publish","hentry"],"aioseo_notices":[],"featured_image_src":null,"uagb_featured_image_src":{"full":false,"thumbnail":false,"medium":false,"medium_large":false,"large":false,"1536x1536":false,"2048x2048":false,"trp-custom-language-flag":false,"xs-thumb":false,"post-thumbnail":false,"minimalistblogger-grid":false,"minimalistblogger-slider":false,"minimalistblogger-small":false},"uagb_author_info":{"display_name":"Stefano Cammisa","author_link":"https:\/\/www.cosmundus.com\/en\/author\/stefano-cammisa\/"},"uagb_comment_info":0,"uagb_excerpt":"&lt;&lt; Atlas San Marino is a tiny independent state completely surrounded by Italy and located around Monte Titano, a mountain near Rimini. The small country was supposedly founded by Saint Marinus in the year 301, which makes it the oldest state in the world. A small community was indeed present on Monte Titano in the&hellip;","coauthors":[],"author_meta":{"author_link":"https:\/\/www.cosmundus.com\/en\/author\/stefano-cammisa\/","display_name":"Stefano Cammisa"},"relative_dates":{"created":"Posted 2 years ago","modified":"Updated 2 years ago"},"absolute_dates":{"created":"Posted on December 20, 2023","modified":"Updated on October 7, 2024"},"absolute_dates_time":{"created":"Posted on December 20, 2023 2:53 pm","modified":"Updated on October 7, 2024 3:48 pm"},"featured_img_caption":"","featured_img":false,"series_order":"","_links":{"self":[{"href":"https:\/\/www.cosmundus.com\/en\/wp-json\/wp\/v2\/pages\/7372","targetHints":{"allow":["GET"]}}],"collection":[{"href":"https:\/\/www.cosmundus.com\/en\/wp-json\/wp\/v2\/pages"}],"about":[{"href":"https:\/\/www.cosmundus.com\/en\/wp-json\/wp\/v2\/types\/page"}],"author":[{"embeddable":true,"href":"https:\/\/www.cosmundus.com\/en\/wp-json\/wp\/v2\/users\/1"}],"replies":[{"embeddable":true,"href":"https:\/\/www.cosmundus.com\/en\/wp-json\/wp\/v2\/comments?post=7372"}],"version-history":[{"count":19,"href":"https:\/\/www.cosmundus.com\/en\/wp-json\/wp\/v2\/pages\/7372\/revisions"}],"predecessor-version":[{"id":11978,"href":"https:\/\/www.cosmundus.com\/en\/wp-json\/wp\/v2\/pages\/7372\/revisions\/11978"}],"up":[{"embeddable":true,"href":"https:\/\/www.cosmundus.com\/en\/wp-json\/wp\/v2\/pages\/932"}],"wp:attachment":[{"href":"https:\/\/www.cosmundus.com\/en\/wp-json\/wp\/v2\/media?parent=7372"}],"curies":[{"name":"wp","href":"https:\/\/api.w.org\/{rel}","templated":true}]}}