{"id":3947,"date":"2023-07-11T10:20:28","date_gmt":"2023-07-11T08:20:28","guid":{"rendered":"https:\/\/www.cosmundus.com\/?page_id=3947"},"modified":"2024-03-01T10:26:05","modified_gmt":"2024-03-01T09:26:05","slug":"aosta","status":"publish","type":"page","link":"https:\/\/www.cosmundus.com\/en\/destinations\/aosta\/","title":{"rendered":"Aosta\/Aoste"},"content":{"rendered":"\n<p class=\"has-text-align-right\">&lt;&lt; <a href=\"https:\/\/www.cosmundus.com\/atlas\/europe\/southern-europe\/italy\/northwest-italy\/aosta-valley\/\" class=\"ek-link\">Aosta Valley<\/a><\/p>\n\n\n\n<p>Aosta (Aoste in French) is the capital and largest city of Aosta Valley. The region was originally inhabited by the Salassi and later taken by the Romans, who founded the city as <em>Augusta Praetoria Salassorum<\/em>. The town became an important stop on the road connecting the Po Valley with Gaul, keeping this role as it was conquered by various different powers in the Early Middle Ages. In 1032, Aosta became part of the domains of the Savoy family, and it shared the history of the rest of the region until the Italian unification. Aosta is now a tourist destination thanks to its position among some of the most popular mountain destinations in the Alps, but also because of its many Roman ruins.<\/p>\n\n\n<div style=\"border: 1px solid #8ed1fc; border-radius: 0%; background-color: inherit; \" class=\"ub-styled-box ub-bordered-box wp-block-ub-styled-box\" id=\"ub-styled-box-e818d99e-84c1-43f2-9cee-196f153f6e2c\">\n<p class=\"has-medium-font-size\" id=\"ub-styled-box-bordered-content-d5d2944e-ecc2-4242-8ba5-d57b3b2185cb\">Places to see in Aosta<\/p>\n\n\n<div class=\"wp-block-aioseo-table-of-contents\"><ul><li><a class=\"aioseo-toc-item\" href=\"#arch-of-augustus\">\u272a Arch of Augustus<\/a><\/li><li><a class=\"aioseo-toc-item\" href=\"#roman-theater-of-aosta\">\u272a Roman Theater of Aosta<\/a><\/li><li><a class=\"aioseo-toc-item\" href=\"#regional-archaeological-museum-of-aosta-valley\">Regional Archaeological Museum of Aosta Valley<\/a><\/li><li><a class=\"aioseo-toc-item\" href=\"#ponte-di-pietra\">Ponte di Pietra\/Pont de Pierre<\/a><\/li><li><a class=\"aioseo-toc-item\" href=\"#porta-praetoria\">Porta Praetoria<\/a><\/li><li><a class=\"aioseo-toc-item\" href=\"#walls-of-aosta\">Walls of Aosta<\/a><\/li><li><a class=\"aioseo-toc-item\" href=\"#aosta-cathedral\">Aosta Cathedral<\/a><\/li><li><a class=\"aioseo-toc-item\" href=\"#collegiate-church-of-saint-ursus\">Collegiate Church of Saint Ursus<\/a><\/li><\/ul><\/div>\n\n<\/div>\n\n\n<h4 class=\"wp-block-heading\" id=\"arch-of-augustus\"><strong>\u272a Arch of Augustus<\/strong><\/h4>\n\n\n\n<p>The Arch of Augustus (<em>Arco di Augusto\/Arc d&#8217;Auguste<\/em>) is a Roman arch erected in 25 BCE, and it is considered a symbol of Aosta. The monument was built to celebrate the Roman victory over the Salassi, and it is located on the eastern side of the old city.<\/p>\n\n\n\n<div class=\"wp-block-columns is-layout-flex wp-container-core-columns-is-layout-9d6595d7 wp-block-columns-is-layout-flex\">\n<div class=\"wp-block-column is-layout-flow wp-block-column-is-layout-flow\" style=\"flex-basis:85%\">\n<p>Address: Piazza Arco D&#8217;Augusto, 11100 Aosta AO<br>Coordinates: 45.7393, 7.3281<\/p>\n<\/div>\n\n\n\n<div class=\"wp-block-column is-layout-flow wp-block-column-is-layout-flow\" style=\"flex-basis:15%\">\n<p class=\"has-text-align-right\"><a href=\"https:\/\/goo.gl\/maps\/6U85M1f9iyPjjzHY7\" target=\"_blank\" aria-label=\" (opens in a new tab)\" rel=\"noreferrer noopener\" class=\"ek-link\">Google Maps<\/a><\/p>\n<\/div>\n<\/div>\n\n\n<div class=\"wp-block-ub-divider ub_divider ub-divider-orientation-horizontal\" id=\"ub_divider_c8f2342e-25ce-4476-8720-bf41ff7bef63\"><div class=\"ub_divider_wrapper\" style=\"position: relative; margin-bottom: 2px; width: 100%; height: 2px; \" data-divider-alignment=\"center\"><div class=\"ub_divider_line\" style=\"border-top: 2px solid #ccc; margin-top: 2px; \"><\/div><\/div><\/div>\n\n\n<h4 class=\"wp-block-heading\" id=\"roman-theater-of-aosta\"><strong>\u272a Roman Theater of Aosta<\/strong><\/h4>\n\n\n\n<p>The Roman Theater of Aosta (<em>Teatro Romano di Aosta\/Th\u00e9\u00e2tre Romain d&#8217;Aoste<\/em>) was built during the reign of Augustus and it is located right in the center of the city. Various ruins of the once important theater can be seen now, including a large section of the southern facade. Just north of the theater there was once an amphitheater, but now the only few surviving parts are incorporated into some later buildings. The medieval tower known as <strong>Tour Fromage<\/strong> stands just east of the Roman Theater.<\/p>\n\n\n\n<div class=\"wp-block-columns is-layout-flex wp-container-core-columns-is-layout-9d6595d7 wp-block-columns-is-layout-flex\">\n<div class=\"wp-block-column is-layout-flow wp-block-column-is-layout-flow\" style=\"flex-basis:85%\">\n<p>Address: Via Porta Pretoria, 1, 11100 Aosta AO<br>Coordinates: 45.7385, 7.3224<\/p>\n<\/div>\n\n\n\n<div class=\"wp-block-column is-layout-flow wp-block-column-is-layout-flow\" style=\"flex-basis:15%\">\n<p class=\"has-text-align-right\"><a href=\"https:\/\/goo.gl\/maps\/26zsUvGPJufco2NFA\" target=\"_blank\" aria-label=\" (opens in a new tab)\" rel=\"noreferrer noopener\" class=\"ek-link\">Google Maps<\/a><\/p>\n<\/div>\n<\/div>\n\n\n<div class=\"wp-block-ub-divider ub_divider ub-divider-orientation-horizontal\" id=\"ub_divider_a19cc343-c05f-4edf-b9c5-e993d7b35732\"><div class=\"ub_divider_wrapper\" style=\"position: relative; margin-bottom: 2px; width: 100%; height: 2px; \" data-divider-alignment=\"center\"><div class=\"ub_divider_line\" style=\"border-top: 2px solid #ccc; margin-top: 2px; \"><\/div><\/div><\/div>\n\n\n<h4 class=\"wp-block-heading\" id=\"regional-archaeological-museum-of-aosta-valley\"><strong><strong>Regional Archaeological Museum of Aosta Valley<\/strong><\/strong><\/h4>\n\n\n\n<p>The Regional Archaeological Museum of Aosta Valley (<em>Museo Archeologico Regionale della Valle d&#8217;Aosta\/Mus\u00e9e Arch\u00e9ologique R\u00e9gional de la Vall\u00e9e d&#8217;Aoste<\/em>) houses numerous archaeological findings from the region, dating from prehistory to the Middle Ages. The collection includes various objects from the Roman period, and it features a model of the ancient Roman city of <em>Augusta Praetoria Salassorum<\/em>.<\/p>\n\n\n\n<div class=\"wp-block-columns is-layout-flex wp-container-core-columns-is-layout-9d6595d7 wp-block-columns-is-layout-flex\">\n<div class=\"wp-block-column is-layout-flow wp-block-column-is-layout-flow\" style=\"flex-basis:85%\">\n<p>Address: Piazza Pierre-Leonard Roncas, 12, 11100 Aosta AO<br>Coordinates: 45.7386, 7.3161<\/p>\n<\/div>\n\n\n\n<div class=\"wp-block-column is-layout-flow wp-block-column-is-layout-flow\" style=\"flex-basis:15%\">\n<p class=\"has-text-align-right\"><a href=\"https:\/\/goo.gl\/maps\/7vQnJ4yfCMZ3YT5Y9\" target=\"_blank\" aria-label=\" (opens in a new tab)\" rel=\"noreferrer noopener\" class=\"ek-link\">Google Maps<\/a><\/p>\n<\/div>\n<\/div>\n\n\n<div class=\"wp-block-ub-divider ub_divider ub-divider-orientation-horizontal\" id=\"ub_divider_c8837712-e33c-4984-82ad-dcc69eb57f75\"><div class=\"ub_divider_wrapper\" style=\"position: relative; margin-bottom: 2px; width: 100%; height: 2px; \" data-divider-alignment=\"center\"><div class=\"ub_divider_line\" style=\"border-top: 2px solid #ccc; margin-top: 2px; \"><\/div><\/div><\/div>\n\n\n<h4 class=\"wp-block-heading\" id=\"ponte-di-pietra\"><strong><strong>Ponte di Pietra\/Pont de Pierre<\/strong><\/strong><\/h4>\n\n\n\n<p>Also known as: Roman Bridge (<em>Ponte Romano\/Pont Romain<\/em>)<\/p>\n\n\n\n<p>The Ponte di Pietra\/Pont de Pierre (&#8220;Stone Bridge&#8221;) is a Roman bridge located just east of the Arch of Augustus and built during the reign of Augustus. The bridge used to cross the Buthier river, which later changed its course. Despite this, the bridge is still used today.<\/p>\n\n\n\n<div class=\"wp-block-columns is-layout-flex wp-container-core-columns-is-layout-9d6595d7 wp-block-columns-is-layout-flex\">\n<div class=\"wp-block-column is-layout-flow wp-block-column-is-layout-flow\" style=\"flex-basis:85%\">\n<p>Address: Via Ponte Romano, 12, 11100 Aosta AO<br>Coordinates: 45.7398, 7.3299<\/p>\n<\/div>\n\n\n\n<div class=\"wp-block-column is-layout-flow wp-block-column-is-layout-flow\" style=\"flex-basis:15%\">\n<p class=\"has-text-align-right\"><a href=\"https:\/\/goo.gl\/maps\/xTSYHsYeXWraCwro8\" target=\"_blank\" aria-label=\" (opens in a new tab)\" rel=\"noreferrer noopener\" class=\"ek-link\">Google Maps<\/a><\/p>\n<\/div>\n<\/div>\n\n\n<div class=\"wp-block-ub-divider ub_divider ub-divider-orientation-horizontal\" id=\"ub_divider_ef4d64e7-a01a-457c-b4eb-d9ae7c950914\"><div class=\"ub_divider_wrapper\" style=\"position: relative; margin-bottom: 2px; width: 100%; height: 2px; \" data-divider-alignment=\"center\"><div class=\"ub_divider_line\" style=\"border-top: 2px solid #ccc; margin-top: 2px; \"><\/div><\/div><\/div>\n\n\n<h4 class=\"wp-block-heading\" id=\"porta-praetoria\"><strong><strong>Porta Praetoria<\/strong><\/strong><\/h4>\n\n\n\n<p>Porta Praetoria is the ancient eastern gate of Aosta, and it is still well preserved. The gate was erected in 25 BCE, while the adjacent towers were reworked during the Middle Ages. Porta Pretoria is the only surviving Roman gate of Aosta, while the other ones have been demolished over the centuries.<\/p>\n\n\n\n<div class=\"wp-block-columns is-layout-flex wp-container-core-columns-is-layout-9d6595d7 wp-block-columns-is-layout-flex\">\n<div class=\"wp-block-column is-layout-flow wp-block-column-is-layout-flow\" style=\"flex-basis:85%\">\n<p>Address: Piazza Porta Pretoria, 11100 Aosta AO<br>Coordinates: 45.7379, 7.3234<\/p>\n<\/div>\n\n\n\n<div class=\"wp-block-column is-layout-flow wp-block-column-is-layout-flow\" style=\"flex-basis:15%\">\n<p class=\"has-text-align-right\"><a href=\"https:\/\/goo.gl\/maps\/ZM7ates6ehwEuZ1o9\" target=\"_blank\" aria-label=\" (opens in a new tab)\" rel=\"noreferrer noopener\" class=\"ek-link\">Google Maps<\/a><\/p>\n<\/div>\n<\/div>\n\n\n<div class=\"wp-block-ub-divider ub_divider ub-divider-orientation-horizontal\" id=\"ub_divider_015c1a20-7ba4-4060-9e79-1372f37ae30a\"><div class=\"ub_divider_wrapper\" style=\"position: relative; margin-bottom: 2px; width: 100%; height: 2px; \" data-divider-alignment=\"center\"><div class=\"ub_divider_line\" style=\"border-top: 2px solid #ccc; margin-top: 2px; \"><\/div><\/div><\/div>\n\n\n<h4 class=\"wp-block-heading\" id=\"walls-of-aosta\"><strong><strong>Walls of Aosta<\/strong><\/strong><\/h4>\n\n\n\n<p>Some sections of the ancient Roman Walls of Aosta, can still be seen surrounding the old town. The walls include some medieval towers such as the <strong>Torre dei Balivi\/Tour du Bailliage<\/strong>, located at the northeastern corner of the walls. The southern section of the walls is interrupted by the <strong>Bramafam Castle<\/strong> (<em>Castello di Bramafam\/Ch\u00e2teau de Bramafam<\/em>), a 13th-century fortification that once served as the residence of local noble families.<\/p>\n\n\n\n<div class=\"wp-block-columns is-layout-flex wp-container-core-columns-is-layout-9d6595d7 wp-block-columns-is-layout-flex\">\n<div class=\"wp-block-column is-layout-flow wp-block-column-is-layout-flow\" style=\"flex-basis:85%\">\n<p>Address: Via Monte Solarolo, 1, 11100 Aosta AO<br>Coordinates: 45.7374, 7.3139<\/p>\n<\/div>\n\n\n\n<div class=\"wp-block-column is-layout-flow wp-block-column-is-layout-flow\" style=\"flex-basis:15%\">\n<p class=\"has-text-align-right\"><a href=\"https:\/\/goo.gl\/maps\/3Tw3VADAKioj3reV7\" target=\"_blank\" aria-label=\" (opens in a new tab)\" rel=\"noreferrer noopener\" class=\"ek-link\">Google Maps<\/a><\/p>\n<\/div>\n<\/div>\n\n\n<div class=\"wp-block-ub-divider ub_divider ub-divider-orientation-horizontal\" id=\"ub_divider_dec9a0a7-3305-4739-af81-254ef0fa2a70\"><div class=\"ub_divider_wrapper\" style=\"position: relative; margin-bottom: 2px; width: 100%; height: 2px; \" data-divider-alignment=\"center\"><div class=\"ub_divider_line\" style=\"border-top: 2px solid #ccc; margin-top: 2px; \"><\/div><\/div><\/div>\n\n\n<h4 class=\"wp-block-heading\" id=\"aosta-cathedral\"><strong><strong>Aosta Cathedral<\/strong><\/strong><\/h4>\n\n\n\n<p>The Aosta Cathedral is the main religious site in the city. The current church was erected in the 11th century in Romanesque style, but it has been heavily reworked with Renaissance and Neoclassical additions. The Cathedral features two Romanesque bell towers and a Neoclassical facade with rich 16th-century decorations. A few more artworks and frescoes are located inside the church. A museum of religious art is also located in the Cathedral. The church stands in the center of the old town and close to the ancient ruins of the <strong>Roman Forum<\/strong> and the <strong>Roman Cryptoporticus<\/strong>.<\/p>\n\n\n\n<div class=\"wp-block-columns is-layout-flex wp-container-core-columns-is-layout-9d6595d7 wp-block-columns-is-layout-flex\">\n<div class=\"wp-block-column is-layout-flow wp-block-column-is-layout-flow\" style=\"flex-basis:85%\">\n<p>Address: Piazza Papa Giovanni XXIII, 11100 Aosta AO<br>Coordinates: 45.7381, 7.3178<\/p>\n<\/div>\n\n\n\n<div class=\"wp-block-column is-layout-flow wp-block-column-is-layout-flow\" style=\"flex-basis:15%\">\n<p class=\"has-text-align-right\"><a href=\"https:\/\/goo.gl\/maps\/tSFf1zXipurZkaUDA\" target=\"_blank\" aria-label=\" (opens in a new tab)\" rel=\"noreferrer noopener\" class=\"ek-link\">Google Maps<\/a><\/p>\n<\/div>\n<\/div>\n\n\n<div class=\"wp-block-ub-divider ub_divider ub-divider-orientation-horizontal\" id=\"ub_divider_5e4e645d-da7b-4655-9429-87aa3b075fd6\"><div class=\"ub_divider_wrapper\" style=\"position: relative; margin-bottom: 2px; width: 100%; height: 2px; \" data-divider-alignment=\"center\"><div class=\"ub_divider_line\" style=\"border-top: 2px solid #ccc; margin-top: 2px; \"><\/div><\/div><\/div>\n\n\n<h4 class=\"wp-block-heading\" id=\"collegiate-church-of-saint-ursus\"><strong><strong>Collegiate Church of Saint Ursus<\/strong><\/strong><\/h4>\n\n\n\n<p>The Collegiate Church of Saint Ursus (<em>Collegiata di Sant&#8217;Orso<\/em>\/<em>Coll\u00e9giale de Saint-Ours<\/em>) is a Romanesque church originally erected in the 9th century and later reworked several times. The church is flanked by an imposing bell tower, but it is mostly notable for its decorated interiors, which feature numerous medieval frescoes. A cloister housing more Romanesque decorations is located next to the church.<\/p>\n\n\n\n<div class=\"wp-block-columns is-layout-flex wp-container-core-columns-is-layout-9d6595d7 wp-block-columns-is-layout-flex\">\n<div class=\"wp-block-column is-layout-flow wp-block-column-is-layout-flow\" style=\"flex-basis:85%\">\n<p>Address: Via Sant&#8217;Orso, 14, 11100 Aosta AO<br>Coordinates: 45.7393, 7.3251<\/p>\n<\/div>\n\n\n\n<div class=\"wp-block-column is-layout-flow wp-block-column-is-layout-flow\" style=\"flex-basis:15%\">\n<p class=\"has-text-align-right\"><a href=\"https:\/\/goo.gl\/maps\/teb2H7uZdDVUPcCs7\" target=\"_blank\" aria-label=\" (opens in a new tab)\" rel=\"noreferrer noopener\" class=\"ek-link\">Google Maps<\/a><\/p>\n<\/div>\n<\/div>\n","protected":false},"excerpt":{"rendered":"<p>&lt;&lt; Aosta Valley Aosta (Aoste in French) is the capital and largest city of Aosta Valley. The region was originally inhabited by the Salassi and later taken by the Romans, who founded the city as Augusta Praetoria Salassorum. The town became an important stop on the road connecting the Po Valley with Gaul, keeping this role as it was conquered by various different powers in the Early Middle Ages. In 1032, Aosta became part of the domains of the Savoy family, and it shared the history of the rest of the region until the Italian unification. Aosta is now a tourist destination thanks to its position among some of the most popular mountain destinations in the Alps, but also because of its many Roman ruins. \u272a Arch of Augustus The Arch of Augustus (Arco di Augusto\/Arc d&#8217;Auguste) is a Roman arch erected in 25 BCE, and it is considered a symbol of Aosta. The monument was built to celebrate the Roman victory over the Salassi, and it is located on the eastern side of the old city. Address: Piazza Arco D&#8217;Augusto, 11100 Aosta AOCoordinates: 45.7393, 7.3281 Google Maps \u272a Roman Theater of Aosta The Roman Theater of Aosta (Teatro Romano di Aosta\/Th\u00e9\u00e2tre Romain d&#8217;Aoste) was built during the reign of Augustus and it is located right in the center of the city. Various ruins of the once important theater can be seen now, including a large section of the southern facade. Just north of the theater there was once an amphitheater, but now the only few surviving parts are incorporated into some later buildings. The medieval tower known as Tour Fromage stands just east of the Roman Theater. Address: Via Porta Pretoria, 1, 11100 Aosta AOCoordinates: 45.7385, 7.3224 Google Maps Regional Archaeological Museum of Aosta Valley The Regional Archaeological Museum of Aosta Valley (Museo Archeologico Regionale della Valle d&#8217;Aosta\/Mus\u00e9e Arch\u00e9ologique R\u00e9gional de la Vall\u00e9e d&#8217;Aoste) houses numerous archaeological findings from the region, dating from prehistory to the Middle Ages. The collection includes various objects from the Roman period, and it features a model of the ancient Roman city of Augusta Praetoria Salassorum. Address: Piazza Pierre-Leonard Roncas, 12, 11100 Aosta AOCoordinates: 45.7386, 7.3161 Google Maps Ponte di Pietra\/Pont de Pierre Also known as: Roman Bridge (Ponte Romano\/Pont Romain) The Ponte di Pietra\/Pont de Pierre (&#8220;Stone Bridge&#8221;) is a Roman bridge located just east of the Arch of Augustus and built during the reign of Augustus. The bridge used to cross the Buthier river, which later changed its course. Despite this, the bridge is still used today. Address: Via Ponte Romano, 12, 11100 Aosta AOCoordinates: 45.7398, 7.3299 Google Maps Porta Praetoria Porta Praetoria is the ancient eastern gate of Aosta, and it is still well preserved. The gate was erected in 25 BCE, while the adjacent towers were reworked during the Middle Ages. Porta Pretoria is the only surviving Roman gate of Aosta, while the other ones have been demolished over the centuries. Address: Piazza Porta Pretoria, 11100 Aosta AOCoordinates: 45.7379, 7.3234 Google Maps Walls of Aosta Some sections of the ancient Roman Walls of Aosta, can still be seen surrounding the old town. The walls include some medieval towers such as the Torre dei Balivi\/Tour du Bailliage, located at the northeastern corner of the walls. The southern section of the walls is interrupted by the Bramafam Castle (Castello di Bramafam\/Ch\u00e2teau de Bramafam), a 13th-century fortification that once served as the residence of local noble families. Address: Via Monte Solarolo, 1, 11100 Aosta AOCoordinates: 45.7374, 7.3139 Google Maps Aosta Cathedral The Aosta Cathedral is the main religious site in the city. The current church was erected in the 11th century in Romanesque style, but it has been heavily reworked with Renaissance and Neoclassical additions. The Cathedral features two Romanesque bell towers and a Neoclassical facade with rich 16th-century decorations. A few more artworks and frescoes are located inside the church. A museum of religious art is also located in the Cathedral. The church stands in the center of the old town and close to the ancient ruins of the Roman Forum and the Roman Cryptoporticus. Address: Piazza Papa Giovanni XXIII, 11100 Aosta AOCoordinates: 45.7381, 7.3178 Google Maps Collegiate Church of Saint Ursus The Collegiate Church of Saint Ursus (Collegiata di Sant&#8217;Orso\/Coll\u00e9giale de Saint-Ours) is a Romanesque church originally erected in the 9th century and later reworked several times. The church is flanked by an imposing bell tower, but it is mostly notable for its decorated interiors, which feature numerous medieval frescoes. A cloister housing more Romanesque decorations is located next to the church. Address: Via Sant&#8217;Orso, 14, 11100 Aosta AOCoordinates: 45.7393, 7.3251 Google Maps<\/p>\n","protected":false},"author":1,"featured_media":0,"parent":932,"menu_order":0,"comment_status":"closed","ping_status":"closed","template":"","meta":{"_editorskit_title_hidden":false,"_editorskit_reading_time":3,"_editorskit_is_block_options_detached":false,"_editorskit_block_options_position":"{}","om_disable_all_campaigns":false,"_uag_custom_page_level_css":"","advgb_blocks_editor_width":"","advgb_blocks_columns_visual_guide":"","_monsterinsights_skip_tracking":false,"_monsterinsights_sitenote_active":false,"_monsterinsights_sitenote_note":"","_monsterinsights_sitenote_category":0,"footnotes":""},"class_list":["post-3947","page","type-page","status-publish","hentry"],"aioseo_notices":[],"featured_image_src":null,"uagb_featured_image_src":{"full":false,"thumbnail":false,"medium":false,"medium_large":false,"large":false,"1536x1536":false,"2048x2048":false,"trp-custom-language-flag":false,"xs-thumb":false,"post-thumbnail":false,"minimalistblogger-grid":false,"minimalistblogger-slider":false,"minimalistblogger-small":false},"uagb_author_info":{"display_name":"Stefano Cammisa","author_link":"https:\/\/www.cosmundus.com\/en\/author\/stefano-cammisa\/"},"uagb_comment_info":0,"uagb_excerpt":"&lt;&lt; Aosta Valley Aosta (Aoste in French) is the capital and largest city of Aosta Valley. The region was originally inhabited by the Salassi and later taken by the Romans, who founded the city as Augusta Praetoria Salassorum. The town became an important stop on the road connecting the Po Valley with Gaul, keeping this&hellip;","coauthors":[],"author_meta":{"author_link":"https:\/\/www.cosmundus.com\/en\/author\/stefano-cammisa\/","display_name":"Stefano Cammisa"},"relative_dates":{"created":"Posted 3 years ago","modified":"Updated 2 years ago"},"absolute_dates":{"created":"Posted on July 11, 2023","modified":"Updated on March 1, 2024"},"absolute_dates_time":{"created":"Posted on July 11, 2023 10:20 am","modified":"Updated on March 1, 2024 10:26 am"},"featured_img_caption":"","featured_img":false,"series_order":"","_links":{"self":[{"href":"https:\/\/www.cosmundus.com\/en\/wp-json\/wp\/v2\/pages\/3947","targetHints":{"allow":["GET"]}}],"collection":[{"href":"https:\/\/www.cosmundus.com\/en\/wp-json\/wp\/v2\/pages"}],"about":[{"href":"https:\/\/www.cosmundus.com\/en\/wp-json\/wp\/v2\/types\/page"}],"author":[{"embeddable":true,"href":"https:\/\/www.cosmundus.com\/en\/wp-json\/wp\/v2\/users\/1"}],"replies":[{"embeddable":true,"href":"https:\/\/www.cosmundus.com\/en\/wp-json\/wp\/v2\/comments?post=3947"}],"version-history":[{"count":19,"href":"https:\/\/www.cosmundus.com\/en\/wp-json\/wp\/v2\/pages\/3947\/revisions"}],"predecessor-version":[{"id":9628,"href":"https:\/\/www.cosmundus.com\/en\/wp-json\/wp\/v2\/pages\/3947\/revisions\/9628"}],"up":[{"embeddable":true,"href":"https:\/\/www.cosmundus.com\/en\/wp-json\/wp\/v2\/pages\/932"}],"wp:attachment":[{"href":"https:\/\/www.cosmundus.com\/en\/wp-json\/wp\/v2\/media?parent=3947"}],"curies":[{"name":"wp","href":"https:\/\/api.w.org\/{rel}","templated":true}]}}